{"id":31423,"date":"2026-03-24T01:27:53","date_gmt":"2026-03-24T01:27:53","guid":{"rendered":"https:\/\/108giahoa.com\/?post_type=product&#038;p=31423"},"modified":"2026-03-24T01:27:54","modified_gmt":"2026-03-24T01:27:54","slug":"tu-sat-hien-dai","status":"publish","type":"product","link":"https:\/\/108giahoa.com\/?product=tu-sat-hien-dai","title":{"rendered":"T\u1ee6 S\u1eaeT HI\u1ec6N \u0110\u1ea0I"},"content":{"rendered":"<p>T\u1ee7 s\u1eaft s\u01a1n t\u0129nh \u0111i\u1ec7n g\u1ed3m 4 khoang: 1 khoang c\u00e1nh k\u00ednh m\u1edf c\u00f3 2 \u0111\u1ee3t di \u0111\u1ed9ng, 1 khoang g\u1ed3m hai c\u00e1nh s\u1eaft m\u1edf c\u00f3 v\u00e1ch d\u1ecdc, 2 khoang c\u00e1nh s\u1eaft d\u00e0i 2 b\u00ean trong c\u00f3 1 su\u1ed1t treo qu\u1ea7n \u00e1o, 2 \u0111\u1ee3t di \u0111\u1ed9ng<\/p>\n<p>KT: W1800 x D450 x H1830 mm<\/p>\n<p>Dung sai k\u00edch th\u01b0\u1edbc: \u00b1 3 (mm)<\/p>\n<p>(L\u01b0u \u00fd: M\u00e0u s\u1eafc hi\u1ec3n th\u1ecb tr\u00ean website c\u00f3 th\u1ec3 kh\u00f4ng ch\u00ednh x\u00e1c do ch\u1ee5p \u1ea3nh, ho\u1eb7c m\u00f4 ph\u1ecfng b\u1eb1ng \u1ea3nh 3D.<\/p>\n","protected":false},"excerpt":{"rendered":"<p>T\u1ee7 s\u1eaft s\u01a1n t\u0129nh \u0111i\u1ec7n g\u1ed3m 4 khoang: 1 khoang c\u00e1nh k\u00ednh m\u1edf c\u00f3 2 \u0111\u1ee3t di \u0111\u1ed9ng, 1 khoang<\/p>\n","protected":false},"featured_media":31424,"comment_status":"open","ping_status":"closed","template":"","meta":[],"product_brand":[120],"product_cat":[77],"product_tag":[],"class_list":{"0":"post-31423","1":"product","2":"type-product","3":"status-publish","4":"has-post-thumbnail","6":"product_brand-tu-ho-so","7":"product_cat-noi-that-van-phong-truong-hoc","9":"first","10":"instock","11":"shipping-taxable","12":"product-type-simple"},"_links":{"self":[{"href":"https:\/\/108giahoa.com\/index.php?rest_route=\/wp\/v2\/product\/31423","targetHints":{"allow":["GET"]}}],"collection":[{"href":"https:\/\/108giahoa.com\/index.php?rest_route=\/wp\/v2\/product"}],"about":[{"href":"https:\/\/108giahoa.com\/index.php?rest_route=\/wp\/v2\/types\/product"}],"replies":[{"embeddable":true,"href":"https:\/\/108giahoa.com\/index.php?rest_route=%2Fwp%2Fv2%2Fcomments&post=31423"}],"version-history":[{"count":1,"href":"https:\/\/108giahoa.com\/index.php?rest_route=\/wp\/v2\/product\/31423\/revisions"}],"predecessor-version":[{"id":31425,"href":"https:\/\/108giahoa.com\/index.php?rest_route=\/wp\/v2\/product\/31423\/revisions\/31425"}],"wp:featuredmedia":[{"embeddable":true,"href":"https:\/\/108giahoa.com\/index.php?rest_route=\/wp\/v2\/media\/31424"}],"wp:attachment":[{"href":"https:\/\/108giahoa.com\/index.php?rest_route=%2Fwp%2Fv2%2Fmedia&parent=31423"}],"wp:term":[{"taxonomy":"product_brand","embeddable":true,"href":"https:\/\/108giahoa.com\/index.php?rest_route=%2Fwp%2Fv2%2Fproduct_brand&post=31423"},{"taxonomy":"product_cat","embeddable":true,"href":"https:\/\/108giahoa.com\/index.php?rest_route=%2Fwp%2Fv2%2Fproduct_cat&post=31423"},{"taxonomy":"product_tag","embeddable":true,"href":"https:\/\/108giahoa.com\/index.php?rest_route=%2Fwp%2Fv2%2Fproduct_tag&post=31423"}],"curies":[{"name":"wp","href":"https:\/\/api.w.org\/{rel}","templated":true}]}}