{"id":31426,"date":"2026-03-24T01:47:59","date_gmt":"2026-03-24T01:47:59","guid":{"rendered":"https:\/\/108giahoa.com\/?post_type=product&#038;p=31426"},"modified":"2026-03-24T01:48:00","modified_gmt":"2026-03-24T01:48:00","slug":"tu-treo-chia-khoa-60-chia-tk60","status":"publish","type":"product","link":"https:\/\/108giahoa.com\/?product=tu-treo-chia-khoa-60-chia-tk60","title":{"rendered":"T\u1ee6 TREO CH\u00ccA KH\u00d3A 60 CH\u00ccA TK60"},"content":{"rendered":"<p>K\u00edch th\u01b0\u1edbc c\u1ee7a t\u1ee7 \u0111\u01b0\u1ee3c thi\u1ebft k\u1ebf h\u1ee3p l\u00fd, kh\u00f4ng qu\u00e1 l\u1edbn nh\u01b0ng c\u0169ng \u0111\u1ee7 \u0111\u1ec3 ch\u1ee9a \u0111\u1ebfn 60 ch\u00eca kh\u00f3a. V\u1edbi k\u00edch th\u01b0\u1edbc W350 x D70 x H400 mm, t\u1ee7 c\u00f3 th\u1ec3 d\u1ec5 d\u00e0ng l\u1eafp \u0111\u1eb7t \u1edf nh\u1eefng v\u1ecb tr\u00ed h\u1ea1n ch\u1ebf m\u00e0 v\u1eabn \u0111\u1ea3m b\u1ea3o t\u00ednh ti\u1ec7n d\u1ee5ng.<\/p>\n<p>S\u1ef1 c\u00e2n \u0111\u1ed1i trong k\u00edch th\u01b0\u1edbc c\u0169ng khi\u1ebfn t\u1ee7 kh\u00f4ng chi\u1ebfm nhi\u1ec1u kh\u00f4ng gian, gi\u00fap v\u0103n ph\u00f2ng c\u1ee7a b\u1ea1n lu\u00f4n g\u1ecdn g\u00e0ng v\u00e0 ng\u0103n n\u1eafp.<\/p>\n<h3>S\u1ed1 l\u01b0\u1ee3ng m\u00f3c treo: 60 m\u00f3c.<\/h3>\n<h3>Ch\u1ea5t li\u1ec7u: Th\u00e9p s\u01a1n t\u0129nh \u0111i\u1ec7n.<\/h3>\n","protected":false},"excerpt":{"rendered":"<p>K\u00edch th\u01b0\u1edbc c\u1ee7a t\u1ee7 \u0111\u01b0\u1ee3c thi\u1ebft k\u1ebf h\u1ee3p l\u00fd, kh\u00f4ng qu\u00e1 l\u1edbn nh\u01b0ng c\u0169ng \u0111\u1ee7 \u0111\u1ec3 ch\u1ee9a \u0111\u1ebfn 60 ch\u00eca<\/p>\n","protected":false},"featured_media":31427,"comment_status":"open","ping_status":"closed","template":"","meta":[],"product_brand":[172],"product_cat":[77],"product_tag":[],"class_list":{"0":"post-31426","1":"product","2":"type-product","3":"status-publish","4":"has-post-thumbnail","6":"product_brand-tu-cac-loai","7":"product_cat-noi-that-van-phong-truong-hoc","9":"first","10":"instock","11":"shipping-taxable","12":"product-type-simple"},"_links":{"self":[{"href":"https:\/\/108giahoa.com\/index.php?rest_route=\/wp\/v2\/product\/31426","targetHints":{"allow":["GET"]}}],"collection":[{"href":"https:\/\/108giahoa.com\/index.php?rest_route=\/wp\/v2\/product"}],"about":[{"href":"https:\/\/108giahoa.com\/index.php?rest_route=\/wp\/v2\/types\/product"}],"replies":[{"embeddable":true,"href":"https:\/\/108giahoa.com\/index.php?rest_route=%2Fwp%2Fv2%2Fcomments&post=31426"}],"version-history":[{"count":1,"href":"https:\/\/108giahoa.com\/index.php?rest_route=\/wp\/v2\/product\/31426\/revisions"}],"predecessor-version":[{"id":31428,"href":"https:\/\/108giahoa.com\/index.php?rest_route=\/wp\/v2\/product\/31426\/revisions\/31428"}],"wp:featuredmedia":[{"embeddable":true,"href":"https:\/\/108giahoa.com\/index.php?rest_route=\/wp\/v2\/media\/31427"}],"wp:attachment":[{"href":"https:\/\/108giahoa.com\/index.php?rest_route=%2Fwp%2Fv2%2Fmedia&parent=31426"}],"wp:term":[{"taxonomy":"product_brand","embeddable":true,"href":"https:\/\/108giahoa.com\/index.php?rest_route=%2Fwp%2Fv2%2Fproduct_brand&post=31426"},{"taxonomy":"product_cat","embeddable":true,"href":"https:\/\/108giahoa.com\/index.php?rest_route=%2Fwp%2Fv2%2Fproduct_cat&post=31426"},{"taxonomy":"product_tag","embeddable":true,"href":"https:\/\/108giahoa.com\/index.php?rest_route=%2Fwp%2Fv2%2Fproduct_tag&post=31426"}],"curies":[{"name":"wp","href":"https:\/\/api.w.org\/{rel}","templated":true}]}}