{"id":31429,"date":"2026-03-24T01:51:32","date_gmt":"2026-03-24T01:51:32","guid":{"rendered":"https:\/\/108giahoa.com\/?post_type=product&#038;p=31429"},"modified":"2026-03-24T01:51:33","modified_gmt":"2026-03-24T01:51:33","slug":"tu-thu-vien-di-dong-mcf2","status":"publish","type":"product","link":"https:\/\/108giahoa.com\/?product=tu-thu-vien-di-dong-mcf2","title":{"rendered":"T\u1ee6 TH\u01af VI\u1ec6N DI \u0110\u1ed8NG MCF2"},"content":{"rendered":"<h2>Th\u00f4ng s\u1ed1 k\u1ef9 thu\u1eadt<\/h2>\n<ul>\n<li><strong>K\u00edch th\u01b0\u1edbc t\u1ed5ng th\u1ec3<\/strong>: W2000 x D1200 x H2115 mm (Dung sai \u00b1 5mm)<\/li>\n<li><strong>C\u1ea5u tr\u00fac<\/strong>: 4 khoang, m\u1ed7i khoang c\u00f3 4 \u0111\u1ee3t di \u0111\u1ed9ng t\u1ea1o th\u00e0nh 5 t\u1ea7ng \u0111\u1ec3 t\u00e0i li\u1ec7u<\/li>\n<li><strong>Th\u00e0nh ph\u1ea7n<\/strong>: G\u1ed3m gi\u00e1 \u0111\u01a1n c\u1ed1 \u0111\u1ecbnh, gi\u00e1 \u0111\u01a1n di \u0111\u1ed9ng (1 khoang) v\u00e0 gi\u00e1 k\u00e9p di \u0111\u1ed9ng (2 m\u1eb7t \u0111\u1ec3 t\u00e0i li\u1ec7u)<\/li>\n<li><strong>H\u1ec7 th\u1ed1ng kh\u00f3a<\/strong>: 1 kh\u00f3a \u0111\u1ec3 c\u1ed1 \u0111\u1ecbnh c\u00e1c khoang \u1edf v\u1ecb tr\u00ed \u0111\u00f3ng<\/li>\n<li><strong>Ch\u1ea5t li\u1ec7u<\/strong>: Th\u00e9p cao c\u1ea5p s\u01a1n t\u0129nh \u0111i\u1ec7n b\u1ec1n \u0111\u1eb9p<\/li>\n<li><strong>M\u00e0u s\u1eafc<\/strong>: C\u00f3 nhi\u1ec1u l\u1ef1a ch\u1ecdn theo ti\u00eau chu\u1ea9n c\u1ee7a nh\u00e0 s\u1ea3n xu\u1ea5t<\/li>\n<\/ul>\n<h2>\u1ee8ng d\u1ee5ng c\u1ee7a t\u1ee7 th\u01b0 vi\u1ec7n di \u0111\u1ed9ng trong kh\u00f4ng gian hi\u1ec7n \u0111\u1ea1i<\/h2>\n<p><strong>T\u1ee7 th\u01b0 vi\u1ec7n di \u0111\u1ed9ng MCF2<\/strong>\u00a0kh\u00f4ng ch\u1ec9 l\u00e0 gi\u1ea3i ph\u00e1p l\u01b0u tr\u1eef th\u00f4ng minh m\u00e0 c\u00f2n l\u00e0 xu h\u01b0\u1edbng \u0111\u01b0\u1ee3c \u01b0a chu\u1ed9ng trong\u00a0<a href=\"https:\/\/theonecantho.vn\/noi-that-van-phong-tai-can-tho-xu-huong-va-giai-phap-hien-dai\" target=\"_blank\" rel=\"noopener\">xu h\u01b0\u1edbng n\u1ed9i th\u1ea5t v\u0103n ph\u00f2ng hi\u1ec7n \u0111\u1ea1i<\/a>. S\u1ea3n ph\u1ea9m ph\u00f9 h\u1ee3p v\u1edbi nhi\u1ec1u kh\u00f4ng gian kh\u00e1c nhau:<\/p>\n<ol>\n<li><strong>Th\u01b0 vi\u1ec7n tr\u01b0\u1eddng h\u1ecdc<\/strong>: T\u1ed1i \u01b0u h\u00f3a kh\u00f4ng gian l\u01b0u tr\u1eef s\u00e1ch, t\u1ea1o m\u00f4i tr\u01b0\u1eddng h\u1ecdc t\u1eadp hi\u1ec7n \u0111\u1ea1i cho h\u1ecdc sinh, sinh vi\u00ean.<\/li>\n<li><strong>V\u0103n ph\u00f2ng c\u00f4ng ty<\/strong>: L\u01b0u tr\u1eef h\u1ed3 s\u01a1, t\u00e0i li\u1ec7u m\u1ed9t c\u00e1ch khoa h\u1ecdc, d\u1ec5 d\u00e0ng truy xu\u1ea5t khi c\u1ea7n thi\u1ebft.<\/li>\n<li><strong>C\u01a1 quan h\u00e0nh ch\u00ednh<\/strong>: Qu\u1ea3n l\u00fd t\u00e0i li\u1ec7u, c\u00f4ng v\u0103n, gi\u1ea5y t\u1edd quan tr\u1ecdng m\u1ed9t c\u00e1ch an to\u00e0n v\u00e0 ng\u0103n n\u1eafp.<\/li>\n<li><strong>Trung t\u00e2m nghi\u00ean c\u1ee9u<\/strong>: B\u1ea3o qu\u1ea3n t\u00e0i li\u1ec7u nghi\u00ean c\u1ee9u, b\u00e1o c\u00e1o khoa h\u1ecdc trong m\u00f4i tr\u01b0\u1eddng ng\u0103n n\u1eafp, khoa h\u1ecdc.<\/li>\n<\/ol>\n<p>K\u1ebft h\u1ee3p v\u1edbi c\u00e1c\u00a0<a href=\"https:\/\/theonecantho.vn\/tu-ho-so-sat\" target=\"_blank\" rel=\"noopener\">t\u1ee7 h\u1ed3 s\u01a1 s\u1eaft<\/a>\u00a0ho\u1eb7c\u00a0<a href=\"https:\/\/theonecantho.vn\/gia-sat-de-tai-lieu\" target=\"_blank\" rel=\"noopener\">gi\u00e1 s\u1eaft \u0111\u1ec3 t\u00e0i li\u1ec7u<\/a>,\u00a0<a href=\"https:\/\/theonecantho.vn\/tu-thu-vien-di-dong\" target=\"_blank\" rel=\"noopener\"><strong>t\u1ee7 th\u01b0 vi\u1ec7n di \u0111\u1ed9ng<\/strong><\/a>\u00a0s\u1ebd t\u1ea1o n\u00ean h\u1ec7 th\u1ed1ng l\u01b0u tr\u1eef ho\u00e0n ch\u1ec9nh cho m\u1ecdi kh\u00f4ng gian l\u00e0m vi\u1ec7c.<\/p>\n<h2>T\u1ea7m quan tr\u1ecdng c\u1ee7a h\u1ec7 th\u1ed1ng l\u01b0u tr\u1eef t\u00e0i li\u1ec7u hi\u1ec7n \u0111\u1ea1i<\/h2>\n<p>Trong b\u1ed1i c\u1ea3nh s\u1ed1 l\u01b0\u1ee3ng t\u00e0i li\u1ec7u, h\u1ed3 s\u01a1 ng\u00e0y c\u00e0ng t\u0103ng t\u1ea1i c\u00e1c v\u0103n ph\u00f2ng v\u00e0 th\u01b0 vi\u1ec7n,\u00a0<a href=\"https:\/\/theonecantho.vn\/tam-quan-trong-cua-tu-tai-lieu-trong-van-phong\" target=\"_blank\" rel=\"noopener\">t\u1ea7m quan tr\u1ecdng c\u1ee7a t\u1ee7 t\u00e0i li\u1ec7u v\u0103n ph\u00f2ng<\/a>\u00a0kh\u00f4ng th\u1ec3 ph\u1ee7 nh\u1eadn.\u00a0<strong>T\u1ee7 th\u01b0 vi\u1ec7n di \u0111\u1ed9ng MCF2<\/strong>\u00a0mang l\u1ea1i nhi\u1ec1u l\u1ee3i \u00edch thi\u1ebft th\u1ef1c:<\/p>\n<ul>\n<li><strong>B\u1ea3o v\u1ec7 t\u00e0i li\u1ec7u<\/strong>: T\u1ee7 gi\u00fap b\u1ea3o qu\u1ea3n t\u00e0i li\u1ec7u kh\u1ecfi b\u1ee5i b\u1ea9n, \u1ea9m m\u1ed1c v\u00e0 c\u00e1c t\u00e1c nh\u00e2n m\u00f4i tr\u01b0\u1eddng kh\u00e1c, k\u00e9o d\u00e0i tu\u1ed5i th\u1ecd c\u1ee7a t\u00e0i li\u1ec7u.<\/li>\n<li><strong>T\u1ed5 ch\u1ee9c khoa h\u1ecdc<\/strong>: H\u1ec7 th\u1ed1ng t\u1ee7 cho ph\u00e9p ph\u00e2n lo\u1ea1i, s\u1eafp x\u1ebfp t\u00e0i li\u1ec7u theo nhi\u1ec1u ti\u00eau ch\u00ed kh\u00e1c nhau, gi\u00fap d\u1ec5 d\u00e0ng t\u00ecm ki\u1ebfm khi c\u1ea7n.<\/li>\n<li><strong>T\u1ed1i \u01b0u h\u00f3a kh\u00f4ng gian<\/strong>: \u0110\u1eb7c bi\u1ec7t quan tr\u1ecdng v\u1edbi nh\u1eefng v\u0103n ph\u00f2ng c\u00f3 di\u1ec7n t\u00edch h\u1ea1n ch\u1ebf, gi\u00fap t\u1eadn d\u1ee5ng t\u1ed1i \u0111a kh\u00f4ng gian s\u1eb5n c\u00f3.<\/li>\n<li><strong>T\u0103ng hi\u1ec7u qu\u1ea3 l\u00e0m vi\u1ec7c<\/strong>: Nh\u00e2n vi\u00ean kh\u00f4ng ph\u1ea3i m\u1ea5t th\u1eddi gian t\u00ecm ki\u1ebfm t\u00e0i li\u1ec7u, t\u1eeb \u0111\u00f3 n\u00e2ng cao hi\u1ec7u su\u1ea5t c\u00f4ng vi\u1ec7c.<\/li>\n<\/ul>\n","protected":false},"excerpt":{"rendered":"<p>Th\u00f4ng s\u1ed1 k\u1ef9 thu\u1eadt K\u00edch th\u01b0\u1edbc t\u1ed5ng th\u1ec3: W2000 x D1200 x H2115 mm (Dung sai \u00b1 5mm) C\u1ea5u tr\u00fac:<\/p>\n","protected":false},"featured_media":31430,"comment_status":"open","ping_status":"closed","template":"","meta":[],"product_brand":[172,120],"product_cat":[77],"product_tag":[],"class_list":{"0":"post-31429","1":"product","2":"type-product","3":"status-publish","4":"has-post-thumbnail","6":"product_brand-tu-cac-loai","7":"product_brand-tu-ho-so","8":"product_cat-noi-that-van-phong-truong-hoc","10":"first","11":"instock","12":"shipping-taxable","13":"product-type-simple"},"_links":{"self":[{"href":"https:\/\/108giahoa.com\/index.php?rest_route=\/wp\/v2\/product\/31429","targetHints":{"allow":["GET"]}}],"collection":[{"href":"https:\/\/108giahoa.com\/index.php?rest_route=\/wp\/v2\/product"}],"about":[{"href":"https:\/\/108giahoa.com\/index.php?rest_route=\/wp\/v2\/types\/product"}],"replies":[{"embeddable":true,"href":"https:\/\/108giahoa.com\/index.php?rest_route=%2Fwp%2Fv2%2Fcomments&post=31429"}],"version-history":[{"count":1,"href":"https:\/\/108giahoa.com\/index.php?rest_route=\/wp\/v2\/product\/31429\/revisions"}],"predecessor-version":[{"id":31431,"href":"https:\/\/108giahoa.com\/index.php?rest_route=\/wp\/v2\/product\/31429\/revisions\/31431"}],"wp:featuredmedia":[{"embeddable":true,"href":"https:\/\/108giahoa.com\/index.php?rest_route=\/wp\/v2\/media\/31430"}],"wp:attachment":[{"href":"https:\/\/108giahoa.com\/index.php?rest_route=%2Fwp%2Fv2%2Fmedia&parent=31429"}],"wp:term":[{"taxonomy":"product_brand","embeddable":true,"href":"https:\/\/108giahoa.com\/index.php?rest_route=%2Fwp%2Fv2%2Fproduct_brand&post=31429"},{"taxonomy":"product_cat","embeddable":true,"href":"https:\/\/108giahoa.com\/index.php?rest_route=%2Fwp%2Fv2%2Fproduct_cat&post=31429"},{"taxonomy":"product_tag","embeddable":true,"href":"https:\/\/108giahoa.com\/index.php?rest_route=%2Fwp%2Fv2%2Fproduct_tag&post=31429"}],"curies":[{"name":"wp","href":"https:\/\/api.w.org\/{rel}","templated":true}]}}