{"id":31435,"date":"2026-03-24T02:00:31","date_gmt":"2026-03-24T02:00:31","guid":{"rendered":"https:\/\/108giahoa.com\/?post_type=product&#038;p=31435"},"modified":"2026-03-24T02:00:31","modified_gmt":"2026-03-24T02:00:31","slug":"tu-tai-lieu-hr-hr1960-3k","status":"publish","type":"product","link":"https:\/\/108giahoa.com\/?product=tu-tai-lieu-hr-hr1960-3k","title":{"rendered":"T\u1ee6 T\u00c0I LI\u1ec6U HR HR1960-3K"},"content":{"rendered":"<p>T\u1ee7 t\u00e0i li\u1ec7u 3 khoang g\u1ed3m 2 khoang c\u00e1nh m\u1edf v\u00e0 1 khoang d\u00e0i \u0111\u1ec3 t\u00e0i li\u1ec7u.<\/p>\n<p>Ph\u00eda d\u01b0\u1edbi c\u00e1c khoang c\u00f3 3 ng\u0103n k\u00e9o v\u00e0 2 c\u00e1nh m\u1edf.<br \/>\nKT: W1796 x D400 x D1960 mm<\/p>\n<p>Dung sai k\u00edch th\u01b0\u1edbc: \u00b1 5 (mm)<\/p>\n<p>(L\u01b0u \u00fd: M\u00e0u s\u1eafc hi\u1ec3n th\u1ecb tr\u00ean website c\u00f3 th\u1ec3 kh\u00f4ng ch\u00ednh x\u00e1c do ch\u1ee5p \u1ea3nh, ho\u1eb7c m\u00f4 ph\u1ecfng b\u1eb1ng \u1ea3nh 3D.<\/p>\n<p>Kh\u00e1ch h\u00e0ng vui l\u00f2ng ki\u1ec3m tra x\u00e1c nh\u1eadn m\u00e0u s\u1eafc tr\u01b0\u1edbc khi \u0111\u1eb7t h\u00e0ng)<\/p>\n","protected":false},"excerpt":{"rendered":"<p>T\u1ee7 t\u00e0i li\u1ec7u 3 khoang g\u1ed3m 2 khoang c\u00e1nh m\u1edf v\u00e0 1 khoang d\u00e0i \u0111\u1ec3 t\u00e0i li\u1ec7u. Ph\u00eda d\u01b0\u1edbi c\u00e1c<\/p>\n","protected":false},"featured_media":31436,"comment_status":"open","ping_status":"closed","template":"","meta":[],"product_brand":[120],"product_cat":[77],"product_tag":[],"class_list":{"0":"post-31435","1":"product","2":"type-product","3":"status-publish","4":"has-post-thumbnail","6":"product_brand-tu-ho-so","7":"product_cat-noi-that-van-phong-truong-hoc","9":"first","10":"instock","11":"shipping-taxable","12":"product-type-simple"},"_links":{"self":[{"href":"https:\/\/108giahoa.com\/index.php?rest_route=\/wp\/v2\/product\/31435","targetHints":{"allow":["GET"]}}],"collection":[{"href":"https:\/\/108giahoa.com\/index.php?rest_route=\/wp\/v2\/product"}],"about":[{"href":"https:\/\/108giahoa.com\/index.php?rest_route=\/wp\/v2\/types\/product"}],"replies":[{"embeddable":true,"href":"https:\/\/108giahoa.com\/index.php?rest_route=%2Fwp%2Fv2%2Fcomments&post=31435"}],"version-history":[{"count":1,"href":"https:\/\/108giahoa.com\/index.php?rest_route=\/wp\/v2\/product\/31435\/revisions"}],"predecessor-version":[{"id":31437,"href":"https:\/\/108giahoa.com\/index.php?rest_route=\/wp\/v2\/product\/31435\/revisions\/31437"}],"wp:featuredmedia":[{"embeddable":true,"href":"https:\/\/108giahoa.com\/index.php?rest_route=\/wp\/v2\/media\/31436"}],"wp:attachment":[{"href":"https:\/\/108giahoa.com\/index.php?rest_route=%2Fwp%2Fv2%2Fmedia&parent=31435"}],"wp:term":[{"taxonomy":"product_brand","embeddable":true,"href":"https:\/\/108giahoa.com\/index.php?rest_route=%2Fwp%2Fv2%2Fproduct_brand&post=31435"},{"taxonomy":"product_cat","embeddable":true,"href":"https:\/\/108giahoa.com\/index.php?rest_route=%2Fwp%2Fv2%2Fproduct_cat&post=31435"},{"taxonomy":"product_tag","embeddable":true,"href":"https:\/\/108giahoa.com\/index.php?rest_route=%2Fwp%2Fv2%2Fproduct_tag&post=31435"}],"curies":[{"name":"wp","href":"https:\/\/api.w.org\/{rel}","templated":true}]}}