{"id":31441,"date":"2026-03-24T02:04:38","date_gmt":"2026-03-24T02:04:38","guid":{"rendered":"https:\/\/108giahoa.com\/?post_type=product&#038;p=31441"},"modified":"2026-03-24T02:04:38","modified_gmt":"2026-03-24T02:04:38","slug":"tu-tai-lieu-son-pu","status":"publish","type":"product","link":"https:\/\/108giahoa.com\/?product=tu-tai-lieu-son-pu","title":{"rendered":"T\u1ee7 t\u00e0i li\u1ec7u s\u01a1n PU"},"content":{"rendered":"<h2>Th\u00f4ng S\u1ed1 K\u1ef9 Thu\u1eadt T\u1ee7 T\u00e0i Li\u1ec7u S\u01a1n PU-R DC840H1R<\/h2>\n<p>\u0110\u1ec3 hi\u1ec3u r\u00f5 h\u01a1n v\u1ec1 s\u1ea3n ph\u1ea9m, ch\u00fang ta h\u00e3y c\u00f9ng xem qua c\u00e1c th\u00f4ng s\u1ed1 k\u1ef9 thu\u1eadt c\u1ee7a\u00a0<strong>T\u1ee7 T\u00e0i Li\u1ec7u S\u01a1n PU-R DC840H1R<\/strong>.<\/p>\n<p>M\u00e3 s\u1ea3n ph\u1ea9m: DC840H1R<\/p>\n<p>K\u00edch th\u01b0\u1edbc: W800 x D400 x H2000 (mm)<\/p>\n<p>Ch\u1ea5t li\u1ec7u: G\u1ed7 c\u00f4ng nghi\u1ec7p cao c\u1ea5p, s\u01a1n PU-R ho\u00e0n thi\u1ec7n.<\/p>\n<p>M\u00e0u s\u1eafc: \u0110a d\u1ea1ng, c\u00f3 th\u1ec3 l\u1ef1a ch\u1ecdn theo b\u1ea3ng m\u00e0u ti\u00eau chu\u1ea9n.<\/p>\n<p>&nbsp;<\/p>\n","protected":false},"excerpt":{"rendered":"<p>Th\u00f4ng S\u1ed1 K\u1ef9 Thu\u1eadt T\u1ee7 T\u00e0i Li\u1ec7u S\u01a1n PU-R DC840H1R \u0110\u1ec3 hi\u1ec3u r\u00f5 h\u01a1n v\u1ec1 s\u1ea3n ph\u1ea9m, ch\u00fang ta h\u00e3y<\/p>\n","protected":false},"featured_media":31442,"comment_status":"open","ping_status":"closed","template":"","meta":[],"product_brand":[120],"product_cat":[77],"product_tag":[],"class_list":{"0":"post-31441","1":"product","2":"type-product","3":"status-publish","4":"has-post-thumbnail","6":"product_brand-tu-ho-so","7":"product_cat-noi-that-van-phong-truong-hoc","9":"first","10":"instock","11":"shipping-taxable","12":"product-type-simple"},"_links":{"self":[{"href":"https:\/\/108giahoa.com\/index.php?rest_route=\/wp\/v2\/product\/31441","targetHints":{"allow":["GET"]}}],"collection":[{"href":"https:\/\/108giahoa.com\/index.php?rest_route=\/wp\/v2\/product"}],"about":[{"href":"https:\/\/108giahoa.com\/index.php?rest_route=\/wp\/v2\/types\/product"}],"replies":[{"embeddable":true,"href":"https:\/\/108giahoa.com\/index.php?rest_route=%2Fwp%2Fv2%2Fcomments&post=31441"}],"version-history":[{"count":1,"href":"https:\/\/108giahoa.com\/index.php?rest_route=\/wp\/v2\/product\/31441\/revisions"}],"predecessor-version":[{"id":31443,"href":"https:\/\/108giahoa.com\/index.php?rest_route=\/wp\/v2\/product\/31441\/revisions\/31443"}],"wp:featuredmedia":[{"embeddable":true,"href":"https:\/\/108giahoa.com\/index.php?rest_route=\/wp\/v2\/media\/31442"}],"wp:attachment":[{"href":"https:\/\/108giahoa.com\/index.php?rest_route=%2Fwp%2Fv2%2Fmedia&parent=31441"}],"wp:term":[{"taxonomy":"product_brand","embeddable":true,"href":"https:\/\/108giahoa.com\/index.php?rest_route=%2Fwp%2Fv2%2Fproduct_brand&post=31441"},{"taxonomy":"product_cat","embeddable":true,"href":"https:\/\/108giahoa.com\/index.php?rest_route=%2Fwp%2Fv2%2Fproduct_cat&post=31441"},{"taxonomy":"product_tag","embeddable":true,"href":"https:\/\/108giahoa.com\/index.php?rest_route=%2Fwp%2Fv2%2Fproduct_tag&post=31441"}],"curies":[{"name":"wp","href":"https:\/\/api.w.org\/{rel}","templated":true}]}}