{"id":31444,"date":"2026-03-24T02:09:25","date_gmt":"2026-03-24T02:09:25","guid":{"rendered":"https:\/\/108giahoa.com\/?post_type=product&#038;p=31444"},"modified":"2026-03-24T02:09:25","modified_gmt":"2026-03-24T02:09:25","slug":"tu-sat-de-file-10-ngan-tu10f","status":"publish","type":"product","link":"https:\/\/108giahoa.com\/?product=tu-sat-de-file-10-ngan-tu10f","title":{"rendered":"T\u1ee6 S\u1eaeT \u0110\u1ec2 FILE 10 NG\u0102N TU10F"},"content":{"rendered":"<p>T\u1ee7 s\u1eaft \u0111\u1ec3 file s\u01a1n t\u0129nh \u0111i\u1ec7n g\u1ed3m 10 ng\u0103n k\u00e9o chuy\u1ec3n \u0111\u1ed9ng b\u1eb1ng c\u01a1 c\u1ea5u ray th\u00e9p u\u1ed1n.<\/p>\n<p>C\u00e1c ng\u0103n k\u00e9o d\u00f9ng chung 1 thanh kh\u00f3a d\u00e0n.<\/p>\n<p>KT : W380 x D457 x H918 mm<\/p>\n<p>Dung sai k\u00edch th\u01b0\u1edbc: \u00b1 3 (mm)<\/p>\n<p>(L\u01b0u \u00fd: M\u00e0u s\u1eafc hi\u1ec3n th\u1ecb tr\u00ean website c\u00f3 th\u1ec3 kh\u00f4ng ch\u00ednh x\u00e1c do ch\u1ee5p \u1ea3nh, ho\u1eb7c m\u00f4 ph\u1ecfng b\u1eb1ng \u1ea3nh 3D.<\/p>\n","protected":false},"excerpt":{"rendered":"<p>T\u1ee7 s\u1eaft \u0111\u1ec3 file s\u01a1n t\u0129nh \u0111i\u1ec7n g\u1ed3m 10 ng\u0103n k\u00e9o chuy\u1ec3n \u0111\u1ed9ng b\u1eb1ng c\u01a1 c\u1ea5u ray th\u00e9p u\u1ed1n. C\u00e1c<\/p>\n","protected":false},"featured_media":31445,"comment_status":"open","ping_status":"closed","template":"","meta":[],"product_brand":[172],"product_cat":[77],"product_tag":[],"class_list":{"0":"post-31444","1":"product","2":"type-product","3":"status-publish","4":"has-post-thumbnail","6":"product_brand-tu-cac-loai","7":"product_cat-noi-that-van-phong-truong-hoc","9":"first","10":"instock","11":"shipping-taxable","12":"product-type-simple"},"_links":{"self":[{"href":"https:\/\/108giahoa.com\/index.php?rest_route=\/wp\/v2\/product\/31444","targetHints":{"allow":["GET"]}}],"collection":[{"href":"https:\/\/108giahoa.com\/index.php?rest_route=\/wp\/v2\/product"}],"about":[{"href":"https:\/\/108giahoa.com\/index.php?rest_route=\/wp\/v2\/types\/product"}],"replies":[{"embeddable":true,"href":"https:\/\/108giahoa.com\/index.php?rest_route=%2Fwp%2Fv2%2Fcomments&post=31444"}],"version-history":[{"count":1,"href":"https:\/\/108giahoa.com\/index.php?rest_route=\/wp\/v2\/product\/31444\/revisions"}],"predecessor-version":[{"id":31446,"href":"https:\/\/108giahoa.com\/index.php?rest_route=\/wp\/v2\/product\/31444\/revisions\/31446"}],"wp:featuredmedia":[{"embeddable":true,"href":"https:\/\/108giahoa.com\/index.php?rest_route=\/wp\/v2\/media\/31445"}],"wp:attachment":[{"href":"https:\/\/108giahoa.com\/index.php?rest_route=%2Fwp%2Fv2%2Fmedia&parent=31444"}],"wp:term":[{"taxonomy":"product_brand","embeddable":true,"href":"https:\/\/108giahoa.com\/index.php?rest_route=%2Fwp%2Fv2%2Fproduct_brand&post=31444"},{"taxonomy":"product_cat","embeddable":true,"href":"https:\/\/108giahoa.com\/index.php?rest_route=%2Fwp%2Fv2%2Fproduct_cat&post=31444"},{"taxonomy":"product_tag","embeddable":true,"href":"https:\/\/108giahoa.com\/index.php?rest_route=%2Fwp%2Fv2%2Fproduct_tag&post=31444"}],"curies":[{"name":"wp","href":"https:\/\/api.w.org\/{rel}","templated":true}]}}