{"id":31453,"date":"2026-03-24T02:52:00","date_gmt":"2026-03-24T02:52:00","guid":{"rendered":"https:\/\/108giahoa.com\/?post_type=product&#038;p=31453"},"modified":"2026-03-24T02:52:01","modified_gmt":"2026-03-24T02:52:01","slug":"tu-treo-chia-khoa-200-chia-tk200","status":"publish","type":"product","link":"https:\/\/108giahoa.com\/?product=tu-treo-chia-khoa-200-chia-tk200","title":{"rendered":"T\u1ee6 TREO CH\u00ccA KH\u00d3A 200 CH\u00ccA TK200"},"content":{"rendered":"<p>M\u1ed9t trong nh\u1eefng \u0111i\u1ec3m m\u1ea1nh nh\u1ea5t c\u1ee7a t\u1ee7 treo ch\u00eca kh\u00f3a TK200 ch\u00ednh l\u00e0 kh\u1ea3 n\u0103ng l\u01b0u tr\u1eef l\u00ean \u0111\u1ebfn 200 ch\u00eca kh\u00f3a trong m\u1ed9t kh\u00f4ng gian nh\u1ecf g\u1ecdn. \u0110i\u1ec1u n\u00e0y r\u1ea5t quan tr\u1ecdng \u0111\u1ed1i v\u1edbi c\u00e1c v\u0103n ph\u00f2ng l\u1edbn ho\u1eb7c c\u00e1c c\u01a1 quan c\u1ea7n qu\u1ea3n l\u00fd nhi\u1ec1u ch\u00eca kh\u00f3a kh\u00e1c nhau, ch\u1eb3ng h\u1ea1n nh\u01b0 ch\u00eca kh\u00f3a ph\u00f2ng ban, ch\u00eca kh\u00f3a xe, ho\u1eb7c ch\u00eca kh\u00f3a c\u00e1 nh\u00e2n c\u1ee7a nh\u00e2n vi\u00ean.<\/p>\n","protected":false},"excerpt":{"rendered":"<p>M\u1ed9t trong nh\u1eefng \u0111i\u1ec3m m\u1ea1nh nh\u1ea5t c\u1ee7a t\u1ee7 treo ch\u00eca kh\u00f3a TK200 ch\u00ednh l\u00e0 kh\u1ea3 n\u0103ng l\u01b0u tr\u1eef l\u00ean \u0111\u1ebfn<\/p>\n","protected":false},"featured_media":31454,"comment_status":"open","ping_status":"closed","template":"","meta":[],"product_brand":[172],"product_cat":[77],"product_tag":[],"class_list":{"0":"post-31453","1":"product","2":"type-product","3":"status-publish","4":"has-post-thumbnail","6":"product_brand-tu-cac-loai","7":"product_cat-noi-that-van-phong-truong-hoc","9":"first","10":"instock","11":"shipping-taxable","12":"product-type-simple"},"_links":{"self":[{"href":"https:\/\/108giahoa.com\/index.php?rest_route=\/wp\/v2\/product\/31453","targetHints":{"allow":["GET"]}}],"collection":[{"href":"https:\/\/108giahoa.com\/index.php?rest_route=\/wp\/v2\/product"}],"about":[{"href":"https:\/\/108giahoa.com\/index.php?rest_route=\/wp\/v2\/types\/product"}],"replies":[{"embeddable":true,"href":"https:\/\/108giahoa.com\/index.php?rest_route=%2Fwp%2Fv2%2Fcomments&post=31453"}],"version-history":[{"count":2,"href":"https:\/\/108giahoa.com\/index.php?rest_route=\/wp\/v2\/product\/31453\/revisions"}],"predecessor-version":[{"id":31457,"href":"https:\/\/108giahoa.com\/index.php?rest_route=\/wp\/v2\/product\/31453\/revisions\/31457"}],"wp:featuredmedia":[{"embeddable":true,"href":"https:\/\/108giahoa.com\/index.php?rest_route=\/wp\/v2\/media\/31454"}],"wp:attachment":[{"href":"https:\/\/108giahoa.com\/index.php?rest_route=%2Fwp%2Fv2%2Fmedia&parent=31453"}],"wp:term":[{"taxonomy":"product_brand","embeddable":true,"href":"https:\/\/108giahoa.com\/index.php?rest_route=%2Fwp%2Fv2%2Fproduct_brand&post=31453"},{"taxonomy":"product_cat","embeddable":true,"href":"https:\/\/108giahoa.com\/index.php?rest_route=%2Fwp%2Fv2%2Fproduct_cat&post=31453"},{"taxonomy":"product_tag","embeddable":true,"href":"https:\/\/108giahoa.com\/index.php?rest_route=%2Fwp%2Fv2%2Fproduct_tag&post=31453"}],"curies":[{"name":"wp","href":"https:\/\/api.w.org\/{rel}","templated":true}]}}