{"id":31466,"date":"2026-03-24T03:03:31","date_gmt":"2026-03-24T03:03:31","guid":{"rendered":"https:\/\/108giahoa.com\/?post_type=product&#038;p=31466"},"modified":"2026-03-24T03:03:31","modified_gmt":"2026-03-24T03:03:31","slug":"gia-sat-de-tai-lieu-4","status":"publish","type":"product","link":"https:\/\/108giahoa.com\/?product=gia-sat-de-tai-lieu-4","title":{"rendered":"GI\u00c1 S\u1eaeT \u0110\u1ec2 T\u00c0I LI\u1ec6U"},"content":{"rendered":"<h2>Th\u00f4ng s\u1ed1 k\u1ef9 thu\u1eadt<\/h2>\n<ul>\n<li><strong>M\u00e3 s\u1ea3n ph\u1ea9m<\/strong>: GS2K1<\/li>\n<li><strong>K\u00edch th\u01b0\u1edbc<\/strong>: W1030 x D457 x H2000 mm (Dung sai \u00b1 5mm)<\/li>\n<li><strong>C\u1ea5u tr\u00fac<\/strong>:\n<ul>\n<li>5 t\u1ea7ng \u0111a n\u0103ng<\/li>\n<li>C\u00e1c \u0111\u1ee3t c\u1ed1 \u0111\u1ecbnh<\/li>\n<li>Thanh tr\u1ee5 b\u1eb1ng th\u00e9p h\u1ed9p ch\u1eafc ch\u1eafn<\/li>\n<\/ul>\n<\/li>\n<li><strong>Ch\u1ea5t li\u1ec7u<\/strong>: Th\u00e9p h\u1ed9p cao c\u1ea5p, s\u01a1n t\u0129nh \u0111i\u1ec7n<\/li>\n<li><strong>M\u00e0u s\u1eafc<\/strong>: M\u00e0u s\u1eafc ti\u00eau chu\u1ea9n c\u1ee7a N\u1ed9i Th\u1ea5t The One (L\u01b0u \u00fd: M\u00e0u s\u1eafc hi\u1ec3n th\u1ecb tr\u00ean website c\u00f3 th\u1ec3 kh\u00f4ng ch\u00ednh x\u00e1c do ch\u1ee5p \u1ea3nh ho\u1eb7c m\u00f4 ph\u1ecfng 3D, kh\u00e1ch h\u00e0ng n\u00ean ki\u1ec3m tra x\u00e1c nh\u1eadn m\u00e0u s\u1eafc tr\u01b0\u1edbc khi \u0111\u1eb7t h\u00e0ng)<\/li>\n<\/ul>\n","protected":false},"excerpt":{"rendered":"<p>Th\u00f4ng s\u1ed1 k\u1ef9 thu\u1eadt M\u00e3 s\u1ea3n ph\u1ea9m: GS2K1 K\u00edch th\u01b0\u1edbc: W1030 x D457 x H2000 mm (Dung sai \u00b1 5mm)<\/p>\n","protected":false},"featured_media":31467,"comment_status":"open","ping_status":"closed","template":"","meta":[],"product_brand":[136],"product_cat":[77],"product_tag":[],"class_list":{"0":"post-31466","1":"product","2":"type-product","3":"status-publish","4":"has-post-thumbnail","6":"product_brand-gia-ke","7":"product_cat-noi-that-van-phong-truong-hoc","9":"first","10":"instock","11":"shipping-taxable","12":"product-type-simple"},"_links":{"self":[{"href":"https:\/\/108giahoa.com\/index.php?rest_route=\/wp\/v2\/product\/31466","targetHints":{"allow":["GET"]}}],"collection":[{"href":"https:\/\/108giahoa.com\/index.php?rest_route=\/wp\/v2\/product"}],"about":[{"href":"https:\/\/108giahoa.com\/index.php?rest_route=\/wp\/v2\/types\/product"}],"replies":[{"embeddable":true,"href":"https:\/\/108giahoa.com\/index.php?rest_route=%2Fwp%2Fv2%2Fcomments&post=31466"}],"version-history":[{"count":1,"href":"https:\/\/108giahoa.com\/index.php?rest_route=\/wp\/v2\/product\/31466\/revisions"}],"predecessor-version":[{"id":31468,"href":"https:\/\/108giahoa.com\/index.php?rest_route=\/wp\/v2\/product\/31466\/revisions\/31468"}],"wp:featuredmedia":[{"embeddable":true,"href":"https:\/\/108giahoa.com\/index.php?rest_route=\/wp\/v2\/media\/31467"}],"wp:attachment":[{"href":"https:\/\/108giahoa.com\/index.php?rest_route=%2Fwp%2Fv2%2Fmedia&parent=31466"}],"wp:term":[{"taxonomy":"product_brand","embeddable":true,"href":"https:\/\/108giahoa.com\/index.php?rest_route=%2Fwp%2Fv2%2Fproduct_brand&post=31466"},{"taxonomy":"product_cat","embeddable":true,"href":"https:\/\/108giahoa.com\/index.php?rest_route=%2Fwp%2Fv2%2Fproduct_cat&post=31466"},{"taxonomy":"product_tag","embeddable":true,"href":"https:\/\/108giahoa.com\/index.php?rest_route=%2Fwp%2Fv2%2Fproduct_tag&post=31466"}],"curies":[{"name":"wp","href":"https:\/\/api.w.org\/{rel}","templated":true}]}}