{"id":31469,"date":"2026-03-24T03:06:51","date_gmt":"2026-03-24T03:06:51","guid":{"rendered":"https:\/\/108giahoa.com\/?post_type=product&#038;p=31469"},"modified":"2026-03-24T03:06:51","modified_gmt":"2026-03-24T03:06:51","slug":"gia-sat-de-tai-lieu-5","status":"publish","type":"product","link":"https:\/\/108giahoa.com\/?product=gia-sat-de-tai-lieu-5","title":{"rendered":"GI\u00c1 S\u1eaeT \u0110\u1ec2 T\u00c0I LI\u1ec6U"},"content":{"rendered":"<p>Gi\u00e1 \u0111\u1ef1ng h\u1ed3 s\u01a1, c\u00f3 3 \u0111\u1ee3t di \u0111\u1ed9ng chia th\u00e0nh 4 t\u1ea7ng \u0111\u1ec3 t\u00e0i li\u1ec7u<\/p>\n<p>KT : W915 x D316 x H1830 mm<\/p>\n<p>Dung sai k\u00edch th\u01b0\u1edbc: \u00b1 5 (mm)<\/p>\n<p>(L\u01b0u \u00fd: M\u00e0u s\u1eafc hi\u1ec3n th\u1ecb tr\u00ean website c\u00f3 th\u1ec3 kh\u00f4ng ch\u00ednh x\u00e1c do ch\u1ee5p \u1ea3nh, ho\u1eb7c m\u00f4 ph\u1ecfng b\u1eb1ng \u1ea3nh 3D.<\/p>\n<p>Kh\u00e1ch h\u00e0ng vui l\u00f2ng ki\u1ec3m tra x\u00e1c nh\u1eadn m\u00e0u s\u1eafc tr\u01b0\u1edbc khi \u0111\u1eb7t h\u00e0ng)<\/p>\n","protected":false},"excerpt":{"rendered":"<p>Gi\u00e1 \u0111\u1ef1ng h\u1ed3 s\u01a1, c\u00f3 3 \u0111\u1ee3t di \u0111\u1ed9ng chia th\u00e0nh 4 t\u1ea7ng \u0111\u1ec3 t\u00e0i li\u1ec7u KT : W915 x<\/p>\n","protected":false},"featured_media":31470,"comment_status":"open","ping_status":"closed","template":"","meta":[],"product_brand":[136],"product_cat":[77],"product_tag":[],"class_list":{"0":"post-31469","1":"product","2":"type-product","3":"status-publish","4":"has-post-thumbnail","6":"product_brand-gia-ke","7":"product_cat-noi-that-van-phong-truong-hoc","9":"first","10":"instock","11":"shipping-taxable","12":"product-type-simple"},"_links":{"self":[{"href":"https:\/\/108giahoa.com\/index.php?rest_route=\/wp\/v2\/product\/31469","targetHints":{"allow":["GET"]}}],"collection":[{"href":"https:\/\/108giahoa.com\/index.php?rest_route=\/wp\/v2\/product"}],"about":[{"href":"https:\/\/108giahoa.com\/index.php?rest_route=\/wp\/v2\/types\/product"}],"replies":[{"embeddable":true,"href":"https:\/\/108giahoa.com\/index.php?rest_route=%2Fwp%2Fv2%2Fcomments&post=31469"}],"version-history":[{"count":1,"href":"https:\/\/108giahoa.com\/index.php?rest_route=\/wp\/v2\/product\/31469\/revisions"}],"predecessor-version":[{"id":31471,"href":"https:\/\/108giahoa.com\/index.php?rest_route=\/wp\/v2\/product\/31469\/revisions\/31471"}],"wp:featuredmedia":[{"embeddable":true,"href":"https:\/\/108giahoa.com\/index.php?rest_route=\/wp\/v2\/media\/31470"}],"wp:attachment":[{"href":"https:\/\/108giahoa.com\/index.php?rest_route=%2Fwp%2Fv2%2Fmedia&parent=31469"}],"wp:term":[{"taxonomy":"product_brand","embeddable":true,"href":"https:\/\/108giahoa.com\/index.php?rest_route=%2Fwp%2Fv2%2Fproduct_brand&post=31469"},{"taxonomy":"product_cat","embeddable":true,"href":"https:\/\/108giahoa.com\/index.php?rest_route=%2Fwp%2Fv2%2Fproduct_cat&post=31469"},{"taxonomy":"product_tag","embeddable":true,"href":"https:\/\/108giahoa.com\/index.php?rest_route=%2Fwp%2Fv2%2Fproduct_tag&post=31469"}],"curies":[{"name":"wp","href":"https:\/\/api.w.org\/{rel}","templated":true}]}}