{"id":31472,"date":"2026-03-24T03:09:23","date_gmt":"2026-03-24T03:09:23","guid":{"rendered":"https:\/\/108giahoa.com\/?post_type=product&#038;p=31472"},"modified":"2026-03-24T03:09:23","modified_gmt":"2026-03-24T03:09:23","slug":"module-lam-viec","status":"publish","type":"product","link":"https:\/\/108giahoa.com\/?product=module-lam-viec","title":{"rendered":"MODULE L\u00c0M VI\u1ec6C"},"content":{"rendered":"<h2>Th\u00f4ng s\u1ed1 k\u1ef9 thu\u1eadt<\/h2>\n<ul>\n<li data-list-item-id=\"e147a79c00d581e8b1a901e89a96c8abd\"><strong>T\u00ean s\u1ea3n ph\u1ea9m<\/strong>: C\u1ee5m Module l\u00e0m vi\u1ec7c Royal HRMD12<\/li>\n<li data-list-item-id=\"e6736a194a21bb100dc9d64fa819a562b\"><strong>Lo\u1ea1i s\u1ea3n ph\u1ea9m<\/strong>: C\u1ee5m Module l\u00e0m vi\u1ec7c 4 ch\u1ed7 ch\u00e2n C5 (ch\u00e2n tam gi\u00e1c)<\/li>\n<li data-list-item-id=\"e1bfb669affc0d88a8487e0d27219b713\"><strong>\u0110\u1eb7c \u0111i\u1ec3m<\/strong>: Module c\u00f3 t\u1ee7 ph\u1ee5 k\u00e8m ng\u0103n k\u00e9o v\u00e0 khoang \u0111\u1ec3 CPU<\/li>\n<li data-list-item-id=\"ed882c9cf372dc584c56c245bdb9faf66\"><strong>K\u00edch th\u01b0\u1edbc t\u1ed5ng th\u1ec3<\/strong>: W2800 x D1200 x H750 mm<\/li>\n<li data-list-item-id=\"ea6577f9bcacfbfc24077b5a91e9257b6\"><strong>Dung sai k\u00edch th\u01b0\u1edbc<\/strong>: \u00b1 5 (mm)<\/li>\n<li data-list-item-id=\"e8db1a37631609111a4137f007db4867d\"><strong>Ch\u1ea5t li\u1ec7u<\/strong>: G\u1ed7 c\u00f4ng nghi\u1ec7p cao c\u1ea5p ph\u1ee7 melamine, ch\u00e2n s\u1eaft s\u01a1n t\u0129nh \u0111i\u1ec7n<\/li>\n<li data-list-item-id=\"ebdf74ac831f6f4cd2db2ce36805fd274\"><strong>M\u00e0u s\u1eafc<\/strong>: \u0110a d\u1ea1ng m\u00e0u s\u1eafc theo ti\u00eau chu\u1ea9n c\u1ee7a The One (c\u00f3 th\u1ec3 tham kh\u1ea3o m\u1eabu m\u00e0u t\u1ea1i showroom)<\/li>\n<\/ul>\n","protected":false},"excerpt":{"rendered":"<p>Th\u00f4ng s\u1ed1 k\u1ef9 thu\u1eadt T\u00ean s\u1ea3n ph\u1ea9m: C\u1ee5m Module l\u00e0m vi\u1ec7c Royal HRMD12 Lo\u1ea1i s\u1ea3n ph\u1ea9m: C\u1ee5m Module l\u00e0m vi\u1ec7c<\/p>\n","protected":false},"featured_media":31473,"comment_status":"open","ping_status":"closed","template":"","meta":[],"product_brand":[171],"product_cat":[77],"product_tag":[],"class_list":{"0":"post-31472","1":"product","2":"type-product","3":"status-publish","4":"has-post-thumbnail","6":"product_brand-ban-ghe-van-phong","7":"product_cat-noi-that-van-phong-truong-hoc","9":"first","10":"instock","11":"shipping-taxable","12":"product-type-simple"},"_links":{"self":[{"href":"https:\/\/108giahoa.com\/index.php?rest_route=\/wp\/v2\/product\/31472","targetHints":{"allow":["GET"]}}],"collection":[{"href":"https:\/\/108giahoa.com\/index.php?rest_route=\/wp\/v2\/product"}],"about":[{"href":"https:\/\/108giahoa.com\/index.php?rest_route=\/wp\/v2\/types\/product"}],"replies":[{"embeddable":true,"href":"https:\/\/108giahoa.com\/index.php?rest_route=%2Fwp%2Fv2%2Fcomments&post=31472"}],"version-history":[{"count":1,"href":"https:\/\/108giahoa.com\/index.php?rest_route=\/wp\/v2\/product\/31472\/revisions"}],"predecessor-version":[{"id":31474,"href":"https:\/\/108giahoa.com\/index.php?rest_route=\/wp\/v2\/product\/31472\/revisions\/31474"}],"wp:featuredmedia":[{"embeddable":true,"href":"https:\/\/108giahoa.com\/index.php?rest_route=\/wp\/v2\/media\/31473"}],"wp:attachment":[{"href":"https:\/\/108giahoa.com\/index.php?rest_route=%2Fwp%2Fv2%2Fmedia&parent=31472"}],"wp:term":[{"taxonomy":"product_brand","embeddable":true,"href":"https:\/\/108giahoa.com\/index.php?rest_route=%2Fwp%2Fv2%2Fproduct_brand&post=31472"},{"taxonomy":"product_cat","embeddable":true,"href":"https:\/\/108giahoa.com\/index.php?rest_route=%2Fwp%2Fv2%2Fproduct_cat&post=31472"},{"taxonomy":"product_tag","embeddable":true,"href":"https:\/\/108giahoa.com\/index.php?rest_route=%2Fwp%2Fv2%2Fproduct_tag&post=31472"}],"curies":[{"name":"wp","href":"https:\/\/api.w.org\/{rel}","templated":true}]}}