{"id":31475,"date":"2026-03-24T03:12:39","date_gmt":"2026-03-24T03:12:39","guid":{"rendered":"https:\/\/108giahoa.com\/?post_type=product&#038;p=31475"},"modified":"2026-03-24T03:13:32","modified_gmt":"2026-03-24T03:13:32","slug":"ban-nhan-vien-son-pu","status":"publish","type":"product","link":"https:\/\/108giahoa.com\/?product=ban-nhan-vien-son-pu","title":{"rendered":"B\u00c0N NH\u00c2N VI\u00caN S\u01a0N PU"},"content":{"rendered":"<p>B\u00e0n h\u00ecnh ch\u1eef nh\u1eadt, c\u00f3 h\u1ed9c treo 1 ng\u0103n k\u00e9o, 1 c\u00e1nh m\u1edf.<br \/>\nB\u00e0n c\u00f3 k\u1ec7 \u0111\u1ec3 CPU v\u00e0 b\u00e0n ph\u00edm \u0111i k\u00e8m<\/p>\n<p>KT: R\u1ed9ng 1200 x S\u00e2u 700 x Cao 760<br \/>\nDung sai k\u00edch th\u01b0\u1edbc: \u00b1 5(mm)<\/p>\n","protected":false},"excerpt":{"rendered":"<p>B\u00e0n h\u00ecnh ch\u1eef nh\u1eadt, c\u00f3 h\u1ed9c treo 1 ng\u0103n k\u00e9o, 1 c\u00e1nh m\u1edf. B\u00e0n c\u00f3 k\u1ec7 \u0111\u1ec3 CPU v\u00e0 b\u00e0n<\/p>\n","protected":false},"featured_media":31476,"comment_status":"open","ping_status":"closed","template":"","meta":[],"product_brand":[171,168],"product_cat":[77],"product_tag":[],"class_list":{"0":"post-31475","1":"product","2":"type-product","3":"status-publish","4":"has-post-thumbnail","6":"product_brand-ban-ghe-van-phong","7":"product_brand-ban-may-tinh","8":"product_cat-noi-that-van-phong-truong-hoc","10":"first","11":"instock","12":"shipping-taxable","13":"product-type-simple"},"_links":{"self":[{"href":"https:\/\/108giahoa.com\/index.php?rest_route=\/wp\/v2\/product\/31475","targetHints":{"allow":["GET"]}}],"collection":[{"href":"https:\/\/108giahoa.com\/index.php?rest_route=\/wp\/v2\/product"}],"about":[{"href":"https:\/\/108giahoa.com\/index.php?rest_route=\/wp\/v2\/types\/product"}],"replies":[{"embeddable":true,"href":"https:\/\/108giahoa.com\/index.php?rest_route=%2Fwp%2Fv2%2Fcomments&post=31475"}],"version-history":[{"count":1,"href":"https:\/\/108giahoa.com\/index.php?rest_route=\/wp\/v2\/product\/31475\/revisions"}],"predecessor-version":[{"id":31477,"href":"https:\/\/108giahoa.com\/index.php?rest_route=\/wp\/v2\/product\/31475\/revisions\/31477"}],"wp:featuredmedia":[{"embeddable":true,"href":"https:\/\/108giahoa.com\/index.php?rest_route=\/wp\/v2\/media\/31476"}],"wp:attachment":[{"href":"https:\/\/108giahoa.com\/index.php?rest_route=%2Fwp%2Fv2%2Fmedia&parent=31475"}],"wp:term":[{"taxonomy":"product_brand","embeddable":true,"href":"https:\/\/108giahoa.com\/index.php?rest_route=%2Fwp%2Fv2%2Fproduct_brand&post=31475"},{"taxonomy":"product_cat","embeddable":true,"href":"https:\/\/108giahoa.com\/index.php?rest_route=%2Fwp%2Fv2%2Fproduct_cat&post=31475"},{"taxonomy":"product_tag","embeddable":true,"href":"https:\/\/108giahoa.com\/index.php?rest_route=%2Fwp%2Fv2%2Fproduct_tag&post=31475"}],"curies":[{"name":"wp","href":"https:\/\/api.w.org\/{rel}","templated":true}]}}