{"id":31478,"date":"2026-03-24T03:17:21","date_gmt":"2026-03-24T03:17:21","guid":{"rendered":"https:\/\/108giahoa.com\/?post_type=product&#038;p=31478"},"modified":"2026-03-24T03:17:22","modified_gmt":"2026-03-24T03:17:22","slug":"ban-nhan-vien","status":"publish","type":"product","link":"https:\/\/108giahoa.com\/?product=ban-nhan-vien","title":{"rendered":"B\u00c0N NH\u00c2N VI\u00caN"},"content":{"rendered":"<ul>\n<li data-list-item-id=\"e4551df90772fcf3f9fe302b821b64324\"><strong>Model AT120SHL3D<\/strong>: R\u1ed9ng 1200mm x S\u00e2u 600mm x Cao 750mm<\/li>\n<li data-list-item-id=\"eb89ed1156721d8c19616b2dfbd944a45\">Dung sai k\u00edch th\u01b0\u1edbc: \u00b1 5mm<\/li>\n<li data-list-item-id=\"eb89ed1156721d8c19616b2dfbd944a45\">\n<h3 id=\"e4b791779c8d7d7c8abbd65d397d23db4\">Ch\u1ea5t li\u1ec7u<\/h3>\n<ul>\n<li data-list-item-id=\"e972fac78d9d1d543a2505ea44c9f13f7\">G\u1ed7 c\u00f4ng nghi\u1ec7p Melamine cao c\u1ea5p<\/li>\n<li data-list-item-id=\"e783d7637ef2baef4fed6e84278ab898e\">Ph\u1ee5 ki\u1ec7n kim lo\u1ea1i ch\u1ea5t l\u01b0\u1ee3ng cao<\/li>\n<li data-list-item-id=\"e8142a08d6efd30070e59c21883933d28\">Ray tr\u01b0\u1ee3t ng\u0103n k\u00e9o b\u1ec1n b\u1ec9<\/li>\n<\/ul>\n<\/li>\n<\/ul>\n","protected":false},"excerpt":{"rendered":"<p>Model AT120SHL3D: R\u1ed9ng 1200mm x S\u00e2u 600mm x Cao 750mm Dung sai k\u00edch th\u01b0\u1edbc: \u00b1 5mm Ch\u1ea5t li\u1ec7u G\u1ed7 c\u00f4ng<\/p>\n","protected":false},"featured_media":31479,"comment_status":"open","ping_status":"closed","template":"","meta":[],"product_brand":[171,168],"product_cat":[77],"product_tag":[],"class_list":{"0":"post-31478","1":"product","2":"type-product","3":"status-publish","4":"has-post-thumbnail","6":"product_brand-ban-ghe-van-phong","7":"product_brand-ban-may-tinh","8":"product_cat-noi-that-van-phong-truong-hoc","10":"first","11":"instock","12":"shipping-taxable","13":"product-type-simple"},"_links":{"self":[{"href":"https:\/\/108giahoa.com\/index.php?rest_route=\/wp\/v2\/product\/31478","targetHints":{"allow":["GET"]}}],"collection":[{"href":"https:\/\/108giahoa.com\/index.php?rest_route=\/wp\/v2\/product"}],"about":[{"href":"https:\/\/108giahoa.com\/index.php?rest_route=\/wp\/v2\/types\/product"}],"replies":[{"embeddable":true,"href":"https:\/\/108giahoa.com\/index.php?rest_route=%2Fwp%2Fv2%2Fcomments&post=31478"}],"version-history":[{"count":1,"href":"https:\/\/108giahoa.com\/index.php?rest_route=\/wp\/v2\/product\/31478\/revisions"}],"predecessor-version":[{"id":31480,"href":"https:\/\/108giahoa.com\/index.php?rest_route=\/wp\/v2\/product\/31478\/revisions\/31480"}],"wp:featuredmedia":[{"embeddable":true,"href":"https:\/\/108giahoa.com\/index.php?rest_route=\/wp\/v2\/media\/31479"}],"wp:attachment":[{"href":"https:\/\/108giahoa.com\/index.php?rest_route=%2Fwp%2Fv2%2Fmedia&parent=31478"}],"wp:term":[{"taxonomy":"product_brand","embeddable":true,"href":"https:\/\/108giahoa.com\/index.php?rest_route=%2Fwp%2Fv2%2Fproduct_brand&post=31478"},{"taxonomy":"product_cat","embeddable":true,"href":"https:\/\/108giahoa.com\/index.php?rest_route=%2Fwp%2Fv2%2Fproduct_cat&post=31478"},{"taxonomy":"product_tag","embeddable":true,"href":"https:\/\/108giahoa.com\/index.php?rest_route=%2Fwp%2Fv2%2Fproduct_tag&post=31478"}],"curies":[{"name":"wp","href":"https:\/\/api.w.org\/{rel}","templated":true}]}}