{"id":31481,"date":"2026-03-24T03:19:39","date_gmt":"2026-03-24T03:19:39","guid":{"rendered":"https:\/\/108giahoa.com\/?post_type=product&#038;p=31481"},"modified":"2026-03-24T03:19:39","modified_gmt":"2026-03-24T03:19:39","slug":"ban-hop-luxury-supreme-luxh2412s9","status":"publish","type":"product","link":"https:\/\/108giahoa.com\/?product=ban-hop-luxury-supreme-luxh2412s9","title":{"rendered":"B\u00e0n h\u1ecdp Luxury Supreme LUXH2412S9"},"content":{"rendered":"<p>B\u00e0n h\u1ecdp LUXURY SUPREME S9 ch\u1ea5t li\u1ec7u melamine k\u1ebft h\u1ee3p s\u01a1n PU, ch\u00e2n thi\u1ebft k\u1ebf d\u1ea1ng h\u1ed9p trang tr\u00ed l\u1ed7 tr\u00f2n, m\u1eb7t b\u00e0n c\u00f3 h\u1ec7 th\u1ed1ng \u1ed5 c\u1eafm di \u0111\u1ed9ng hi\u1ec7n \u0111\u1ea1i. Thanh ray v\u00e0 c\u00e1c \u1ed5 \u0111i\u1ec7n c\u00f3 th\u1ec3 di chuy\u1ec3n.<\/p>\n<p>K\u00edch th\u01b0\u1edbc: W2400 x D1200 x H760 (mm)<\/p>\n<p>Dung sai k\u00edch th\u01b0\u1edbc: \u00b1 5 (mm)<\/p>\n<p>(L\u01b0u \u00fd: M\u00e0u s\u1eafc hi\u1ec3n th\u1ecb tr\u00ean website c\u00f3 th\u1ec3 kh\u00f4ng ch\u00ednh x\u00e1c do ch\u1ee5p \u1ea3nh, ho\u1eb7c m\u00f4 ph\u1ecfng b\u1eb1ng \u1ea3nh 3D. Kh\u00e1ch h\u00e0ng vui l\u00f2ng ki\u1ec3m tra x\u00e1c nh\u1eadn m\u00e0u s\u1eafc tr\u01b0\u1edbc khi \u0111\u1eb7t h\u00e0ng)<\/p>\n","protected":false},"excerpt":{"rendered":"<p>B\u00e0n h\u1ecdp LUXURY SUPREME S9 ch\u1ea5t li\u1ec7u melamine k\u1ebft h\u1ee3p s\u01a1n PU, ch\u00e2n thi\u1ebft k\u1ebf d\u1ea1ng h\u1ed9p trang tr\u00ed l\u1ed7<\/p>\n","protected":false},"featured_media":31482,"comment_status":"open","ping_status":"closed","template":"","meta":[],"product_brand":[170],"product_cat":[77],"product_tag":[],"class_list":{"0":"post-31481","1":"product","2":"type-product","3":"status-publish","4":"has-post-thumbnail","6":"product_brand-ban-ghe-phong-hop","7":"product_cat-noi-that-van-phong-truong-hoc","9":"first","10":"instock","11":"shipping-taxable","12":"product-type-simple"},"_links":{"self":[{"href":"https:\/\/108giahoa.com\/index.php?rest_route=\/wp\/v2\/product\/31481","targetHints":{"allow":["GET"]}}],"collection":[{"href":"https:\/\/108giahoa.com\/index.php?rest_route=\/wp\/v2\/product"}],"about":[{"href":"https:\/\/108giahoa.com\/index.php?rest_route=\/wp\/v2\/types\/product"}],"replies":[{"embeddable":true,"href":"https:\/\/108giahoa.com\/index.php?rest_route=%2Fwp%2Fv2%2Fcomments&post=31481"}],"version-history":[{"count":1,"href":"https:\/\/108giahoa.com\/index.php?rest_route=\/wp\/v2\/product\/31481\/revisions"}],"predecessor-version":[{"id":31483,"href":"https:\/\/108giahoa.com\/index.php?rest_route=\/wp\/v2\/product\/31481\/revisions\/31483"}],"wp:featuredmedia":[{"embeddable":true,"href":"https:\/\/108giahoa.com\/index.php?rest_route=\/wp\/v2\/media\/31482"}],"wp:attachment":[{"href":"https:\/\/108giahoa.com\/index.php?rest_route=%2Fwp%2Fv2%2Fmedia&parent=31481"}],"wp:term":[{"taxonomy":"product_brand","embeddable":true,"href":"https:\/\/108giahoa.com\/index.php?rest_route=%2Fwp%2Fv2%2Fproduct_brand&post=31481"},{"taxonomy":"product_cat","embeddable":true,"href":"https:\/\/108giahoa.com\/index.php?rest_route=%2Fwp%2Fv2%2Fproduct_cat&post=31481"},{"taxonomy":"product_tag","embeddable":true,"href":"https:\/\/108giahoa.com\/index.php?rest_route=%2Fwp%2Fv2%2Fproduct_tag&post=31481"}],"curies":[{"name":"wp","href":"https:\/\/api.w.org\/{rel}","templated":true}]}}