{"id":31493,"date":"2026-03-24T03:30:27","date_gmt":"2026-03-24T03:30:27","guid":{"rendered":"https:\/\/108giahoa.com\/?post_type=product&#038;p=31493"},"modified":"2026-03-24T03:30:27","modified_gmt":"2026-03-24T03:30:27","slug":"ban-may-tinh-3","status":"publish","type":"product","link":"https:\/\/108giahoa.com\/?product=ban-may-tinh-3","title":{"rendered":"B\u00c0N M\u00c1Y T\u00cdNH"},"content":{"rendered":"<p>B\u00e0n m\u00e1y t\u00ednh g\u1ed7 Melamine, c\u00f3 1 ng\u0103n k\u00e9o, 1 k\u1ec7\u00a0CPU v\u00e0 b\u00e0n ph\u00edm.<\/p>\n<p>K\u00edch th\u01b0\u1edbc:<\/p>\n<p>AT204S: W1200 x D600 x H750 (mm)<\/p>\n<p>AT204: W1200 x D700 x H750 (mm)<\/p>\n<p>Dung sai k\u00edch th\u01b0\u1edbc: \u00b1 5 (mm)<\/p>\n<p>(L\u01b0u \u00fd: M\u00e0u s\u1eafc hi\u1ec3n th\u1ecb tr\u00ean website c\u00f3 th\u1ec3 kh\u00f4ng ch\u00ednh x\u00e1c do ch\u1ee5p \u1ea3nh, ho\u1eb7c m\u00f4 ph\u1ecfng b\u1eb1ng \u1ea3nh 3D.<\/p>\n","protected":false},"excerpt":{"rendered":"<p>B\u00e0n m\u00e1y t\u00ednh g\u1ed7 Melamine, c\u00f3 1 ng\u0103n k\u00e9o, 1 k\u1ec7\u00a0CPU v\u00e0 b\u00e0n ph\u00edm. K\u00edch th\u01b0\u1edbc: AT204S: W1200 x D600<\/p>\n","protected":false},"featured_media":31494,"comment_status":"open","ping_status":"closed","template":"","meta":[],"product_brand":[171,168],"product_cat":[77],"product_tag":[],"class_list":{"0":"post-31493","1":"product","2":"type-product","3":"status-publish","4":"has-post-thumbnail","6":"product_brand-ban-ghe-van-phong","7":"product_brand-ban-may-tinh","8":"product_cat-noi-that-van-phong-truong-hoc","10":"first","11":"instock","12":"shipping-taxable","13":"product-type-simple"},"_links":{"self":[{"href":"https:\/\/108giahoa.com\/index.php?rest_route=\/wp\/v2\/product\/31493","targetHints":{"allow":["GET"]}}],"collection":[{"href":"https:\/\/108giahoa.com\/index.php?rest_route=\/wp\/v2\/product"}],"about":[{"href":"https:\/\/108giahoa.com\/index.php?rest_route=\/wp\/v2\/types\/product"}],"replies":[{"embeddable":true,"href":"https:\/\/108giahoa.com\/index.php?rest_route=%2Fwp%2Fv2%2Fcomments&post=31493"}],"version-history":[{"count":1,"href":"https:\/\/108giahoa.com\/index.php?rest_route=\/wp\/v2\/product\/31493\/revisions"}],"predecessor-version":[{"id":31495,"href":"https:\/\/108giahoa.com\/index.php?rest_route=\/wp\/v2\/product\/31493\/revisions\/31495"}],"wp:featuredmedia":[{"embeddable":true,"href":"https:\/\/108giahoa.com\/index.php?rest_route=\/wp\/v2\/media\/31494"}],"wp:attachment":[{"href":"https:\/\/108giahoa.com\/index.php?rest_route=%2Fwp%2Fv2%2Fmedia&parent=31493"}],"wp:term":[{"taxonomy":"product_brand","embeddable":true,"href":"https:\/\/108giahoa.com\/index.php?rest_route=%2Fwp%2Fv2%2Fproduct_brand&post=31493"},{"taxonomy":"product_cat","embeddable":true,"href":"https:\/\/108giahoa.com\/index.php?rest_route=%2Fwp%2Fv2%2Fproduct_cat&post=31493"},{"taxonomy":"product_tag","embeddable":true,"href":"https:\/\/108giahoa.com\/index.php?rest_route=%2Fwp%2Fv2%2Fproduct_tag&post=31493"}],"curies":[{"name":"wp","href":"https:\/\/api.w.org\/{rel}","templated":true}]}}