{"id":31506,"date":"2026-03-24T03:41:40","date_gmt":"2026-03-24T03:41:40","guid":{"rendered":"https:\/\/108giahoa.com\/?post_type=product&#038;p=31506"},"modified":"2026-03-24T03:41:40","modified_gmt":"2026-03-24T03:41:40","slug":"ghe-truong-phong","status":"publish","type":"product","link":"https:\/\/108giahoa.com\/?product=ghe-truong-phong","title":{"rendered":"Gh\u1ebf tr\u01b0\u1edfng ph\u00f2ng"},"content":{"rendered":"<h2 id=\"edde26d95f233efbadc2b19ddfb4f77d2\">Th\u00f4ng s\u1ed1 k\u1ef9 thu\u1eadt gh\u1ebf SG706<\/h2>\n<ul>\n<li data-list-item-id=\"e6bc3ea6e102b19bc65f842b21eef2611\"><strong>K\u00edch th\u01b0\u1edbc<\/strong>: W600 x D660 x H995\u00f71090mm\u00a0<i>(Dung sai k\u00edch th\u01b0\u1edbc: \u00b1 20mm)<\/i><\/li>\n<li data-list-item-id=\"e3530fd71f246de552b04769c0ca020aa\"><strong>Ch\u1ea5t li\u1ec7u<\/strong>: C\u1ed1t g\u1ed7 d\u00e1n m\u00fat x\u1ed1p, ngo\u00e0i b\u1ecdc da\/da c\u00f4ng nghi\u1ec7p ho\u1eb7c PVC. Ch\u00e2n, tay b\u1eb1ng nh\u1ef1a<\/li>\n<\/ul>\n<h2 id=\"ecd49c51006c43286aa333dd56bc31312\">T\u00ednh n\u0103ng v\u00e0 \u1ee9ng d\u1ee5ng c\u1ee7a gh\u1ebf SG706<\/h2>\n<ul>\n<li data-list-item-id=\"eda817597aa6b0525d0971567c5df7056\">Gh\u1ebf c\u00f3 ch\u1ee9c n\u0103ng ng\u1ea3 l\u01b0ng v\u00e0 ch\u1ed1t c\u1ed1 \u0111\u1ecbnh.<\/li>\n<li data-list-item-id=\"ee09d10dc3ebb35b2b87da324b15722bd\">Thay \u0111\u1ed5i chi\u1ec1u cao gh\u1ebf b\u1eb1ng k\u1ec7 th\u1ed1ng Piton.<\/li>\n<li data-list-item-id=\"ebb83846bc5f0a4502256234530b10f6b\">Gh\u1ebf SG06 th\u01b0\u1eddng \u0111\u01b0\u1ee3c trang b\u1ecb cho nh\u1eefng v\u0103n ph\u00f2ng l\u00e0m vi\u1ec7c theo phong c\u00e1ch sang tr\u1ecdng, khi k\u1ebft h\u1ee3p v\u1edbi c\u00e1c m\u1eabu b\u00e0n\u00a0<a href=\"https:\/\/theonecantho.vn\/ban-lanh-dao\" target=\"_blank\" rel=\"noopener noreferrer\">b\u00e0n l\u00e3nh \u0111\u1ea1o<\/a>\u00a0hay\u00a0<a href=\"https:\/\/theonecantho.vn\/ban-truong-phong\" target=\"_blank\" rel=\"noopener noreferrer\">b\u00e0n tr\u01b0\u1edfng ph\u00f2ng<\/a>\u00a0s\u01a1n PU s\u1ebd t\u1ea1o ra kh\u00f4ng gian l\u00e0m vi\u1ec7c sang tr\u1ecdng m\u00e0 uy nghi\u00eam.<\/li>\n<\/ul>\n","protected":false},"excerpt":{"rendered":"<p>Th\u00f4ng s\u1ed1 k\u1ef9 thu\u1eadt gh\u1ebf SG706 K\u00edch th\u01b0\u1edbc: W600 x D660 x H995\u00f71090mm\u00a0(Dung sai k\u00edch th\u01b0\u1edbc: \u00b1 20mm) Ch\u1ea5t li\u1ec7u:<\/p>\n","protected":false},"featured_media":31507,"comment_status":"open","ping_status":"closed","template":"","meta":[],"product_brand":[185],"product_cat":[77],"product_tag":[],"class_list":{"0":"post-31506","1":"product","2":"type-product","3":"status-publish","4":"has-post-thumbnail","6":"product_brand-ghe-van-phong","7":"product_cat-noi-that-van-phong-truong-hoc","9":"first","10":"instock","11":"shipping-taxable","12":"product-type-simple"},"_links":{"self":[{"href":"https:\/\/108giahoa.com\/index.php?rest_route=\/wp\/v2\/product\/31506","targetHints":{"allow":["GET"]}}],"collection":[{"href":"https:\/\/108giahoa.com\/index.php?rest_route=\/wp\/v2\/product"}],"about":[{"href":"https:\/\/108giahoa.com\/index.php?rest_route=\/wp\/v2\/types\/product"}],"replies":[{"embeddable":true,"href":"https:\/\/108giahoa.com\/index.php?rest_route=%2Fwp%2Fv2%2Fcomments&post=31506"}],"version-history":[{"count":1,"href":"https:\/\/108giahoa.com\/index.php?rest_route=\/wp\/v2\/product\/31506\/revisions"}],"predecessor-version":[{"id":31508,"href":"https:\/\/108giahoa.com\/index.php?rest_route=\/wp\/v2\/product\/31506\/revisions\/31508"}],"wp:featuredmedia":[{"embeddable":true,"href":"https:\/\/108giahoa.com\/index.php?rest_route=\/wp\/v2\/media\/31507"}],"wp:attachment":[{"href":"https:\/\/108giahoa.com\/index.php?rest_route=%2Fwp%2Fv2%2Fmedia&parent=31506"}],"wp:term":[{"taxonomy":"product_brand","embeddable":true,"href":"https:\/\/108giahoa.com\/index.php?rest_route=%2Fwp%2Fv2%2Fproduct_brand&post=31506"},{"taxonomy":"product_cat","embeddable":true,"href":"https:\/\/108giahoa.com\/index.php?rest_route=%2Fwp%2Fv2%2Fproduct_cat&post=31506"},{"taxonomy":"product_tag","embeddable":true,"href":"https:\/\/108giahoa.com\/index.php?rest_route=%2Fwp%2Fv2%2Fproduct_tag&post=31506"}],"curies":[{"name":"wp","href":"https:\/\/api.w.org\/{rel}","templated":true}]}}