{"id":31509,"date":"2026-03-24T03:43:31","date_gmt":"2026-03-24T03:43:31","guid":{"rendered":"https:\/\/108giahoa.com\/?post_type=product&#038;p=31509"},"modified":"2026-03-24T03:43:32","modified_gmt":"2026-03-24T03:43:32","slug":"ghe-luoi-nhan-vien","status":"publish","type":"product","link":"https:\/\/108giahoa.com\/?product=ghe-luoi-nhan-vien","title":{"rendered":"Gh\u1ebf l\u01b0\u1edbi nh\u00e2n vi\u00ean"},"content":{"rendered":"<h2>Th\u00f4ng s\u1ed1 k\u1ef9 thu\u1eadt<\/h2>\n<ul>\n<li><strong>M\u00e3 s\u1ea3n ph\u1ea9m<\/strong>: GL133R<\/li>\n<li><strong>K\u00edch th\u01b0\u1edbc<\/strong>:\n<ul>\n<li>Gh\u1ebf ch\u00e2n nh\u1ef1a: W580 x D540 x H1020-1120 mm<\/li>\n<li>Gh\u1ebf ch\u00e2n m\u1ea1: W580 x D540 x H1010-1085 mm<\/li>\n<li>Dung sai k\u00edch th\u01b0\u1edbc: \u00b1 15 mm<\/li>\n<\/ul>\n<\/li>\n<li><strong>Ch\u1ea5t li\u1ec7u<\/strong>:\n<ul>\n<li>T\u1ef1a l\u01b0ng: Khung nh\u1ef1a b\u1ecdc v\u1ea3i l\u01b0\u1edbi<\/li>\n<li>\u0110\u1ec7m ng\u1ed3i: M\u00fat \u0111\u00e0n h\u1ed3i b\u1ecdc v\u1ea3i<\/li>\n<li>Tay gh\u1ebf: Nh\u1ef1a c\u1ed1 \u0111\u1ecbnh<\/li>\n<li>Ch\u00e2n \u0111\u1ebf: Hai l\u1ef1a ch\u1ecdn &#8211; ch\u00e2n nh\u1ef1a ho\u1eb7c ch\u00e2n m\u1ea1<\/li>\n<\/ul>\n<\/li>\n<li><strong>\u0110\u1eb7c \u0111i\u1ec3m n\u1ed5i b\u1eadt<\/strong>: C\u01a1 c\u1ea5u l\u1eafp r\u00e1p tay v\u1edbi t\u1ef1a b\u1eb1ng kh\u1edbp kh\u00f4ng c\u1ea7n v\u00edt<\/li>\n<\/ul>\n","protected":false},"excerpt":{"rendered":"<p>Th\u00f4ng s\u1ed1 k\u1ef9 thu\u1eadt M\u00e3 s\u1ea3n ph\u1ea9m: GL133R K\u00edch th\u01b0\u1edbc: Gh\u1ebf ch\u00e2n nh\u1ef1a: W580 x D540 x H1020-1120 mm Gh\u1ebf<\/p>\n","protected":false},"featured_media":31510,"comment_status":"open","ping_status":"closed","template":"","meta":[],"product_brand":[185],"product_cat":[77],"product_tag":[],"class_list":{"0":"post-31509","1":"product","2":"type-product","3":"status-publish","4":"has-post-thumbnail","6":"product_brand-ghe-van-phong","7":"product_cat-noi-that-van-phong-truong-hoc","9":"first","10":"instock","11":"shipping-taxable","12":"product-type-simple"},"_links":{"self":[{"href":"https:\/\/108giahoa.com\/index.php?rest_route=\/wp\/v2\/product\/31509","targetHints":{"allow":["GET"]}}],"collection":[{"href":"https:\/\/108giahoa.com\/index.php?rest_route=\/wp\/v2\/product"}],"about":[{"href":"https:\/\/108giahoa.com\/index.php?rest_route=\/wp\/v2\/types\/product"}],"replies":[{"embeddable":true,"href":"https:\/\/108giahoa.com\/index.php?rest_route=%2Fwp%2Fv2%2Fcomments&post=31509"}],"version-history":[{"count":1,"href":"https:\/\/108giahoa.com\/index.php?rest_route=\/wp\/v2\/product\/31509\/revisions"}],"predecessor-version":[{"id":31511,"href":"https:\/\/108giahoa.com\/index.php?rest_route=\/wp\/v2\/product\/31509\/revisions\/31511"}],"wp:featuredmedia":[{"embeddable":true,"href":"https:\/\/108giahoa.com\/index.php?rest_route=\/wp\/v2\/media\/31510"}],"wp:attachment":[{"href":"https:\/\/108giahoa.com\/index.php?rest_route=%2Fwp%2Fv2%2Fmedia&parent=31509"}],"wp:term":[{"taxonomy":"product_brand","embeddable":true,"href":"https:\/\/108giahoa.com\/index.php?rest_route=%2Fwp%2Fv2%2Fproduct_brand&post=31509"},{"taxonomy":"product_cat","embeddable":true,"href":"https:\/\/108giahoa.com\/index.php?rest_route=%2Fwp%2Fv2%2Fproduct_cat&post=31509"},{"taxonomy":"product_tag","embeddable":true,"href":"https:\/\/108giahoa.com\/index.php?rest_route=%2Fwp%2Fv2%2Fproduct_tag&post=31509"}],"curies":[{"name":"wp","href":"https:\/\/api.w.org\/{rel}","templated":true}]}}