{"id":31512,"date":"2026-03-24T03:45:30","date_gmt":"2026-03-24T03:45:30","guid":{"rendered":"https:\/\/108giahoa.com\/?post_type=product&#038;p=31512"},"modified":"2026-03-24T03:45:31","modified_gmt":"2026-03-24T03:45:31","slug":"ghe-luoi-nhan-vien-2","status":"publish","type":"product","link":"https:\/\/108giahoa.com\/?product=ghe-luoi-nhan-vien-2","title":{"rendered":"Gh\u1ebf l\u01b0\u1edbi nh\u00e2n vi\u00ean"},"content":{"rendered":"<h2>Th\u00f4ng s\u1ed1 k\u1ef9 thu\u1eadt<\/h2>\n<p><strong>Gh\u1ebf l\u01b0\u1edbi nh\u00e2n vi\u00ean GL123<\/strong>\u00a0c\u00f3 c\u00e1c th\u00f4ng s\u1ed1 k\u1ef9 thu\u1eadt chi ti\u1ebft nh\u01b0 sau:<\/p>\n<ul>\n<li><strong>M\u00e3 s\u1ea3n ph\u1ea9m<\/strong>: GL123<\/li>\n<li><strong>Ch\u1ea5t li\u1ec7u<\/strong>:\n<ul>\n<li>T\u1ef1a l\u01b0ng: Khung nh\u1ef1a b\u1ecdc v\u1ea3i l\u01b0\u1edbi tho\u00e1ng kh\u00ed<\/li>\n<li>\u0110\u1ec7m ng\u1ed3i: M\u00fat x\u1ed1p b\u1ecdc v\u1ea3i cao c\u1ea5p<\/li>\n<li>Tay gh\u1ebf: Nh\u1ef1a cao c\u1ea5p<\/li>\n<li>Ch\u00e2n gh\u1ebf: C\u00f3 2 phi\u00ean b\u1ea3n &#8211; ch\u00e2n nh\u1ef1a cao c\u1ea5p ho\u1eb7c ch\u00e2n m\u1ea1 sang tr\u1ecdng<\/li>\n<\/ul>\n<\/li>\n<li><strong>K\u00edch th\u01b0\u1edbc<\/strong>:\n<ul>\n<li>Phi\u00ean b\u1ea3n ch\u00e2n nh\u1ef1a: W570 x D610 x H970\u00f71065 mm<\/li>\n<li>Phi\u00ean b\u1ea3n ch\u00e2n m\u1ea1: W570 x D610 x H980\u00f71055 mm<\/li>\n<li>Dung sai k\u00edch th\u01b0\u1edbc: \u00b1 15 mm<\/li>\n<\/ul>\n<\/li>\n<\/ul>\n","protected":false},"excerpt":{"rendered":"<p>Th\u00f4ng s\u1ed1 k\u1ef9 thu\u1eadt Gh\u1ebf l\u01b0\u1edbi nh\u00e2n vi\u00ean GL123\u00a0c\u00f3 c\u00e1c th\u00f4ng s\u1ed1 k\u1ef9 thu\u1eadt chi ti\u1ebft nh\u01b0 sau: M\u00e3 s\u1ea3n<\/p>\n","protected":false},"featured_media":31513,"comment_status":"open","ping_status":"closed","template":"","meta":[],"product_brand":[185],"product_cat":[77],"product_tag":[],"class_list":{"0":"post-31512","1":"product","2":"type-product","3":"status-publish","4":"has-post-thumbnail","6":"product_brand-ghe-van-phong","7":"product_cat-noi-that-van-phong-truong-hoc","9":"first","10":"instock","11":"shipping-taxable","12":"product-type-simple"},"_links":{"self":[{"href":"https:\/\/108giahoa.com\/index.php?rest_route=\/wp\/v2\/product\/31512","targetHints":{"allow":["GET"]}}],"collection":[{"href":"https:\/\/108giahoa.com\/index.php?rest_route=\/wp\/v2\/product"}],"about":[{"href":"https:\/\/108giahoa.com\/index.php?rest_route=\/wp\/v2\/types\/product"}],"replies":[{"embeddable":true,"href":"https:\/\/108giahoa.com\/index.php?rest_route=%2Fwp%2Fv2%2Fcomments&post=31512"}],"version-history":[{"count":1,"href":"https:\/\/108giahoa.com\/index.php?rest_route=\/wp\/v2\/product\/31512\/revisions"}],"predecessor-version":[{"id":31514,"href":"https:\/\/108giahoa.com\/index.php?rest_route=\/wp\/v2\/product\/31512\/revisions\/31514"}],"wp:featuredmedia":[{"embeddable":true,"href":"https:\/\/108giahoa.com\/index.php?rest_route=\/wp\/v2\/media\/31513"}],"wp:attachment":[{"href":"https:\/\/108giahoa.com\/index.php?rest_route=%2Fwp%2Fv2%2Fmedia&parent=31512"}],"wp:term":[{"taxonomy":"product_brand","embeddable":true,"href":"https:\/\/108giahoa.com\/index.php?rest_route=%2Fwp%2Fv2%2Fproduct_brand&post=31512"},{"taxonomy":"product_cat","embeddable":true,"href":"https:\/\/108giahoa.com\/index.php?rest_route=%2Fwp%2Fv2%2Fproduct_cat&post=31512"},{"taxonomy":"product_tag","embeddable":true,"href":"https:\/\/108giahoa.com\/index.php?rest_route=%2Fwp%2Fv2%2Fproduct_tag&post=31512"}],"curies":[{"name":"wp","href":"https:\/\/api.w.org\/{rel}","templated":true}]}}