{"id":31518,"date":"2026-03-24T03:49:56","date_gmt":"2026-03-24T03:49:56","guid":{"rendered":"https:\/\/108giahoa.com\/?post_type=product&#038;p=31518"},"modified":"2026-03-24T03:49:57","modified_gmt":"2026-03-24T03:49:57","slug":"ghe-hop-tua-luoi","status":"publish","type":"product","link":"https:\/\/108giahoa.com\/?product=ghe-hop-tua-luoi","title":{"rendered":"Gh\u1ebf h\u1ecdp t\u1ef1a l\u01b0\u1edbi"},"content":{"rendered":"<h2>Th\u00f4ng s\u1ed1 k\u1ef9 thu\u1eadt gh\u1ebf h\u1ecdp t\u1ef1a l\u01b0\u1edbi GL433<\/h2>\n<p>M\u1ed9t trong nh\u1eefng y\u1ebfu t\u1ed1 quan tr\u1ecdng khi l\u1ef1a ch\u1ecdn gh\u1ebf h\u1ecdp l\u00e0 c\u00e1c th\u00f4ng s\u1ed1 k\u1ef9 thu\u1eadt.\u00a0<strong>Gh\u1ebf H\u1ecdp T\u1ef1a L\u01b0\u1edbi GL433<\/strong>\u00a0c\u00f3 k\u00edch th\u01b0\u1edbc nh\u01b0 sau: W560 x D630 x H1005 (mm) v\u1edbi dung sai k\u00edch th\u01b0\u1edbc \u00b1 15 (mm). \u0110\u00e2y l\u00e0 k\u00edch th\u01b0\u1edbc l\u00fd t\u01b0\u1edfng cho m\u1ecdi kh\u00f4ng gian v\u0103n ph\u00f2ng, t\u1eeb nh\u1ecf \u0111\u1ebfn l\u1edbn.<\/p>\n<h3>K\u00edch th\u01b0\u1edbc v\u00e0 c\u00e1c th\u00f4ng s\u1ed1 chi ti\u1ebft<\/h3>\n<p>K\u00edch th\u01b0\u1edbc c\u1ee7a\u00a0<strong>gh\u1ebf H\u1ecdp T\u1ef1a L\u01b0\u1edbi GL433<\/strong>\u00a0\u0111\u01b0\u1ee3c thi\u1ebft k\u1ebf sao cho ph\u00f9 h\u1ee3p v\u1edbi nhi\u1ec1u \u0111\u1ed1i t\u01b0\u1ee3ng s\u1eed d\u1ee5ng kh\u00e1c nhau. V\u1edbi chi\u1ec1u r\u1ed9ng 560mm, chi\u1ec1u s\u00e2u 630mm v\u00e0 chi\u1ec1u cao 1005mm, gh\u1ebf mang \u0111\u1ebfn s\u1ef1 tho\u1ea3i m\u00e1i t\u1ed1i \u0111a cho ng\u01b0\u1eddi ng\u1ed3i.<\/p>\n<p>N\u00f3 v\u1eeba \u0111\u1ee7 \u0111\u1ec3 kh\u00f4ng g\u00e2y ch\u1eadt ch\u1ed9i, l\u1ea1i v\u1eeba \u0111\u1ee7 \u0111\u1ec3 b\u1ea1n c\u00f3 th\u1ec3 di chuy\u1ec3n d\u1ec5 d\u00e0ng. Ngo\u00e0i ra, khung ch\u00e2n b\u1eb1ng th\u00e9p m\u1ea1 s\u1eed d\u1ee5ng \u1ed1ng 20&#215;30 gi\u00fap t\u0103ng \u0111\u1ed9 b\u1ec1n v\u00e0 ch\u1eafc ch\u1eafn cho s\u1ea3n ph\u1ea9m.<\/p>\n<h3>Ch\u1ea5t li\u1ec7u v\u00e0 c\u1ea5u t\u1ea1o<\/h3>\n<p><strong>Gh\u1ebf H\u1ecdp T\u1ef1a L\u01b0\u1edbi GL433<\/strong>\u00a0\u0111\u01b0\u1ee3c l\u00e0m t\u1eeb nh\u1eefng ch\u1ea5t li\u1ec7u cao c\u1ea5p, bao g\u1ed3m \u0111\u1ec7m m\u00fat b\u1ecdc v\u1ea3i m\u1ec1m m\u1ea1i v\u00e0 t\u1ef1a l\u01b0ng b\u1ecdc v\u1ea3i l\u01b0\u1edbi. Ch\u1ea5t li\u1ec7u n\u00e0y kh\u00f4ng ch\u1ec9 t\u1ea1o c\u1ea3m gi\u00e1c \u00eam \u00e1i m\u00e0 c\u00f2n d\u1ec5 d\u00e0ng v\u1ec7 sinh v\u00e0 b\u1ea3o qu\u1ea3n.<\/p>\n<p>Khung gh\u1ebf \u0111\u01b0\u1ee3c ch\u1ebf t\u00e1c t\u1eeb th\u00e9p m\u1ea1, mang l\u1ea1i \u0111\u1ed9 b\u1ec1n v\u00e0 kh\u1ea3 n\u0103ng ch\u1ecbu l\u1ef1c t\u1ed1t. C\u00e1c chi ti\u1ebft nh\u01b0 tay gh\u1ebf b\u1eb1ng nh\u1ef1a \u0111\u01b0\u1ee3c gia c\u00f4ng t\u1ec9 m\u1ec9, gi\u00fap t\u0103ng t\u00ednh th\u1ea9m m\u1ef9 v\u00e0 s\u1ef1 ti\u1ec7n l\u1ee3i cho ng\u01b0\u1eddi s\u1eed d\u1ee5ng.<\/p>\n","protected":false},"excerpt":{"rendered":"<p>Th\u00f4ng s\u1ed1 k\u1ef9 thu\u1eadt gh\u1ebf h\u1ecdp t\u1ef1a l\u01b0\u1edbi GL433 M\u1ed9t trong nh\u1eefng y\u1ebfu t\u1ed1 quan tr\u1ecdng khi l\u1ef1a ch\u1ecdn gh\u1ebf<\/p>\n","protected":false},"featured_media":31519,"comment_status":"open","ping_status":"closed","template":"","meta":[],"product_brand":[185],"product_cat":[77],"product_tag":[],"class_list":{"0":"post-31518","1":"product","2":"type-product","3":"status-publish","4":"has-post-thumbnail","6":"product_brand-ghe-van-phong","7":"product_cat-noi-that-van-phong-truong-hoc","9":"first","10":"instock","11":"shipping-taxable","12":"product-type-simple"},"_links":{"self":[{"href":"https:\/\/108giahoa.com\/index.php?rest_route=\/wp\/v2\/product\/31518","targetHints":{"allow":["GET"]}}],"collection":[{"href":"https:\/\/108giahoa.com\/index.php?rest_route=\/wp\/v2\/product"}],"about":[{"href":"https:\/\/108giahoa.com\/index.php?rest_route=\/wp\/v2\/types\/product"}],"replies":[{"embeddable":true,"href":"https:\/\/108giahoa.com\/index.php?rest_route=%2Fwp%2Fv2%2Fcomments&post=31518"}],"version-history":[{"count":1,"href":"https:\/\/108giahoa.com\/index.php?rest_route=\/wp\/v2\/product\/31518\/revisions"}],"predecessor-version":[{"id":31520,"href":"https:\/\/108giahoa.com\/index.php?rest_route=\/wp\/v2\/product\/31518\/revisions\/31520"}],"wp:featuredmedia":[{"embeddable":true,"href":"https:\/\/108giahoa.com\/index.php?rest_route=\/wp\/v2\/media\/31519"}],"wp:attachment":[{"href":"https:\/\/108giahoa.com\/index.php?rest_route=%2Fwp%2Fv2%2Fmedia&parent=31518"}],"wp:term":[{"taxonomy":"product_brand","embeddable":true,"href":"https:\/\/108giahoa.com\/index.php?rest_route=%2Fwp%2Fv2%2Fproduct_brand&post=31518"},{"taxonomy":"product_cat","embeddable":true,"href":"https:\/\/108giahoa.com\/index.php?rest_route=%2Fwp%2Fv2%2Fproduct_cat&post=31518"},{"taxonomy":"product_tag","embeddable":true,"href":"https:\/\/108giahoa.com\/index.php?rest_route=%2Fwp%2Fv2%2Fproduct_tag&post=31518"}],"curies":[{"name":"wp","href":"https:\/\/api.w.org\/{rel}","templated":true}]}}