{"id":31527,"date":"2026-03-24T06:37:43","date_gmt":"2026-03-24T06:37:43","guid":{"rendered":"https:\/\/108giahoa.com\/?post_type=product&#038;p=31527"},"modified":"2026-03-24T06:38:17","modified_gmt":"2026-03-24T06:38:17","slug":"ghe-phong-cho","status":"publish","type":"product","link":"https:\/\/108giahoa.com\/?product=ghe-phong-cho","title":{"rendered":"Gh\u1ebf ph\u00f2ng ch\u1edd 4 ch\u1ed7 ng\u1ed3i"},"content":{"rendered":"<p>Gh\u1ebf ph\u00f2ng ch\u1edd khung th\u00e9p \u0111\u1ec7m t\u1ef1a t\u00f4n \u0111\u1ed9t l\u1ed7 s\u01a1n + n\u1eb9p m\u1ea1.<\/p>\n<p>Ch\u00e2n t\u00f4n d\u1eadp \u0111\u1ecbnh h\u00ecnh s\u01a1n ghi, x\u00e0 gh\u1ebf s\u01a1n \u0111en.<\/p>\n<p>K\u00edch th\u01b0\u1edbc:<\/p>\n<p>GPC07-4: W2300 x D620 x H870 (mm)<\/p>\n<p>GPC07-5: W2860 x D620 x H870 (mm)<\/p>\n<p>Dung sai k\u00edch th\u01b0\u1edbc: \u00b1 20 mm<\/p>\n<p>(L\u01b0u \u00fd: M\u00e0u s\u1eafc hi\u1ec3n th\u1ecb tr\u00ean website c\u00f3 th\u1ec3 kh\u00f4ng ch\u00ednh x\u00e1c do ch\u1ee5p \u1ea3nh, ho\u1eb7c m\u00f4 ph\u1ecfng b\u1eb1ng \u1ea3nh 3D.<\/p>\n","protected":false},"excerpt":{"rendered":"<p>Gh\u1ebf ph\u00f2ng ch\u1edd khung th\u00e9p \u0111\u1ec7m t\u1ef1a t\u00f4n \u0111\u1ed9t l\u1ed7 s\u01a1n + n\u1eb9p m\u1ea1. Ch\u00e2n t\u00f4n d\u1eadp \u0111\u1ecbnh h\u00ecnh s\u01a1n<\/p>\n","protected":false},"featured_media":31528,"comment_status":"open","ping_status":"closed","template":"","meta":[],"product_brand":[186],"product_cat":[77],"product_tag":[],"class_list":{"0":"post-31527","1":"product","2":"type-product","3":"status-publish","4":"has-post-thumbnail","6":"product_brand-bang-ghe-cho","7":"product_cat-noi-that-van-phong-truong-hoc","9":"first","10":"instock","11":"shipping-taxable","12":"product-type-simple"},"_links":{"self":[{"href":"https:\/\/108giahoa.com\/index.php?rest_route=\/wp\/v2\/product\/31527","targetHints":{"allow":["GET"]}}],"collection":[{"href":"https:\/\/108giahoa.com\/index.php?rest_route=\/wp\/v2\/product"}],"about":[{"href":"https:\/\/108giahoa.com\/index.php?rest_route=\/wp\/v2\/types\/product"}],"replies":[{"embeddable":true,"href":"https:\/\/108giahoa.com\/index.php?rest_route=%2Fwp%2Fv2%2Fcomments&post=31527"}],"version-history":[{"count":3,"href":"https:\/\/108giahoa.com\/index.php?rest_route=\/wp\/v2\/product\/31527\/revisions"}],"predecessor-version":[{"id":31537,"href":"https:\/\/108giahoa.com\/index.php?rest_route=\/wp\/v2\/product\/31527\/revisions\/31537"}],"wp:featuredmedia":[{"embeddable":true,"href":"https:\/\/108giahoa.com\/index.php?rest_route=\/wp\/v2\/media\/31528"}],"wp:attachment":[{"href":"https:\/\/108giahoa.com\/index.php?rest_route=%2Fwp%2Fv2%2Fmedia&parent=31527"}],"wp:term":[{"taxonomy":"product_brand","embeddable":true,"href":"https:\/\/108giahoa.com\/index.php?rest_route=%2Fwp%2Fv2%2Fproduct_brand&post=31527"},{"taxonomy":"product_cat","embeddable":true,"href":"https:\/\/108giahoa.com\/index.php?rest_route=%2Fwp%2Fv2%2Fproduct_cat&post=31527"},{"taxonomy":"product_tag","embeddable":true,"href":"https:\/\/108giahoa.com\/index.php?rest_route=%2Fwp%2Fv2%2Fproduct_tag&post=31527"}],"curies":[{"name":"wp","href":"https:\/\/api.w.org\/{rel}","templated":true}]}}