{"id":31545,"date":"2026-03-24T06:52:12","date_gmt":"2026-03-24T06:52:12","guid":{"rendered":"https:\/\/108giahoa.com\/?post_type=product&#038;p=31545"},"modified":"2026-03-24T06:52:12","modified_gmt":"2026-03-24T06:52:12","slug":"ghe-phong-cho-3-cho-2","status":"publish","type":"product","link":"https:\/\/108giahoa.com\/?product=ghe-phong-cho-3-cho-2","title":{"rendered":"Gh\u1ebf ph\u00f2ng ch\u1edd 3 ch\u1ed7"},"content":{"rendered":"<p>Gh\u1ebf ph\u00f2ng ch\u1edd c\u00f3 ch\u00e2n v\u00e0 \u0111\u1ec7m b\u1eb1ng Inox c\u00f3 \u0111\u1ed9t l\u1ed7, ph\u1ea7n khung gi\u1eb1ng \u0111\u1ee1 \u0111\u1ec7m b\u1eb1ng th\u00e9p s\u01a1n t\u0129nh \u0111i\u1ec7n<\/p>\n<p>K\u00edch th\u01b0\u1edbc:<\/p>\n<ul>\n<li>GPC04I-3: W1830 x D670 x H770 (mm)<\/li>\n<\/ul>\n<p>Dung sai k\u00edch th\u01b0\u1edbc: \u00b1 20 mm<\/p>\n","protected":false},"excerpt":{"rendered":"<p>Gh\u1ebf ph\u00f2ng ch\u1edd c\u00f3 ch\u00e2n v\u00e0 \u0111\u1ec7m b\u1eb1ng Inox c\u00f3 \u0111\u1ed9t l\u1ed7, ph\u1ea7n khung gi\u1eb1ng \u0111\u1ee1 \u0111\u1ec7m b\u1eb1ng th\u00e9p s\u01a1n<\/p>\n","protected":false},"featured_media":31546,"comment_status":"open","ping_status":"closed","template":"","meta":[],"product_brand":[186],"product_cat":[77],"product_tag":[],"class_list":{"0":"post-31545","1":"product","2":"type-product","3":"status-publish","4":"has-post-thumbnail","6":"product_brand-bang-ghe-cho","7":"product_cat-noi-that-van-phong-truong-hoc","9":"first","10":"instock","11":"shipping-taxable","12":"product-type-simple"},"_links":{"self":[{"href":"https:\/\/108giahoa.com\/index.php?rest_route=\/wp\/v2\/product\/31545","targetHints":{"allow":["GET"]}}],"collection":[{"href":"https:\/\/108giahoa.com\/index.php?rest_route=\/wp\/v2\/product"}],"about":[{"href":"https:\/\/108giahoa.com\/index.php?rest_route=\/wp\/v2\/types\/product"}],"replies":[{"embeddable":true,"href":"https:\/\/108giahoa.com\/index.php?rest_route=%2Fwp%2Fv2%2Fcomments&post=31545"}],"version-history":[{"count":1,"href":"https:\/\/108giahoa.com\/index.php?rest_route=\/wp\/v2\/product\/31545\/revisions"}],"predecessor-version":[{"id":31547,"href":"https:\/\/108giahoa.com\/index.php?rest_route=\/wp\/v2\/product\/31545\/revisions\/31547"}],"wp:featuredmedia":[{"embeddable":true,"href":"https:\/\/108giahoa.com\/index.php?rest_route=\/wp\/v2\/media\/31546"}],"wp:attachment":[{"href":"https:\/\/108giahoa.com\/index.php?rest_route=%2Fwp%2Fv2%2Fmedia&parent=31545"}],"wp:term":[{"taxonomy":"product_brand","embeddable":true,"href":"https:\/\/108giahoa.com\/index.php?rest_route=%2Fwp%2Fv2%2Fproduct_brand&post=31545"},{"taxonomy":"product_cat","embeddable":true,"href":"https:\/\/108giahoa.com\/index.php?rest_route=%2Fwp%2Fv2%2Fproduct_cat&post=31545"},{"taxonomy":"product_tag","embeddable":true,"href":"https:\/\/108giahoa.com\/index.php?rest_route=%2Fwp%2Fv2%2Fproduct_tag&post=31545"}],"curies":[{"name":"wp","href":"https:\/\/api.w.org\/{rel}","templated":true}]}}