{"id":31566,"date":"2026-03-24T07:15:07","date_gmt":"2026-03-24T07:15:07","guid":{"rendered":"https:\/\/108giahoa.com\/?post_type=product&#038;p=31566"},"modified":"2026-03-24T07:15:07","modified_gmt":"2026-03-24T07:15:07","slug":"ghe-don-inox","status":"publish","type":"product","link":"https:\/\/108giahoa.com\/?product=ghe-don-inox","title":{"rendered":"Gh\u1ebf \u0111\u00f4n inox"},"content":{"rendered":"<p>GH\u1ebe \u0110\u00d4N INOX THE ONE GD05CI-2<\/p>\n<p>K\u00edch th\u01b0\u1edbc: \u2205365 x H450 (mm)<\/p>\n<p>S\u1eed d\u1ee5ng ch\u00e2n inox \u0111\u1eb7c phi 7mm. K\u1ebft c\u1ea5u ch\u1eafc ch\u1eafn, c\u00f3 6 ch\u00e2n th\u1eb3ng. \u0110\u1ec7m b\u1ecdc PVC.<\/p>\n<p>Dung sai k\u00edch th\u01b0\u1edbc: \u00b1 5 mm<\/p>\n","protected":false},"excerpt":{"rendered":"<p>GH\u1ebe \u0110\u00d4N INOX THE ONE GD05CI-2 K\u00edch th\u01b0\u1edbc: \u2205365 x H450 (mm) S\u1eed d\u1ee5ng ch\u00e2n inox \u0111\u1eb7c phi 7mm. K\u1ebft<\/p>\n","protected":false},"featured_media":31567,"comment_status":"open","ping_status":"closed","template":"","meta":[],"product_brand":[185],"product_cat":[77],"product_tag":[],"class_list":{"0":"post-31566","1":"product","2":"type-product","3":"status-publish","4":"has-post-thumbnail","6":"product_brand-ghe-van-phong","7":"product_cat-noi-that-van-phong-truong-hoc","9":"first","10":"instock","11":"shipping-taxable","12":"product-type-simple"},"_links":{"self":[{"href":"https:\/\/108giahoa.com\/index.php?rest_route=\/wp\/v2\/product\/31566","targetHints":{"allow":["GET"]}}],"collection":[{"href":"https:\/\/108giahoa.com\/index.php?rest_route=\/wp\/v2\/product"}],"about":[{"href":"https:\/\/108giahoa.com\/index.php?rest_route=\/wp\/v2\/types\/product"}],"replies":[{"embeddable":true,"href":"https:\/\/108giahoa.com\/index.php?rest_route=%2Fwp%2Fv2%2Fcomments&post=31566"}],"version-history":[{"count":1,"href":"https:\/\/108giahoa.com\/index.php?rest_route=\/wp\/v2\/product\/31566\/revisions"}],"predecessor-version":[{"id":31568,"href":"https:\/\/108giahoa.com\/index.php?rest_route=\/wp\/v2\/product\/31566\/revisions\/31568"}],"wp:featuredmedia":[{"embeddable":true,"href":"https:\/\/108giahoa.com\/index.php?rest_route=\/wp\/v2\/media\/31567"}],"wp:attachment":[{"href":"https:\/\/108giahoa.com\/index.php?rest_route=%2Fwp%2Fv2%2Fmedia&parent=31566"}],"wp:term":[{"taxonomy":"product_brand","embeddable":true,"href":"https:\/\/108giahoa.com\/index.php?rest_route=%2Fwp%2Fv2%2Fproduct_brand&post=31566"},{"taxonomy":"product_cat","embeddable":true,"href":"https:\/\/108giahoa.com\/index.php?rest_route=%2Fwp%2Fv2%2Fproduct_cat&post=31566"},{"taxonomy":"product_tag","embeddable":true,"href":"https:\/\/108giahoa.com\/index.php?rest_route=%2Fwp%2Fv2%2Fproduct_tag&post=31566"}],"curies":[{"name":"wp","href":"https:\/\/api.w.org\/{rel}","templated":true}]}}