{"id":31569,"date":"2026-03-24T07:17:49","date_gmt":"2026-03-24T07:17:49","guid":{"rendered":"https:\/\/108giahoa.com\/?post_type=product&#038;p=31569"},"modified":"2026-03-24T07:17:49","modified_gmt":"2026-03-24T07:17:49","slug":"ghe-gap-khung-thep-g03","status":"publish","type":"product","link":"https:\/\/108giahoa.com\/?product=ghe-gap-khung-thep-g03","title":{"rendered":"GH\u1ebe G\u1ea4P KHUNG TH\u00c9P G03"},"content":{"rendered":"<h2><strong>TH\u00d4NG S\u1ed0 K\u1ef8 THU\u1eacT<\/strong><\/h2>\n<ul>\n<li><strong>K\u00edch th\u01b0\u1edbc<\/strong>: W450 x D490 x H760 (mm)<\/li>\n<li><strong>Ch\u1ea5t li\u1ec7u<\/strong>: s\u1eaft, PVC<\/li>\n<li>T\u1ef1a l\u01b0ng gh\u1ebf \u0111\u01b0\u1ee3c thi\u1ebft k\u1ebf th\u1eb3ng gi\u00fap t\u01b0 th\u1ebf ng\u1ed3i \u0111\u00fang, khoa h\u1ecdc, gi\u00fap m\u00e1u l\u01b0u th\u00f4ng t\u1ed1t.<\/li>\n<li>N\u00fat nh\u1ef1a ch\u1ecbu l\u1ef1c g\u1eafn d\u01b0\u1edbi \u0111\u1ebf ch\u00e2n gh\u1ebf gi\u00fap c\u1ed1 \u0111\u1ecbnh, kh\u00f4ng b\u1ecb d\u1ecbch chuy\u1ec3n.<\/li>\n<li>\u0110\u1ec7m gh\u1ebf d\u00e0y d\u1eb7n v\u1eeba ph\u1ea3i, t\u1ea1o c\u1ea3m gi\u00e1c \u00eam \u00e1i th\u01b0 th\u00e1i khi ng\u1ed3i.<\/li>\n<\/ul>\n","protected":false},"excerpt":{"rendered":"<p>TH\u00d4NG S\u1ed0 K\u1ef8 THU\u1eacT K\u00edch th\u01b0\u1edbc: W450 x D490 x H760 (mm) Ch\u1ea5t li\u1ec7u: s\u1eaft, PVC T\u1ef1a l\u01b0ng gh\u1ebf \u0111\u01b0\u1ee3c<\/p>\n","protected":false},"featured_media":31570,"comment_status":"open","ping_status":"closed","template":"","meta":[],"product_brand":[185],"product_cat":[77],"product_tag":[],"class_list":{"0":"post-31569","1":"product","2":"type-product","3":"status-publish","4":"has-post-thumbnail","6":"product_brand-ghe-van-phong","7":"product_cat-noi-that-van-phong-truong-hoc","9":"first","10":"instock","11":"shipping-taxable","12":"product-type-simple"},"_links":{"self":[{"href":"https:\/\/108giahoa.com\/index.php?rest_route=\/wp\/v2\/product\/31569","targetHints":{"allow":["GET"]}}],"collection":[{"href":"https:\/\/108giahoa.com\/index.php?rest_route=\/wp\/v2\/product"}],"about":[{"href":"https:\/\/108giahoa.com\/index.php?rest_route=\/wp\/v2\/types\/product"}],"replies":[{"embeddable":true,"href":"https:\/\/108giahoa.com\/index.php?rest_route=%2Fwp%2Fv2%2Fcomments&post=31569"}],"version-history":[{"count":1,"href":"https:\/\/108giahoa.com\/index.php?rest_route=\/wp\/v2\/product\/31569\/revisions"}],"predecessor-version":[{"id":31571,"href":"https:\/\/108giahoa.com\/index.php?rest_route=\/wp\/v2\/product\/31569\/revisions\/31571"}],"wp:featuredmedia":[{"embeddable":true,"href":"https:\/\/108giahoa.com\/index.php?rest_route=\/wp\/v2\/media\/31570"}],"wp:attachment":[{"href":"https:\/\/108giahoa.com\/index.php?rest_route=%2Fwp%2Fv2%2Fmedia&parent=31569"}],"wp:term":[{"taxonomy":"product_brand","embeddable":true,"href":"https:\/\/108giahoa.com\/index.php?rest_route=%2Fwp%2Fv2%2Fproduct_brand&post=31569"},{"taxonomy":"product_cat","embeddable":true,"href":"https:\/\/108giahoa.com\/index.php?rest_route=%2Fwp%2Fv2%2Fproduct_cat&post=31569"},{"taxonomy":"product_tag","embeddable":true,"href":"https:\/\/108giahoa.com\/index.php?rest_route=%2Fwp%2Fv2%2Fproduct_tag&post=31569"}],"curies":[{"name":"wp","href":"https:\/\/api.w.org\/{rel}","templated":true}]}}