{"id":31572,"date":"2026-03-24T07:20:51","date_gmt":"2026-03-24T07:20:51","guid":{"rendered":"https:\/\/108giahoa.com\/?post_type=product&#038;p=31572"},"modified":"2026-03-24T07:20:52","modified_gmt":"2026-03-24T07:20:52","slug":"ghe-gap-khung-thep-g04","status":"publish","type":"product","link":"https:\/\/108giahoa.com\/?product=ghe-gap-khung-thep-g04","title":{"rendered":"GH\u1ebe G\u1ea4P KHUNG TH\u00c9P G04"},"content":{"rendered":"<h2><strong>TH\u00d4NG S\u1ed0 K\u1ef8 THU\u1eacT\u00a0<\/strong><\/h2>\n<ul>\n<li><strong>K\u00edch th\u01b0\u1edb<\/strong>c: W470 x H515 x H890 (mm)<\/li>\n<li><strong>Ch\u1ea5t li\u1ec7u<\/strong>: s\u1eaft, PVC<\/li>\n<li>Thi\u1ebft k\u1ebf ti\u1ebft ki\u1ec7m kh\u00f4ng gian \u1edf nh\u1eefng n\u01a1i c\u00f3 nhi\u1ec1u ng\u01b0\u1eddi hay ch\u1eadt h\u1eb9p l\u00e0 m\u1ed9t \u0111\u1eb7c \u0111i\u1ec3m n\u1ed5i b\u1eadt.<\/li>\n<li>T\u1ef1a l\u01b0ng gh\u1ebf c\u00f2n gi\u1eef t\u01b0 th\u1ebf ng\u1ed3i th\u1eb3ng, m\u00e1u huy\u1ebft \u0111\u01b0\u1ee3c l\u01b0u th\u00f4ng tr\u00e1nh c\u00e1c b\u1ec7nh v\u1ec1 c\u1ed9t s\u1ed1ng, \u0111au nh\u1ee9c vai g\u00e1y.<\/li>\n<li>Gh\u1ebf ng\u1ed3i \u0111\u01b0\u1ee3c thi\u1ebft k\u1ebf \u0111\u1ec7m v\u00e0 t\u1ef1a r\u1eddi nhau nh\u01b0ng b\u1ecdc PVC n\u00ean v\u00f4 c\u00f9ng \u00eam \u00e1i, ch\u01b0a k\u1ec3 c\u00f2n r\u1ea5t d\u1ec5 v\u1ec7 sinh.<img loading=\"lazy\" decoding=\"async\" class=\"alignnone size-medium wp-image-31574\" src=\"http:\/\/108giahoa.com\/wp-content\/uploads\/2026\/03\/z7652785424314_30e38299fc904a12a801547ba2185536-300x300.jpg\" alt=\"\" width=\"300\" height=\"300\" srcset=\"https:\/\/108giahoa.com\/wp-content\/uploads\/2026\/03\/z7652785424314_30e38299fc904a12a801547ba2185536-300x300.jpg 300w, https:\/\/108giahoa.com\/wp-content\/uploads\/2026\/03\/z7652785424314_30e38299fc904a12a801547ba2185536-150x150.jpg 150w, https:\/\/108giahoa.com\/wp-content\/uploads\/2026\/03\/z7652785424314_30e38299fc904a12a801547ba2185536-768x768.jpg 768w, https:\/\/108giahoa.com\/wp-content\/uploads\/2026\/03\/z7652785424314_30e38299fc904a12a801547ba2185536-430x430.jpg 430w, https:\/\/108giahoa.com\/wp-content\/uploads\/2026\/03\/z7652785424314_30e38299fc904a12a801547ba2185536-700x700.jpg 700w, https:\/\/108giahoa.com\/wp-content\/uploads\/2026\/03\/z7652785424314_30e38299fc904a12a801547ba2185536.jpg 800w\" sizes=\"auto, (max-width: 300px) 100vw, 300px\" \/><img loading=\"lazy\" decoding=\"async\" class=\"alignnone size-medium wp-image-31575\" src=\"http:\/\/108giahoa.com\/wp-content\/uploads\/2026\/03\/z7652785424414_27e2f1f1c6b5206af4c829ea6a36728f-300x300.jpg\" alt=\"\" width=\"300\" height=\"300\" srcset=\"https:\/\/108giahoa.com\/wp-content\/uploads\/2026\/03\/z7652785424414_27e2f1f1c6b5206af4c829ea6a36728f-300x300.jpg 300w, https:\/\/108giahoa.com\/wp-content\/uploads\/2026\/03\/z7652785424414_27e2f1f1c6b5206af4c829ea6a36728f-150x150.jpg 150w, https:\/\/108giahoa.com\/wp-content\/uploads\/2026\/03\/z7652785424414_27e2f1f1c6b5206af4c829ea6a36728f-768x768.jpg 768w, https:\/\/108giahoa.com\/wp-content\/uploads\/2026\/03\/z7652785424414_27e2f1f1c6b5206af4c829ea6a36728f-430x430.jpg 430w, https:\/\/108giahoa.com\/wp-content\/uploads\/2026\/03\/z7652785424414_27e2f1f1c6b5206af4c829ea6a36728f-700x700.jpg 700w, https:\/\/108giahoa.com\/wp-content\/uploads\/2026\/03\/z7652785424414_27e2f1f1c6b5206af4c829ea6a36728f.jpg 800w\" sizes=\"auto, (max-width: 300px) 100vw, 300px\" \/><\/li>\n<\/ul>\n","protected":false},"excerpt":{"rendered":"<p>TH\u00d4NG S\u1ed0 K\u1ef8 THU\u1eacT\u00a0 K\u00edch th\u01b0\u1edbc: W470 x H515 x H890 (mm) Ch\u1ea5t li\u1ec7u: s\u1eaft, PVC Thi\u1ebft k\u1ebf ti\u1ebft ki\u1ec7m<\/p>\n","protected":false},"featured_media":31573,"comment_status":"open","ping_status":"closed","template":"","meta":[],"product_brand":[185],"product_cat":[77],"product_tag":[],"class_list":{"0":"post-31572","1":"product","2":"type-product","3":"status-publish","4":"has-post-thumbnail","6":"product_brand-ghe-van-phong","7":"product_cat-noi-that-van-phong-truong-hoc","9":"first","10":"instock","11":"shipping-taxable","12":"product-type-simple"},"_links":{"self":[{"href":"https:\/\/108giahoa.com\/index.php?rest_route=\/wp\/v2\/product\/31572","targetHints":{"allow":["GET"]}}],"collection":[{"href":"https:\/\/108giahoa.com\/index.php?rest_route=\/wp\/v2\/product"}],"about":[{"href":"https:\/\/108giahoa.com\/index.php?rest_route=\/wp\/v2\/types\/product"}],"replies":[{"embeddable":true,"href":"https:\/\/108giahoa.com\/index.php?rest_route=%2Fwp%2Fv2%2Fcomments&post=31572"}],"version-history":[{"count":1,"href":"https:\/\/108giahoa.com\/index.php?rest_route=\/wp\/v2\/product\/31572\/revisions"}],"predecessor-version":[{"id":31576,"href":"https:\/\/108giahoa.com\/index.php?rest_route=\/wp\/v2\/product\/31572\/revisions\/31576"}],"wp:featuredmedia":[{"embeddable":true,"href":"https:\/\/108giahoa.com\/index.php?rest_route=\/wp\/v2\/media\/31573"}],"wp:attachment":[{"href":"https:\/\/108giahoa.com\/index.php?rest_route=%2Fwp%2Fv2%2Fmedia&parent=31572"}],"wp:term":[{"taxonomy":"product_brand","embeddable":true,"href":"https:\/\/108giahoa.com\/index.php?rest_route=%2Fwp%2Fv2%2Fproduct_brand&post=31572"},{"taxonomy":"product_cat","embeddable":true,"href":"https:\/\/108giahoa.com\/index.php?rest_route=%2Fwp%2Fv2%2Fproduct_cat&post=31572"},{"taxonomy":"product_tag","embeddable":true,"href":"https:\/\/108giahoa.com\/index.php?rest_route=%2Fwp%2Fv2%2Fproduct_tag&post=31572"}],"curies":[{"name":"wp","href":"https:\/\/api.w.org\/{rel}","templated":true}]}}