{"id":31591,"date":"2026-03-24T07:35:25","date_gmt":"2026-03-24T07:35:25","guid":{"rendered":"https:\/\/108giahoa.com\/?post_type=product&#038;p=31591"},"modified":"2026-03-24T07:35:25","modified_gmt":"2026-03-24T07:35:25","slug":"ghe-gap-khung-thep-g12","status":"publish","type":"product","link":"https:\/\/108giahoa.com\/?product=ghe-gap-khung-thep-g12","title":{"rendered":"GH\u1ebe G\u1ea4P KHUNG TH\u00c9P G12"},"content":{"rendered":"<h2><strong>TH\u00d4NG S\u1ed0 K\u1ef8 THU\u1eacT:<\/strong><\/h2>\n<ul>\n<li><strong>K\u00edch th\u01b0\u1edbc<\/strong>: W400\u00a0x D510 x H990 (mm)<\/li>\n<li><strong>Ch\u1ea5t li\u1ec7u<\/strong>: Gh\u1ebf g\u1ea5p khung inox, \u0111\u1ec7m t\u1ef1a b\u1ecdc PVC<\/li>\n<li>Gh\u1ebf \u0111\u01b0\u1ee3c l\u00e0m t\u1eeb inox, c\u00f3 t\u00ednh n\u0103ng ch\u1ed1ng g\u1ec9 s\u00e9t, ch\u1eafc ch\u1eafn v\u1edbi nh\u1eefng kh\u1edbp n\u1ed1i v\u00e0 m\u1ed1i h\u00e0n, \u0111\u1ec7m t\u1ef1a b\u1ecdc PVC v\u1edbi l\u1edbp b\u00f4ng \u00e9p t\u1ea1o c\u1ea3m gi\u00e1c tho\u1ea3i m\u00e1i cho ng\u01b0\u1eddi s\u1eed d\u1ee5ng c\u0169ng t\u1ea1o m\u00e0u s\u1eafc cho ng\u01b0\u1eddi nh\u00ecn.<\/li>\n<li>Ngo\u00e0i ra, gh\u1ebf c\u00f3 4 \u0111\u1ec7m cao su d\u01b0\u1edbi ch\u00e2n gh\u1ebf \u0111\u1ec3 gi\u1ea3m s\u1ef1 ma s\u00e1t cho s\u00e0n nh\u00e0, nh\u1eefng kh\u1edbp n\u1ed1i h\u1ee3p l\u00fd c\u00f3 kh\u1ea3 n\u0103ng g\u1ea5p m\u1edf d\u1ec5 d\u00e0ng.<\/li>\n<\/ul>\n","protected":false},"excerpt":{"rendered":"<p>TH\u00d4NG S\u1ed0 K\u1ef8 THU\u1eacT: K\u00edch th\u01b0\u1edbc: W400\u00a0x D510 x H990 (mm) Ch\u1ea5t li\u1ec7u: Gh\u1ebf g\u1ea5p khung inox, \u0111\u1ec7m t\u1ef1a b\u1ecdc<\/p>\n","protected":false},"featured_media":31592,"comment_status":"open","ping_status":"closed","template":"","meta":[],"product_brand":[185],"product_cat":[77],"product_tag":[],"class_list":{"0":"post-31591","1":"product","2":"type-product","3":"status-publish","4":"has-post-thumbnail","6":"product_brand-ghe-van-phong","7":"product_cat-noi-that-van-phong-truong-hoc","9":"first","10":"instock","11":"shipping-taxable","12":"product-type-simple"},"_links":{"self":[{"href":"https:\/\/108giahoa.com\/index.php?rest_route=\/wp\/v2\/product\/31591","targetHints":{"allow":["GET"]}}],"collection":[{"href":"https:\/\/108giahoa.com\/index.php?rest_route=\/wp\/v2\/product"}],"about":[{"href":"https:\/\/108giahoa.com\/index.php?rest_route=\/wp\/v2\/types\/product"}],"replies":[{"embeddable":true,"href":"https:\/\/108giahoa.com\/index.php?rest_route=%2Fwp%2Fv2%2Fcomments&post=31591"}],"version-history":[{"count":1,"href":"https:\/\/108giahoa.com\/index.php?rest_route=\/wp\/v2\/product\/31591\/revisions"}],"predecessor-version":[{"id":31593,"href":"https:\/\/108giahoa.com\/index.php?rest_route=\/wp\/v2\/product\/31591\/revisions\/31593"}],"wp:featuredmedia":[{"embeddable":true,"href":"https:\/\/108giahoa.com\/index.php?rest_route=\/wp\/v2\/media\/31592"}],"wp:attachment":[{"href":"https:\/\/108giahoa.com\/index.php?rest_route=%2Fwp%2Fv2%2Fmedia&parent=31591"}],"wp:term":[{"taxonomy":"product_brand","embeddable":true,"href":"https:\/\/108giahoa.com\/index.php?rest_route=%2Fwp%2Fv2%2Fproduct_brand&post=31591"},{"taxonomy":"product_cat","embeddable":true,"href":"https:\/\/108giahoa.com\/index.php?rest_route=%2Fwp%2Fv2%2Fproduct_cat&post=31591"},{"taxonomy":"product_tag","embeddable":true,"href":"https:\/\/108giahoa.com\/index.php?rest_route=%2Fwp%2Fv2%2Fproduct_tag&post=31591"}],"curies":[{"name":"wp","href":"https:\/\/api.w.org\/{rel}","templated":true}]}}