{"id":31594,"date":"2026-03-24T07:37:26","date_gmt":"2026-03-24T07:37:26","guid":{"rendered":"https:\/\/108giahoa.com\/?post_type=product&#038;p=31594"},"modified":"2026-03-24T07:37:28","modified_gmt":"2026-03-24T07:37:28","slug":"ghe-gap-khung-thep-g1499","status":"publish","type":"product","link":"https:\/\/108giahoa.com\/?product=ghe-gap-khung-thep-g1499","title":{"rendered":"GH\u1ebe G\u1ea4P KHUNG TH\u00c9P G1499"},"content":{"rendered":"<h2><strong>TH\u00d4NG S\u1ed0 K\u1ef8 THU\u1eacT<\/strong><\/h2>\n<ul>\n<li><strong>K\u00edch th\u01b0\u1edbc<\/strong>: W430 x D480 x H1025 (mm)<\/li>\n<li><strong>Ch\u1ea5t li\u1ec7u<\/strong>: s\u1eaft, v\u1ea3i<\/li>\n<li>Nh\u1edd nh\u1eefng m\u1ed1i h\u00e0n ch\u1eafc ch\u1eafn v\u00e0 s\u01a1n \u0111en t\u0129nh \u0111i\u1ec7n \u0111\u00e3 gi\u00fap gh\u1ebf th\u00eam ph\u1ea7n ch\u1eafc ch\u1eafn khi tr\u00e1nh b\u1ecb g\u1ec9 s\u00e9t.<\/li>\n<li>Thi\u1ebft k\u1ebf c\u00f3 c\u00e1c hoa v\u0103n b\u1eaft m\u1eaft, c\u00f9ng v\u1edbi l\u1edbp b\u00f4ng \u00e9p \u0111\u01b0\u1ee3c gh\u00e9p v\u1edbi mi\u1ebfng v\u00e1n g\u1ed7 c\u00f9ng v\u1edbi \u0111\u1ed9 d\u00e0i h\u1ee3p l\u00fd t\u1ea1o n\u00ean \u0111\u01b0\u1ee3c c\u1ea3m gi\u00e1c ng\u1ed3i tho\u1ea3i m\u00e1i.<\/li>\n<li>Nh\u1eefng thanh s\u1eaft v\u1eeba t\u1ea1o h\u00ecnh d\u00e1ng cho gh\u1ebf c\u0169ng \u0111\u1ed3ng th\u1eddi trang tr\u00ed cho gh\u1ebf nh\u1eefng \u0111\u01b0\u1eddng cong t\u1ea1o \u0111i\u1ec3m nh\u1ea5n.<\/li>\n<li>M\u00e0u s\u1eafc gh\u1ebf \u0111\u01b0\u1ee3c ph\u1ed1i r\u1ea5t h\u1ee3p v\u1edbi v\u0103n ph\u00f2ng v\u1edbi m\u00e0u \u0111en c\u1ee7a ch\u00e2n gh\u1ebf \u0111\u01b0\u1ee3c ph\u1ed1i v\u1edbi m\u00e0u c\u1ee7a l\u01b0ng gh\u1ebf.<\/li>\n<\/ul>\n","protected":false},"excerpt":{"rendered":"<p>TH\u00d4NG S\u1ed0 K\u1ef8 THU\u1eacT K\u00edch th\u01b0\u1edbc: W430 x D480 x H1025 (mm) Ch\u1ea5t li\u1ec7u: s\u1eaft, v\u1ea3i Nh\u1edd nh\u1eefng m\u1ed1i h\u00e0n<\/p>\n","protected":false},"featured_media":31595,"comment_status":"open","ping_status":"closed","template":"","meta":[],"product_brand":[185],"product_cat":[77],"product_tag":[],"class_list":{"0":"post-31594","1":"product","2":"type-product","3":"status-publish","4":"has-post-thumbnail","6":"product_brand-ghe-van-phong","7":"product_cat-noi-that-van-phong-truong-hoc","9":"first","10":"instock","11":"shipping-taxable","12":"product-type-simple"},"_links":{"self":[{"href":"https:\/\/108giahoa.com\/index.php?rest_route=\/wp\/v2\/product\/31594","targetHints":{"allow":["GET"]}}],"collection":[{"href":"https:\/\/108giahoa.com\/index.php?rest_route=\/wp\/v2\/product"}],"about":[{"href":"https:\/\/108giahoa.com\/index.php?rest_route=\/wp\/v2\/types\/product"}],"replies":[{"embeddable":true,"href":"https:\/\/108giahoa.com\/index.php?rest_route=%2Fwp%2Fv2%2Fcomments&post=31594"}],"version-history":[{"count":1,"href":"https:\/\/108giahoa.com\/index.php?rest_route=\/wp\/v2\/product\/31594\/revisions"}],"predecessor-version":[{"id":31596,"href":"https:\/\/108giahoa.com\/index.php?rest_route=\/wp\/v2\/product\/31594\/revisions\/31596"}],"wp:featuredmedia":[{"embeddable":true,"href":"https:\/\/108giahoa.com\/index.php?rest_route=\/wp\/v2\/media\/31595"}],"wp:attachment":[{"href":"https:\/\/108giahoa.com\/index.php?rest_route=%2Fwp%2Fv2%2Fmedia&parent=31594"}],"wp:term":[{"taxonomy":"product_brand","embeddable":true,"href":"https:\/\/108giahoa.com\/index.php?rest_route=%2Fwp%2Fv2%2Fproduct_brand&post=31594"},{"taxonomy":"product_cat","embeddable":true,"href":"https:\/\/108giahoa.com\/index.php?rest_route=%2Fwp%2Fv2%2Fproduct_cat&post=31594"},{"taxonomy":"product_tag","embeddable":true,"href":"https:\/\/108giahoa.com\/index.php?rest_route=%2Fwp%2Fv2%2Fproduct_tag&post=31594"}],"curies":[{"name":"wp","href":"https:\/\/api.w.org\/{rel}","templated":true}]}}