{"id":31600,"date":"2026-03-24T07:40:37","date_gmt":"2026-03-24T07:40:37","guid":{"rendered":"https:\/\/108giahoa.com\/?post_type=product&#038;p=31600"},"modified":"2026-03-24T07:40:39","modified_gmt":"2026-03-24T07:40:39","slug":"ghe-don-chan-tinh-gd21i","status":"publish","type":"product","link":"https:\/\/108giahoa.com\/?product=ghe-don-chan-tinh-gd21i","title":{"rendered":"Gh\u1ebf \u0111\u00f4n ch\u00e2n t\u0129nh GD21I"},"content":{"rendered":"<h2 id=\"ecaf116231d9548b4becbd83489995ba6\">Th\u00f4ng s\u1ed1 k\u1ef9 thu\u1eadt<\/h2>\n<h3 id=\"ea48afe086225ce0ef6ac332c866027ba\">K\u00edch th\u01b0\u1edbc<\/h3>\n<ul>\n<li data-list-item-id=\"e6f4e0c65291444bba1e26b770627d3e8\">Chi\u1ec1u r\u1ed9ng (W): 385 mm<\/li>\n<li data-list-item-id=\"eaf612d128ae05e8ac4596e72fa91b757\">Chi\u1ec1u s\u00e2u (D): 385 mm<\/li>\n<li data-list-item-id=\"e2dffc49ace67f289ee6da29ab410141e\">Chi\u1ec1u cao (H): 445 mm<\/li>\n<li data-list-item-id=\"ef73236fdb8bb3e832a8c4e8d91647c91\">\u0110\u01b0\u1eddng k\u00ednh m\u1eb7t gh\u1ebf: 270 mm<\/li>\n<li data-list-item-id=\"ed84ae36e395adbaeb7995ce13531a670\">Dung sai k\u00edch th\u01b0\u1edbc: \u00b1 5 mm<\/li>\n<\/ul>\n<h3 id=\"eab764bbf7b0357a0c8383ab3a1856f7a\">V\u1eadt li\u1ec7u<\/h3>\n<ul>\n<li data-list-item-id=\"eeb750ce9b3015735699df31061f559df\">Khung gh\u1ebf: Inox cao c\u1ea5p<\/li>\n<li data-list-item-id=\"eacbdcb05e11a999845cb1d7abcef8c6a\">M\u1eb7t gh\u1ebf: Inox m\u1eb7t s\u1ea7n<\/li>\n<li data-list-item-id=\"ee833615c4917655185286f6bb08c057a\">Ch\u00e2n gh\u1ebf: Inox ch\u1eafc ch\u1eafn<\/li>\n<\/ul>\n<h3 id=\"eac7987e600f907bd89d51eb4f491fff7\">Kh\u1ea3 n\u0103ng ch\u1ecbu l\u1ef1c<\/h3>\n<ul>\n<li data-list-item-id=\"e63cae04c3124831cc08e009c5eb58401\">T\u1ea3i tr\u1ecdng t\u1ed1i \u0111a: \u0110\u1ea1t ti\u00eau chu\u1ea9n s\u1eed d\u1ee5ng th\u00f4ng th\u01b0\u1eddng<\/li>\n<li data-list-item-id=\"ea05d24f53a5c21b0062d01779de54d2e\">Kh\u1ea3 n\u0103ng ch\u1ed1ng bi\u1ebfn d\u1ea1ng: Cao<\/li>\n<\/ul>\n","protected":false},"excerpt":{"rendered":"<p>Th\u00f4ng s\u1ed1 k\u1ef9 thu\u1eadt K\u00edch th\u01b0\u1edbc Chi\u1ec1u r\u1ed9ng (W): 385 mm Chi\u1ec1u s\u00e2u (D): 385 mm Chi\u1ec1u cao (H): 445<\/p>\n","protected":false},"featured_media":31601,"comment_status":"open","ping_status":"closed","template":"","meta":[],"product_brand":[185],"product_cat":[77],"product_tag":[],"class_list":{"0":"post-31600","1":"product","2":"type-product","3":"status-publish","4":"has-post-thumbnail","6":"product_brand-ghe-van-phong","7":"product_cat-noi-that-van-phong-truong-hoc","9":"first","10":"instock","11":"shipping-taxable","12":"product-type-simple"},"_links":{"self":[{"href":"https:\/\/108giahoa.com\/index.php?rest_route=\/wp\/v2\/product\/31600","targetHints":{"allow":["GET"]}}],"collection":[{"href":"https:\/\/108giahoa.com\/index.php?rest_route=\/wp\/v2\/product"}],"about":[{"href":"https:\/\/108giahoa.com\/index.php?rest_route=\/wp\/v2\/types\/product"}],"replies":[{"embeddable":true,"href":"https:\/\/108giahoa.com\/index.php?rest_route=%2Fwp%2Fv2%2Fcomments&post=31600"}],"version-history":[{"count":1,"href":"https:\/\/108giahoa.com\/index.php?rest_route=\/wp\/v2\/product\/31600\/revisions"}],"predecessor-version":[{"id":31602,"href":"https:\/\/108giahoa.com\/index.php?rest_route=\/wp\/v2\/product\/31600\/revisions\/31602"}],"wp:featuredmedia":[{"embeddable":true,"href":"https:\/\/108giahoa.com\/index.php?rest_route=\/wp\/v2\/media\/31601"}],"wp:attachment":[{"href":"https:\/\/108giahoa.com\/index.php?rest_route=%2Fwp%2Fv2%2Fmedia&parent=31600"}],"wp:term":[{"taxonomy":"product_brand","embeddable":true,"href":"https:\/\/108giahoa.com\/index.php?rest_route=%2Fwp%2Fv2%2Fproduct_brand&post=31600"},{"taxonomy":"product_cat","embeddable":true,"href":"https:\/\/108giahoa.com\/index.php?rest_route=%2Fwp%2Fv2%2Fproduct_cat&post=31600"},{"taxonomy":"product_tag","embeddable":true,"href":"https:\/\/108giahoa.com\/index.php?rest_route=%2Fwp%2Fv2%2Fproduct_tag&post=31600"}],"curies":[{"name":"wp","href":"https:\/\/api.w.org\/{rel}","templated":true}]}}