{"id":31603,"date":"2026-03-24T07:42:10","date_gmt":"2026-03-24T07:42:10","guid":{"rendered":"https:\/\/108giahoa.com\/?post_type=product&#038;p=31603"},"modified":"2026-03-24T07:42:12","modified_gmt":"2026-03-24T07:42:12","slug":"ghe-don-chan-tinh-gd04","status":"publish","type":"product","link":"https:\/\/108giahoa.com\/?product=ghe-don-chan-tinh-gd04","title":{"rendered":"GH\u1ebe \u0110\u00d4N CH\u00c2N T\u0128NH GD04"},"content":{"rendered":"<h2>Th\u00f4ng s\u1ed1 k\u1ef9 thu\u1eadt<\/h2>\n<ul>\n<li><strong>M\u00e3 s\u1ea3n ph\u1ea9m<\/strong>: GD04<\/li>\n<li><strong>K\u00edch th\u01b0\u1edbc<\/strong>: W430 x D430 x H450 mm (Dung sai k\u00edch th\u01b0\u1edbc: \u00b1 5 mm)<\/li>\n<li><strong>Ch\u1ea5t li\u1ec7u khung<\/strong>: Th\u00e9p m\u1ea1 ho\u1eb7c s\u01a1n t\u0129nh \u0111i\u1ec7n<\/li>\n<li><strong>Ch\u1ea5t li\u1ec7u \u0111\u1ec7m<\/strong>: M\u00fat b\u1ecdc PVC cao c\u1ea5p<\/li>\n<li><strong>Ki\u1ec3u d\u00e1ng<\/strong>: Gh\u1ebf \u0111\u00f4n ch\u00e2n t\u0129nh (kh\u00f4ng c\u00f3 b\u00e1nh xe)<\/li>\n<li><strong>M\u00e0u s\u1eafc<\/strong>: \u0110a d\u1ea1ng t\u00f9y ch\u1ecdn<\/li>\n<\/ul>\n","protected":false},"excerpt":{"rendered":"<p>Th\u00f4ng s\u1ed1 k\u1ef9 thu\u1eadt M\u00e3 s\u1ea3n ph\u1ea9m: GD04 K\u00edch th\u01b0\u1edbc: W430 x D430 x H450 mm (Dung sai k\u00edch th\u01b0\u1edbc:<\/p>\n","protected":false},"featured_media":31604,"comment_status":"open","ping_status":"closed","template":"","meta":[],"product_brand":[185],"product_cat":[77],"product_tag":[],"class_list":{"0":"post-31603","1":"product","2":"type-product","3":"status-publish","4":"has-post-thumbnail","6":"product_brand-ghe-van-phong","7":"product_cat-noi-that-van-phong-truong-hoc","9":"first","10":"instock","11":"shipping-taxable","12":"product-type-simple"},"_links":{"self":[{"href":"https:\/\/108giahoa.com\/index.php?rest_route=\/wp\/v2\/product\/31603","targetHints":{"allow":["GET"]}}],"collection":[{"href":"https:\/\/108giahoa.com\/index.php?rest_route=\/wp\/v2\/product"}],"about":[{"href":"https:\/\/108giahoa.com\/index.php?rest_route=\/wp\/v2\/types\/product"}],"replies":[{"embeddable":true,"href":"https:\/\/108giahoa.com\/index.php?rest_route=%2Fwp%2Fv2%2Fcomments&post=31603"}],"version-history":[{"count":1,"href":"https:\/\/108giahoa.com\/index.php?rest_route=\/wp\/v2\/product\/31603\/revisions"}],"predecessor-version":[{"id":31605,"href":"https:\/\/108giahoa.com\/index.php?rest_route=\/wp\/v2\/product\/31603\/revisions\/31605"}],"wp:featuredmedia":[{"embeddable":true,"href":"https:\/\/108giahoa.com\/index.php?rest_route=\/wp\/v2\/media\/31604"}],"wp:attachment":[{"href":"https:\/\/108giahoa.com\/index.php?rest_route=%2Fwp%2Fv2%2Fmedia&parent=31603"}],"wp:term":[{"taxonomy":"product_brand","embeddable":true,"href":"https:\/\/108giahoa.com\/index.php?rest_route=%2Fwp%2Fv2%2Fproduct_brand&post=31603"},{"taxonomy":"product_cat","embeddable":true,"href":"https:\/\/108giahoa.com\/index.php?rest_route=%2Fwp%2Fv2%2Fproduct_cat&post=31603"},{"taxonomy":"product_tag","embeddable":true,"href":"https:\/\/108giahoa.com\/index.php?rest_route=%2Fwp%2Fv2%2Fproduct_tag&post=31603"}],"curies":[{"name":"wp","href":"https:\/\/api.w.org\/{rel}","templated":true}]}}