{"id":31610,"date":"2026-03-24T07:51:11","date_gmt":"2026-03-24T07:51:11","guid":{"rendered":"https:\/\/108giahoa.com\/?post_type=product&#038;p=31610"},"modified":"2026-03-24T07:51:11","modified_gmt":"2026-03-24T07:51:11","slug":"ban-hoi-truong-veneer","status":"publish","type":"product","link":"https:\/\/108giahoa.com\/?product=ban-hoi-truong-veneer","title":{"rendered":"B\u00c0N H\u1ed8I TR\u01af\u1edcNG VENEER"},"content":{"rendered":"<h2>Th\u00f4ng s\u1ed1 k\u1ef9 thu\u1eadt<\/h2>\n<ul>\n<li><strong>M\u00e3 s\u1ea3n ph\u1ea9m<\/strong>: BHT12DV1<\/li>\n<li><strong>K\u00edch th\u01b0\u1edbc<\/strong>: W1200 x D500 x H750 mm (Dung sai k\u00edch th\u01b0\u1edbc: \u00b1 5 mm)<\/li>\n<li><strong>C\u1ea5u tr\u00fac<\/strong>: B\u00e0n h\u1ed9i tr\u01b0\u1eddng g\u1ed7 Veneer, y\u1ebfm b\u00e0n \u0111\u01b0\u1ee3c trang tr\u00ed d\u00e1n gi\u1ea5y \u0111\u1ea5u v\u00e2n<\/li>\n<li><strong>Ch\u1ea5t li\u1ec7u<\/strong>: G\u1ed7 c\u00f4ng nghi\u1ec7p ph\u1ee7 Veneer t\u1ef1 nhi\u00ean<\/li>\n<li><strong>M\u00e0u s\u1eafc<\/strong>: M\u00e0u t\u1ef1 nhi\u00ean c\u1ee7a g\u1ed7 Veneer (L\u01b0u \u00fd: M\u00e0u s\u1eafc hi\u1ec3n th\u1ecb tr\u00ean website c\u00f3 th\u1ec3 kh\u00f4ng ho\u00e0n to\u00e0n ch\u00ednh x\u00e1c do ch\u1ee5p \u1ea3nh ho\u1eb7c m\u00f4 ph\u1ecfng b\u1eb1ng \u1ea3nh 3D)<\/li>\n<li><strong>T\u00ednh n\u0103ng \u0111\u1eb7c bi\u1ec7t<\/strong>: Y\u1ebfm b\u00e0n trang tr\u00ed d\u00e1n gi\u1ea5y \u0111\u1ea5u v\u00e2n<\/li>\n<\/ul>\n","protected":false},"excerpt":{"rendered":"<p>Th\u00f4ng s\u1ed1 k\u1ef9 thu\u1eadt M\u00e3 s\u1ea3n ph\u1ea9m: BHT12DV1 K\u00edch th\u01b0\u1edbc: W1200 x D500 x H750 mm (Dung sai k\u00edch th\u01b0\u1edbc:<\/p>\n","protected":false},"featured_media":31611,"comment_status":"open","ping_status":"closed","template":"","meta":[],"product_brand":[135],"product_cat":[77],"product_tag":[],"class_list":{"0":"post-31610","1":"product","2":"type-product","3":"status-publish","4":"has-post-thumbnail","6":"product_brand-ban-ghe-hoi-truong","7":"product_cat-noi-that-van-phong-truong-hoc","9":"first","10":"instock","11":"shipping-taxable","12":"product-type-simple"},"_links":{"self":[{"href":"https:\/\/108giahoa.com\/index.php?rest_route=\/wp\/v2\/product\/31610","targetHints":{"allow":["GET"]}}],"collection":[{"href":"https:\/\/108giahoa.com\/index.php?rest_route=\/wp\/v2\/product"}],"about":[{"href":"https:\/\/108giahoa.com\/index.php?rest_route=\/wp\/v2\/types\/product"}],"replies":[{"embeddable":true,"href":"https:\/\/108giahoa.com\/index.php?rest_route=%2Fwp%2Fv2%2Fcomments&post=31610"}],"version-history":[{"count":1,"href":"https:\/\/108giahoa.com\/index.php?rest_route=\/wp\/v2\/product\/31610\/revisions"}],"predecessor-version":[{"id":31612,"href":"https:\/\/108giahoa.com\/index.php?rest_route=\/wp\/v2\/product\/31610\/revisions\/31612"}],"wp:featuredmedia":[{"embeddable":true,"href":"https:\/\/108giahoa.com\/index.php?rest_route=\/wp\/v2\/media\/31611"}],"wp:attachment":[{"href":"https:\/\/108giahoa.com\/index.php?rest_route=%2Fwp%2Fv2%2Fmedia&parent=31610"}],"wp:term":[{"taxonomy":"product_brand","embeddable":true,"href":"https:\/\/108giahoa.com\/index.php?rest_route=%2Fwp%2Fv2%2Fproduct_brand&post=31610"},{"taxonomy":"product_cat","embeddable":true,"href":"https:\/\/108giahoa.com\/index.php?rest_route=%2Fwp%2Fv2%2Fproduct_cat&post=31610"},{"taxonomy":"product_tag","embeddable":true,"href":"https:\/\/108giahoa.com\/index.php?rest_route=%2Fwp%2Fv2%2Fproduct_tag&post=31610"}],"curies":[{"name":"wp","href":"https:\/\/api.w.org\/{rel}","templated":true}]}}