{"id":31616,"date":"2026-03-24T07:54:58","date_gmt":"2026-03-24T07:54:58","guid":{"rendered":"https:\/\/108giahoa.com\/?post_type=product&#038;p=31616"},"modified":"2026-03-24T07:54:59","modified_gmt":"2026-03-24T07:54:59","slug":"ban-hoi-truong-4","status":"publish","type":"product","link":"https:\/\/108giahoa.com\/?product=ban-hoi-truong-4","title":{"rendered":"B\u00e0n h\u1ed9i tr\u01b0\u1eddng"},"content":{"rendered":"<p>B\u00e0n h\u1ed9i tr\u01b0\u1eddng y\u1ebfm s\u00e1t \u0111\u1ea5t, c\u00f3 \u0111\u1ee3t v\u00e0\u00a0b\u00e0n c\u00f3 3 ch\u00e2n.<\/p>\n<p>K\u00edch th\u01b0\u1edbc:<\/p>\n<ul>\n<li>AT1850D: W1800 x D500 x H750 (mm)<\/li>\n<li>AT2050D: W2000 x D500 x H750 (mm)<\/li>\n<\/ul>\n<p>Dung sai k\u00edch th\u01b0\u1edbc: \u00b1 5 mm<\/p>\n","protected":false},"excerpt":{"rendered":"<p>B\u00e0n h\u1ed9i tr\u01b0\u1eddng y\u1ebfm s\u00e1t \u0111\u1ea5t, c\u00f3 \u0111\u1ee3t v\u00e0\u00a0b\u00e0n c\u00f3 3 ch\u00e2n. K\u00edch th\u01b0\u1edbc: AT1850D: W1800 x D500 x H750<\/p>\n","protected":false},"featured_media":31617,"comment_status":"open","ping_status":"closed","template":"","meta":[],"product_brand":[135],"product_cat":[77],"product_tag":[],"class_list":{"0":"post-31616","1":"product","2":"type-product","3":"status-publish","4":"has-post-thumbnail","6":"product_brand-ban-ghe-hoi-truong","7":"product_cat-noi-that-van-phong-truong-hoc","9":"first","10":"instock","11":"shipping-taxable","12":"product-type-simple"},"_links":{"self":[{"href":"https:\/\/108giahoa.com\/index.php?rest_route=\/wp\/v2\/product\/31616","targetHints":{"allow":["GET"]}}],"collection":[{"href":"https:\/\/108giahoa.com\/index.php?rest_route=\/wp\/v2\/product"}],"about":[{"href":"https:\/\/108giahoa.com\/index.php?rest_route=\/wp\/v2\/types\/product"}],"replies":[{"embeddable":true,"href":"https:\/\/108giahoa.com\/index.php?rest_route=%2Fwp%2Fv2%2Fcomments&post=31616"}],"version-history":[{"count":1,"href":"https:\/\/108giahoa.com\/index.php?rest_route=\/wp\/v2\/product\/31616\/revisions"}],"predecessor-version":[{"id":31618,"href":"https:\/\/108giahoa.com\/index.php?rest_route=\/wp\/v2\/product\/31616\/revisions\/31618"}],"wp:featuredmedia":[{"embeddable":true,"href":"https:\/\/108giahoa.com\/index.php?rest_route=\/wp\/v2\/media\/31617"}],"wp:attachment":[{"href":"https:\/\/108giahoa.com\/index.php?rest_route=%2Fwp%2Fv2%2Fmedia&parent=31616"}],"wp:term":[{"taxonomy":"product_brand","embeddable":true,"href":"https:\/\/108giahoa.com\/index.php?rest_route=%2Fwp%2Fv2%2Fproduct_brand&post=31616"},{"taxonomy":"product_cat","embeddable":true,"href":"https:\/\/108giahoa.com\/index.php?rest_route=%2Fwp%2Fv2%2Fproduct_cat&post=31616"},{"taxonomy":"product_tag","embeddable":true,"href":"https:\/\/108giahoa.com\/index.php?rest_route=%2Fwp%2Fv2%2Fproduct_tag&post=31616"}],"curies":[{"name":"wp","href":"https:\/\/api.w.org\/{rel}","templated":true}]}}