{"id":31623,"date":"2026-03-24T08:00:09","date_gmt":"2026-03-24T08:00:09","guid":{"rendered":"https:\/\/108giahoa.com\/?post_type=product&#038;p=31623"},"modified":"2026-03-24T08:00:12","modified_gmt":"2026-03-24T08:00:12","slug":"ban-hoi-truong-khung-thep-2","status":"publish","type":"product","link":"https:\/\/108giahoa.com\/?product=ban-hoi-truong-khung-thep-2","title":{"rendered":"B\u00c0N H\u1ed8I TR\u01af\u1edcNG KHUNG TH\u00c9P"},"content":{"rendered":"<p>B\u00e0n h\u1ed9i tr\u01b0\u1eddng Unique khung th\u00e9p s\u01a1n t\u0129nh \u0111i\u1ec7n m\u00e0u tr\u1eafng, m\u1eb7t b\u00e0n g\u1ed7 melamine m\u00e0u M14 v\u00e0 c\u00f3 th\u1ec3 g\u1ea5p l\u1ea1i sau khi s\u1eed d\u1ee5ng.<\/p>\n<p>KT: W1200 x D600 x H750 (mm)<\/p>\n<p>Dung sai k\u00edch th\u01b0\u1edbc: \u00b1 5 mm<\/p>\n<p><img loading=\"lazy\" decoding=\"async\" class=\"alignnone size-medium wp-image-31626\" src=\"http:\/\/108giahoa.com\/wp-content\/uploads\/2026\/03\/z7652931686978_d512438f678c7acd557dd7113816e664-300x300.jpg\" alt=\"\" width=\"300\" height=\"300\" srcset=\"https:\/\/108giahoa.com\/wp-content\/uploads\/2026\/03\/z7652931686978_d512438f678c7acd557dd7113816e664-300x300.jpg 300w, https:\/\/108giahoa.com\/wp-content\/uploads\/2026\/03\/z7652931686978_d512438f678c7acd557dd7113816e664-150x150.jpg 150w, https:\/\/108giahoa.com\/wp-content\/uploads\/2026\/03\/z7652931686978_d512438f678c7acd557dd7113816e664-768x768.jpg 768w, https:\/\/108giahoa.com\/wp-content\/uploads\/2026\/03\/z7652931686978_d512438f678c7acd557dd7113816e664-430x430.jpg 430w, https:\/\/108giahoa.com\/wp-content\/uploads\/2026\/03\/z7652931686978_d512438f678c7acd557dd7113816e664-700x700.jpg 700w, https:\/\/108giahoa.com\/wp-content\/uploads\/2026\/03\/z7652931686978_d512438f678c7acd557dd7113816e664.jpg 800w\" sizes=\"auto, (max-width: 300px) 100vw, 300px\" \/><img loading=\"lazy\" decoding=\"async\" class=\"alignnone size-medium wp-image-31625\" src=\"http:\/\/108giahoa.com\/wp-content\/uploads\/2026\/03\/z7652931686976_0c94b89e0ec43eb8c40b49766221c31a-300x300.jpg\" alt=\"\" width=\"300\" height=\"300\" srcset=\"https:\/\/108giahoa.com\/wp-content\/uploads\/2026\/03\/z7652931686976_0c94b89e0ec43eb8c40b49766221c31a-300x300.jpg 300w, https:\/\/108giahoa.com\/wp-content\/uploads\/2026\/03\/z7652931686976_0c94b89e0ec43eb8c40b49766221c31a-150x150.jpg 150w, https:\/\/108giahoa.com\/wp-content\/uploads\/2026\/03\/z7652931686976_0c94b89e0ec43eb8c40b49766221c31a-768x768.jpg 768w, https:\/\/108giahoa.com\/wp-content\/uploads\/2026\/03\/z7652931686976_0c94b89e0ec43eb8c40b49766221c31a-430x430.jpg 430w, https:\/\/108giahoa.com\/wp-content\/uploads\/2026\/03\/z7652931686976_0c94b89e0ec43eb8c40b49766221c31a-700x700.jpg 700w, https:\/\/108giahoa.com\/wp-content\/uploads\/2026\/03\/z7652931686976_0c94b89e0ec43eb8c40b49766221c31a.jpg 800w\" sizes=\"auto, (max-width: 300px) 100vw, 300px\" \/><img loading=\"lazy\" decoding=\"async\" class=\"alignnone size-medium wp-image-31624\" src=\"http:\/\/108giahoa.com\/wp-content\/uploads\/2026\/03\/z7652931668030_8e480a7c76d16189f36e9fde4d53a39c-300x300.jpg\" alt=\"\" width=\"300\" height=\"300\" srcset=\"https:\/\/108giahoa.com\/wp-content\/uploads\/2026\/03\/z7652931668030_8e480a7c76d16189f36e9fde4d53a39c-300x300.jpg 300w, https:\/\/108giahoa.com\/wp-content\/uploads\/2026\/03\/z7652931668030_8e480a7c76d16189f36e9fde4d53a39c-150x150.jpg 150w, https:\/\/108giahoa.com\/wp-content\/uploads\/2026\/03\/z7652931668030_8e480a7c76d16189f36e9fde4d53a39c-430x430.jpg 430w, https:\/\/108giahoa.com\/wp-content\/uploads\/2026\/03\/z7652931668030_8e480a7c76d16189f36e9fde4d53a39c.jpg 500w\" sizes=\"auto, (max-width: 300px) 100vw, 300px\" \/><\/p>\n","protected":false},"excerpt":{"rendered":"<p>B\u00e0n h\u1ed9i tr\u01b0\u1eddng Unique khung th\u00e9p s\u01a1n t\u0129nh \u0111i\u1ec7n m\u00e0u tr\u1eafng, m\u1eb7t b\u00e0n g\u1ed7 melamine m\u00e0u M14 v\u00e0 c\u00f3 th\u1ec3<\/p>\n","protected":false},"featured_media":31624,"comment_status":"open","ping_status":"closed","template":"","meta":[],"product_brand":[135,134],"product_cat":[77],"product_tag":[],"class_list":{"0":"post-31623","1":"product","2":"type-product","3":"status-publish","4":"has-post-thumbnail","6":"product_brand-ban-ghe-hoi-truong","7":"product_brand-ban-ghe-phong-hoc","8":"product_cat-noi-that-van-phong-truong-hoc","10":"first","11":"instock","12":"shipping-taxable","13":"product-type-simple"},"_links":{"self":[{"href":"https:\/\/108giahoa.com\/index.php?rest_route=\/wp\/v2\/product\/31623","targetHints":{"allow":["GET"]}}],"collection":[{"href":"https:\/\/108giahoa.com\/index.php?rest_route=\/wp\/v2\/product"}],"about":[{"href":"https:\/\/108giahoa.com\/index.php?rest_route=\/wp\/v2\/types\/product"}],"replies":[{"embeddable":true,"href":"https:\/\/108giahoa.com\/index.php?rest_route=%2Fwp%2Fv2%2Fcomments&post=31623"}],"version-history":[{"count":1,"href":"https:\/\/108giahoa.com\/index.php?rest_route=\/wp\/v2\/product\/31623\/revisions"}],"predecessor-version":[{"id":31627,"href":"https:\/\/108giahoa.com\/index.php?rest_route=\/wp\/v2\/product\/31623\/revisions\/31627"}],"wp:featuredmedia":[{"embeddable":true,"href":"https:\/\/108giahoa.com\/index.php?rest_route=\/wp\/v2\/media\/31624"}],"wp:attachment":[{"href":"https:\/\/108giahoa.com\/index.php?rest_route=%2Fwp%2Fv2%2Fmedia&parent=31623"}],"wp:term":[{"taxonomy":"product_brand","embeddable":true,"href":"https:\/\/108giahoa.com\/index.php?rest_route=%2Fwp%2Fv2%2Fproduct_brand&post=31623"},{"taxonomy":"product_cat","embeddable":true,"href":"https:\/\/108giahoa.com\/index.php?rest_route=%2Fwp%2Fv2%2Fproduct_cat&post=31623"},{"taxonomy":"product_tag","embeddable":true,"href":"https:\/\/108giahoa.com\/index.php?rest_route=%2Fwp%2Fv2%2Fproduct_tag&post=31623"}],"curies":[{"name":"wp","href":"https:\/\/api.w.org\/{rel}","templated":true}]}}