{"id":31644,"date":"2026-03-24T08:16:11","date_gmt":"2026-03-24T08:16:11","guid":{"rendered":"https:\/\/108giahoa.com\/?post_type=product&#038;p=31644"},"modified":"2026-03-24T08:16:11","modified_gmt":"2026-03-24T08:16:11","slug":"buc-de-tuong-bac","status":"publish","type":"product","link":"https:\/\/108giahoa.com\/?product=buc-de-tuong-bac","title":{"rendered":"B\u1ee5c \u0110\u1ec3 T\u01b0\u1ee3ng B\u00e1c"},"content":{"rendered":"<p><strong>B\u1ee5c \u0110\u1ec3 T\u01b0\u1ee3ng B\u00e1c LTS04<\/strong>\u00a0\u0111\u01b0\u1ee3c ch\u1ebf t\u00e1c t\u1eeb g\u1ed7 Veneer, v\u1ed1n n\u1ed5i ti\u1ebfng v\u1edbi \u0111\u1ed9 b\u1ec1n v\u00e0 t\u00ednh th\u1ea9m m\u1ef9 cao.<\/p>\n<p>K\u00edch th\u01b0\u1edbc c\u1ee7a b\u1ee5c r\u1ea5t h\u1ee3p l\u00fd v\u1edbi W800 x D600 x H1220 mm (Dung sai k\u00edch th\u01b0\u1edbc: \u00b1 10 mm), gi\u00fap s\u1ea3n ph\u1ea9m d\u1ec5 d\u00e0ng \u0111\u1eb7t \u1edf nhi\u1ec1u v\u1ecb tr\u00ed kh\u00e1c nhau m\u00e0 kh\u00f4ng chi\u1ebfm qu\u00e1 nhi\u1ec1u di\u1ec7n t\u00edch. V\u1edbi chi\u1ec1u cao l\u00fd t\u01b0\u1edfng, b\u1ee5c n\u00e0y gi\u00fap t\u01b0\u1ee3ng B\u00e1c tr\u1edf th\u00e0nh t\u00e2m \u0111i\u1ec3m thu h\u00fat \u00e1nh nh\u00ecn, \u0111\u1ed3ng th\u1eddi th\u1ec3 hi\u1ec7n \u0111\u01b0\u1ee3c v\u1ebb trang nghi\u00eam c\u1ea7n thi\u1ebft.<\/p>\n","protected":false},"excerpt":{"rendered":"<p>B\u1ee5c \u0110\u1ec3 T\u01b0\u1ee3ng B\u00e1c LTS04\u00a0\u0111\u01b0\u1ee3c ch\u1ebf t\u00e1c t\u1eeb g\u1ed7 Veneer, v\u1ed1n n\u1ed5i ti\u1ebfng v\u1edbi \u0111\u1ed9 b\u1ec1n v\u00e0 t\u00ednh th\u1ea9m m\u1ef9<\/p>\n","protected":false},"featured_media":31645,"comment_status":"open","ping_status":"closed","template":"","meta":[],"product_brand":[169],"product_cat":[77],"product_tag":[],"class_list":{"0":"post-31644","1":"product","2":"type-product","3":"status-publish","4":"has-post-thumbnail","6":"product_brand-buc-phat-bieu","7":"product_cat-noi-that-van-phong-truong-hoc","9":"first","10":"instock","11":"shipping-taxable","12":"product-type-simple"},"_links":{"self":[{"href":"https:\/\/108giahoa.com\/index.php?rest_route=\/wp\/v2\/product\/31644","targetHints":{"allow":["GET"]}}],"collection":[{"href":"https:\/\/108giahoa.com\/index.php?rest_route=\/wp\/v2\/product"}],"about":[{"href":"https:\/\/108giahoa.com\/index.php?rest_route=\/wp\/v2\/types\/product"}],"replies":[{"embeddable":true,"href":"https:\/\/108giahoa.com\/index.php?rest_route=%2Fwp%2Fv2%2Fcomments&post=31644"}],"version-history":[{"count":1,"href":"https:\/\/108giahoa.com\/index.php?rest_route=\/wp\/v2\/product\/31644\/revisions"}],"predecessor-version":[{"id":31646,"href":"https:\/\/108giahoa.com\/index.php?rest_route=\/wp\/v2\/product\/31644\/revisions\/31646"}],"wp:featuredmedia":[{"embeddable":true,"href":"https:\/\/108giahoa.com\/index.php?rest_route=\/wp\/v2\/media\/31645"}],"wp:attachment":[{"href":"https:\/\/108giahoa.com\/index.php?rest_route=%2Fwp%2Fv2%2Fmedia&parent=31644"}],"wp:term":[{"taxonomy":"product_brand","embeddable":true,"href":"https:\/\/108giahoa.com\/index.php?rest_route=%2Fwp%2Fv2%2Fproduct_brand&post=31644"},{"taxonomy":"product_cat","embeddable":true,"href":"https:\/\/108giahoa.com\/index.php?rest_route=%2Fwp%2Fv2%2Fproduct_cat&post=31644"},{"taxonomy":"product_tag","embeddable":true,"href":"https:\/\/108giahoa.com\/index.php?rest_route=%2Fwp%2Fv2%2Fproduct_tag&post=31644"}],"curies":[{"name":"wp","href":"https:\/\/api.w.org\/{rel}","templated":true}]}}