{"id":31647,"date":"2026-03-24T08:18:20","date_gmt":"2026-03-24T08:18:20","guid":{"rendered":"https:\/\/108giahoa.com\/?post_type=product&#038;p=31647"},"modified":"2026-03-24T08:18:21","modified_gmt":"2026-03-24T08:18:21","slug":"buc-de-tuong-bac-2","status":"publish","type":"product","link":"https:\/\/108giahoa.com\/?product=buc-de-tuong-bac-2","title":{"rendered":"B\u1ee4C \u0110\u1ec2 T\u01af\u1ee2NG B\u00c1C"},"content":{"rendered":"<ul>\n<li>B\u1ee5c \u0111\u1ec3 t\u01b0\u1ee3ng B\u00e1c LTS01 c\u00f3 k\u00edch th\u01b0\u1edbc W800 x D600 x H1200 mm, v\u1edbi dung sai k\u00edch th\u01b0\u1edbc \u00b1 10 mm. K\u00edch th\u01b0\u1edbc n\u00e0y \u0111\u01b0\u1ee3c thi\u1ebft k\u1ebf sao cho ph\u00f9 h\u1ee3p v\u1edbi nhi\u1ec1u kh\u00f4ng gian kh\u00e1c nhau, t\u1eeb v\u0103n ph\u00f2ng c\u01a1 quan \u0111\u1ebfn c\u00e1c tr\u01b0\u1eddng h\u1ecdc hay b\u1ec7nh vi\u1ec7n. V\u1edbi chi\u1ec1u cao t\u01b0\u01a1ng \u0111\u1ed1i, s\u1ea3n ph\u1ea9m n\u00e0y gi\u00fap t\u01b0\u1ee3ng B\u00e1c tr\u1edf th\u00e0nh \u0111i\u1ec3m nh\u1ea5n trong kh\u00f4ng gian m\u00e0 v\u1eabn gi\u1eef \u0111\u01b0\u1ee3c s\u1ef1 h\u00e0i h\u00f2a v\u1edbi c\u00e1c \u0111\u1ed3 n\u1ed9i th\u1ea5t kh\u00e1c.<\/li>\n<li>B\u1ee5c \u0111\u1ec3 t\u01b0\u1ee3ng B\u00e1c LTS01 \u0111\u01b0\u1ee3c l\u00e0m t\u1eeb g\u1ed7 c\u00f4ng nghi\u1ec7p s\u01a1n PU, m\u1ed9t ch\u1ea5t li\u1ec7u n\u1ed5i b\u1eadt v\u1edbi \u0111\u1ed9 b\u1ec1n cao, kh\u1ea3 n\u0103ng ch\u1ed1ng tr\u1ea7y x\u01b0\u1edbc v\u00e0 m\u1ed1i m\u1ecdt r\u1ea5t t\u1ed1t. G\u1ed7 c\u00f4ng nghi\u1ec7p s\u01a1n PU kh\u00f4ng ch\u1ec9 \u0111\u1ea3m b\u1ea3o t\u00ednh th\u1ea9m m\u1ef9 m\u00e0 c\u00f2n d\u1ec5 d\u00e0ng v\u1ec7 sinh, b\u1ea3o tr\u00ec trong su\u1ed1t qu\u00e1 tr\u00ecnh s\u1eed d\u1ee5ng.<\/li>\n<\/ul>\n","protected":false},"excerpt":{"rendered":"<p>B\u1ee5c \u0111\u1ec3 t\u01b0\u1ee3ng B\u00e1c LTS01 c\u00f3 k\u00edch th\u01b0\u1edbc W800 x D600 x H1200 mm, v\u1edbi dung sai k\u00edch th\u01b0\u1edbc \u00b1<\/p>\n","protected":false},"featured_media":31648,"comment_status":"open","ping_status":"closed","template":"","meta":[],"product_brand":[169],"product_cat":[77],"product_tag":[],"class_list":{"0":"post-31647","1":"product","2":"type-product","3":"status-publish","4":"has-post-thumbnail","6":"product_brand-buc-phat-bieu","7":"product_cat-noi-that-van-phong-truong-hoc","9":"first","10":"instock","11":"shipping-taxable","12":"product-type-simple"},"_links":{"self":[{"href":"https:\/\/108giahoa.com\/index.php?rest_route=\/wp\/v2\/product\/31647","targetHints":{"allow":["GET"]}}],"collection":[{"href":"https:\/\/108giahoa.com\/index.php?rest_route=\/wp\/v2\/product"}],"about":[{"href":"https:\/\/108giahoa.com\/index.php?rest_route=\/wp\/v2\/types\/product"}],"replies":[{"embeddable":true,"href":"https:\/\/108giahoa.com\/index.php?rest_route=%2Fwp%2Fv2%2Fcomments&post=31647"}],"version-history":[{"count":1,"href":"https:\/\/108giahoa.com\/index.php?rest_route=\/wp\/v2\/product\/31647\/revisions"}],"predecessor-version":[{"id":31649,"href":"https:\/\/108giahoa.com\/index.php?rest_route=\/wp\/v2\/product\/31647\/revisions\/31649"}],"wp:featuredmedia":[{"embeddable":true,"href":"https:\/\/108giahoa.com\/index.php?rest_route=\/wp\/v2\/media\/31648"}],"wp:attachment":[{"href":"https:\/\/108giahoa.com\/index.php?rest_route=%2Fwp%2Fv2%2Fmedia&parent=31647"}],"wp:term":[{"taxonomy":"product_brand","embeddable":true,"href":"https:\/\/108giahoa.com\/index.php?rest_route=%2Fwp%2Fv2%2Fproduct_brand&post=31647"},{"taxonomy":"product_cat","embeddable":true,"href":"https:\/\/108giahoa.com\/index.php?rest_route=%2Fwp%2Fv2%2Fproduct_cat&post=31647"},{"taxonomy":"product_tag","embeddable":true,"href":"https:\/\/108giahoa.com\/index.php?rest_route=%2Fwp%2Fv2%2Fproduct_tag&post=31647"}],"curies":[{"name":"wp","href":"https:\/\/api.w.org\/{rel}","templated":true}]}}