{"id":31650,"date":"2026-03-24T08:20:36","date_gmt":"2026-03-24T08:20:36","guid":{"rendered":"https:\/\/108giahoa.com\/?post_type=product&#038;p=31650"},"modified":"2026-03-24T08:20:37","modified_gmt":"2026-03-24T08:20:37","slug":"buc-phat-bieu-4","status":"publish","type":"product","link":"https:\/\/108giahoa.com\/?product=buc-phat-bieu-4","title":{"rendered":"B\u1ee4C PH\u00c1T BI\u1ec2U"},"content":{"rendered":"<p>K\u00edch th\u01b0\u1edbc c\u1ee7a b\u1ee5c ph\u00e1t bi\u1ec3u LT03 l\u00e0 W800 x D600 x H1200 mm. V\u1edbi dung sai k\u00edch th\u01b0\u1edbc \u00b1 10 mm, s\u1ea3n ph\u1ea9m n\u00e0y d\u1ec5 d\u00e0ng th\u00edch \u1ee9ng v\u1edbi nhi\u1ec1u kh\u00f4ng gian kh\u00e1c nhau. K\u00edch th\u01b0\u1edbc n\u00e0y \u0111\u01b0\u1ee3c t\u00ednh to\u00e1n m\u1ed9t c\u00e1ch h\u1ee3p l\u00fd \u0111\u1ec3 \u0111\u1ea3m b\u1ea3o r\u1eb1ng ng\u01b0\u1eddi ph\u00e1t bi\u1ec3u c\u00f3 th\u1ec3 \u0111\u1ee9ng tho\u1ea3i m\u00e1i v\u00e0 c\u00f3 \u0111\u1ee7 kh\u00f4ng gian \u0111\u1ec3 \u0111\u1eb7t t\u00e0i li\u1ec7u hay thi\u1ebft b\u1ecb h\u1ed7 tr\u1ee3.<\/p>\n<p><strong>B\u1ee5c ph\u00e1t bi\u1ec3u LT03<\/strong>\u00a0\u0111\u01b0\u1ee3c s\u1ea3n xu\u1ea5t t\u1eeb ch\u1ea5t li\u1ec7u g\u1ed7 c\u00f4ng nghi\u1ec7p s\u01a1n PU. \u0110\u00e2y l\u00e0 m\u1ed9t lo\u1ea1i v\u1eadt li\u1ec7u n\u1ed5i b\u1eadt v\u1edbi kh\u1ea3 n\u0103ng ch\u1ed1ng m\u1ed1i m\u1ecdt, ch\u1ecbu va \u0111\u1eadp t\u1ed1t v\u00e0 d\u1ec5 d\u00e0ng v\u1ec7 sinh. S\u01a1n PU kh\u00f4ng ch\u1ec9 mang l\u1ea1i \u0111\u1ed9 b\u00f3ng s\u00e1ng cho b\u1ec1 m\u1eb7t s\u1ea3n ph\u1ea9m m\u00e0 c\u00f2n t\u0103ng c\u01b0\u1eddng \u0111\u1ed9 b\u1ec1n, gi\u00fap s\u1ea3n ph\u1ea9m duy tr\u00ec \u0111\u01b0\u1ee3c v\u1ebb \u0111\u1eb9p theo th\u1eddi gian.<\/p>\n<p><img loading=\"lazy\" decoding=\"async\" class=\"alignnone size-medium wp-image-31652\" src=\"http:\/\/108giahoa.com\/wp-content\/uploads\/2026\/03\/z7653019272040_ed42e4e78483c2e124015315f73aa9c4-300x300.jpg\" alt=\"\" width=\"300\" height=\"300\" srcset=\"https:\/\/108giahoa.com\/wp-content\/uploads\/2026\/03\/z7653019272040_ed42e4e78483c2e124015315f73aa9c4-300x300.jpg 300w, https:\/\/108giahoa.com\/wp-content\/uploads\/2026\/03\/z7653019272040_ed42e4e78483c2e124015315f73aa9c4-150x150.jpg 150w, https:\/\/108giahoa.com\/wp-content\/uploads\/2026\/03\/z7653019272040_ed42e4e78483c2e124015315f73aa9c4-430x430.jpg 430w, https:\/\/108giahoa.com\/wp-content\/uploads\/2026\/03\/z7653019272040_ed42e4e78483c2e124015315f73aa9c4.jpg 500w\" sizes=\"auto, (max-width: 300px) 100vw, 300px\" \/><img loading=\"lazy\" decoding=\"async\" class=\"alignnone size-medium wp-image-31651\" src=\"http:\/\/108giahoa.com\/wp-content\/uploads\/2026\/03\/z7653019287377_e6c23b297cb8641e49718d92b65dc8f5-300x300.jpg\" alt=\"\" width=\"300\" height=\"300\" srcset=\"https:\/\/108giahoa.com\/wp-content\/uploads\/2026\/03\/z7653019287377_e6c23b297cb8641e49718d92b65dc8f5-300x300.jpg 300w, https:\/\/108giahoa.com\/wp-content\/uploads\/2026\/03\/z7653019287377_e6c23b297cb8641e49718d92b65dc8f5-150x150.jpg 150w, https:\/\/108giahoa.com\/wp-content\/uploads\/2026\/03\/z7653019287377_e6c23b297cb8641e49718d92b65dc8f5-768x768.jpg 768w, https:\/\/108giahoa.com\/wp-content\/uploads\/2026\/03\/z7653019287377_e6c23b297cb8641e49718d92b65dc8f5-430x430.jpg 430w, https:\/\/108giahoa.com\/wp-content\/uploads\/2026\/03\/z7653019287377_e6c23b297cb8641e49718d92b65dc8f5-700x700.jpg 700w, https:\/\/108giahoa.com\/wp-content\/uploads\/2026\/03\/z7653019287377_e6c23b297cb8641e49718d92b65dc8f5.jpg 800w\" sizes=\"auto, (max-width: 300px) 100vw, 300px\" \/><\/p>\n","protected":false},"excerpt":{"rendered":"<p>K\u00edch th\u01b0\u1edbc c\u1ee7a b\u1ee5c ph\u00e1t bi\u1ec3u LT03 l\u00e0 W800 x D600 x H1200 mm. V\u1edbi dung sai k\u00edch th\u01b0\u1edbc \u00b1<\/p>\n","protected":false},"featured_media":31652,"comment_status":"open","ping_status":"closed","template":"","meta":[],"product_brand":[169],"product_cat":[77],"product_tag":[],"class_list":{"0":"post-31650","1":"product","2":"type-product","3":"status-publish","4":"has-post-thumbnail","6":"product_brand-buc-phat-bieu","7":"product_cat-noi-that-van-phong-truong-hoc","9":"first","10":"instock","11":"shipping-taxable","12":"product-type-simple"},"_links":{"self":[{"href":"https:\/\/108giahoa.com\/index.php?rest_route=\/wp\/v2\/product\/31650","targetHints":{"allow":["GET"]}}],"collection":[{"href":"https:\/\/108giahoa.com\/index.php?rest_route=\/wp\/v2\/product"}],"about":[{"href":"https:\/\/108giahoa.com\/index.php?rest_route=\/wp\/v2\/types\/product"}],"replies":[{"embeddable":true,"href":"https:\/\/108giahoa.com\/index.php?rest_route=%2Fwp%2Fv2%2Fcomments&post=31650"}],"version-history":[{"count":1,"href":"https:\/\/108giahoa.com\/index.php?rest_route=\/wp\/v2\/product\/31650\/revisions"}],"predecessor-version":[{"id":31653,"href":"https:\/\/108giahoa.com\/index.php?rest_route=\/wp\/v2\/product\/31650\/revisions\/31653"}],"wp:featuredmedia":[{"embeddable":true,"href":"https:\/\/108giahoa.com\/index.php?rest_route=\/wp\/v2\/media\/31652"}],"wp:attachment":[{"href":"https:\/\/108giahoa.com\/index.php?rest_route=%2Fwp%2Fv2%2Fmedia&parent=31650"}],"wp:term":[{"taxonomy":"product_brand","embeddable":true,"href":"https:\/\/108giahoa.com\/index.php?rest_route=%2Fwp%2Fv2%2Fproduct_brand&post=31650"},{"taxonomy":"product_cat","embeddable":true,"href":"https:\/\/108giahoa.com\/index.php?rest_route=%2Fwp%2Fv2%2Fproduct_cat&post=31650"},{"taxonomy":"product_tag","embeddable":true,"href":"https:\/\/108giahoa.com\/index.php?rest_route=%2Fwp%2Fv2%2Fproduct_tag&post=31650"}],"curies":[{"name":"wp","href":"https:\/\/api.w.org\/{rel}","templated":true}]}}