{"id":31654,"date":"2026-03-24T08:23:30","date_gmt":"2026-03-24T08:23:30","guid":{"rendered":"https:\/\/108giahoa.com\/?post_type=product&#038;p=31654"},"modified":"2026-03-24T08:23:30","modified_gmt":"2026-03-24T08:23:30","slug":"buc-phat-bieu-5","status":"publish","type":"product","link":"https:\/\/108giahoa.com\/?product=buc-phat-bieu-5","title":{"rendered":"B\u1ee4C PH\u00c1T BI\u1ec2U"},"content":{"rendered":"<h3>K\u00edch th\u01b0\u1edbc v\u00e0 dung sai<\/h3>\n<p>K\u00edch th\u01b0\u1edbc l\u00e0 m\u1ed9t y\u1ebfu t\u1ed1 quan tr\u1ecdng quy\u1ebft \u0111\u1ecbnh kh\u1ea3 n\u0103ng s\u1eed d\u1ee5ng c\u1ee7a b\u1ee5c ph\u00e1t bi\u1ec3u.\u00a0<strong>B\u1ee5c ph\u00e1t bi\u1ec3u LT04<\/strong>\u00a0c\u00f3 k\u00edch th\u01b0\u1edbc chu\u1ea9n W800 x D600 x H1200 mm. \u0110i\u1ec1u n\u00e0y gi\u00fap s\u1ea3n ph\u1ea9m c\u00f3 \u0111\u1ee7 di\u1ec7n t\u00edch \u0111\u1ec3 \u0111\u1eb7t t\u00e0i li\u1ec7u c\u0169ng nh\u01b0 t\u1ea1o s\u1ef1 tho\u1ea3i m\u00e1i khi s\u1eed d\u1ee5ng cho ng\u01b0\u1eddi ph\u00e1t bi\u1ec3u.<\/p>\n<p>Dung sai k\u00edch th\u01b0\u1edbc \u00b1 10 mm gi\u00fap cho qu\u00e1 tr\u00ecnh s\u1ea3n xu\u1ea5t \u0111\u01b0\u1ee3c linh ho\u1ea1t h\u01a1n, \u0111\u1ea3m b\u1ea3o r\u1eb1ng m\u1ed7i s\u1ea3n ph\u1ea9m \u0111\u1ec1u \u0111\u1ea1t ti\u00eau chu\u1ea9n ch\u1ea5t l\u01b0\u1ee3ng cao nh\u1ea5t.<\/p>\n<h3>Ch\u1ea5t li\u1ec7u v\u00e0 quy tr\u00ecnh s\u1ea3n xu\u1ea5t<\/h3>\n<p>Ch\u1ea5t li\u1ec7u g\u1ed7 c\u00f4ng nghi\u1ec7p s\u01a1n PU \u0111\u01b0\u1ee3c ch\u1ecdn l\u1ef1a k\u1ef9 c\u00e0ng cho\u00a0<strong>b\u1ee5c ph\u00e1t bi\u1ec3u LT04<\/strong>\u00a0kh\u00f4ng ch\u1ec9 do t\u00ednh th\u1ea9m m\u1ef9 m\u00e0 c\u00f2n b\u1edfi \u0111\u1ed9 b\u1ec1n cao. Quy tr\u00ecnh s\u1ea3n xu\u1ea5t \u0111\u01b0\u1ee3c ki\u1ec3m so\u00e1t ch\u1eb7t ch\u1ebd t\u1eeb kh\u00e2u ch\u1ecdn nguy\u00ean li\u1ec7u \u0111\u1ebfn khi ho\u00e0n thi\u1ec7n s\u1ea3n ph\u1ea9m. \u0110i\u1ec1u n\u00e0y \u0111\u1ea3m b\u1ea3o r\u1eb1ng m\u1ed7i chi\u1ebfc b\u1ee5c LT04 \u0111\u1ec1u \u0111\u1ea1t y\u00eau c\u1ea7u v\u1ec1 ch\u1ea5t l\u01b0\u1ee3ng v\u00e0 th\u1ea9m m\u1ef9.<\/p>\n<p>G\u1ed7 c\u00f4ng nghi\u1ec7p s\u01a1n PU kh\u00f4ng ch\u1ec9 t\u1ea1o ra b\u1ec1 m\u1eb7t nh\u1eb5n b\u00f3ng, d\u1ec5 lau ch\u00f9i m\u00e0 c\u00f2n c\u00f3 kh\u1ea3 n\u0103ng ch\u1ed1ng \u1ea9m t\u1ed1t, th\u00edch h\u1ee3p cho vi\u1ec7c s\u1eed d\u1ee5ng l\u00e2u d\u00e0i trong \u0111i\u1ec1u ki\u1ec7n th\u1eddi ti\u1ebft Vi\u1ec7t Nam.<\/p>\n<p><img loading=\"lazy\" decoding=\"async\" class=\"alignnone size-medium wp-image-31655\" src=\"http:\/\/108giahoa.com\/wp-content\/uploads\/2026\/03\/z7653028157458_eca9df6a686e3f0da32ada9d50dd8597-300x300.jpg\" alt=\"\" width=\"300\" height=\"300\" srcset=\"https:\/\/108giahoa.com\/wp-content\/uploads\/2026\/03\/z7653028157458_eca9df6a686e3f0da32ada9d50dd8597-300x300.jpg 300w, https:\/\/108giahoa.com\/wp-content\/uploads\/2026\/03\/z7653028157458_eca9df6a686e3f0da32ada9d50dd8597-150x150.jpg 150w, https:\/\/108giahoa.com\/wp-content\/uploads\/2026\/03\/z7653028157458_eca9df6a686e3f0da32ada9d50dd8597-768x768.jpg 768w, https:\/\/108giahoa.com\/wp-content\/uploads\/2026\/03\/z7653028157458_eca9df6a686e3f0da32ada9d50dd8597-430x430.jpg 430w, https:\/\/108giahoa.com\/wp-content\/uploads\/2026\/03\/z7653028157458_eca9df6a686e3f0da32ada9d50dd8597-700x700.jpg 700w, https:\/\/108giahoa.com\/wp-content\/uploads\/2026\/03\/z7653028157458_eca9df6a686e3f0da32ada9d50dd8597.jpg 800w\" sizes=\"auto, (max-width: 300px) 100vw, 300px\" \/><img loading=\"lazy\" decoding=\"async\" class=\"alignnone size-medium wp-image-31656\" src=\"http:\/\/108giahoa.com\/wp-content\/uploads\/2026\/03\/z7653028139857_b47275db14a933c669389f5a0a302699-300x300.jpg\" alt=\"\" width=\"300\" height=\"300\" srcset=\"https:\/\/108giahoa.com\/wp-content\/uploads\/2026\/03\/z7653028139857_b47275db14a933c669389f5a0a302699-300x300.jpg 300w, https:\/\/108giahoa.com\/wp-content\/uploads\/2026\/03\/z7653028139857_b47275db14a933c669389f5a0a302699-150x150.jpg 150w, https:\/\/108giahoa.com\/wp-content\/uploads\/2026\/03\/z7653028139857_b47275db14a933c669389f5a0a302699-768x768.jpg 768w, https:\/\/108giahoa.com\/wp-content\/uploads\/2026\/03\/z7653028139857_b47275db14a933c669389f5a0a302699-430x430.jpg 430w, https:\/\/108giahoa.com\/wp-content\/uploads\/2026\/03\/z7653028139857_b47275db14a933c669389f5a0a302699-700x700.jpg 700w, https:\/\/108giahoa.com\/wp-content\/uploads\/2026\/03\/z7653028139857_b47275db14a933c669389f5a0a302699.jpg 800w\" sizes=\"auto, (max-width: 300px) 100vw, 300px\" \/><\/p>\n","protected":false},"excerpt":{"rendered":"<p>K\u00edch th\u01b0\u1edbc v\u00e0 dung sai K\u00edch th\u01b0\u1edbc l\u00e0 m\u1ed9t y\u1ebfu t\u1ed1 quan tr\u1ecdng quy\u1ebft \u0111\u1ecbnh kh\u1ea3 n\u0103ng s\u1eed d\u1ee5ng c\u1ee7a<\/p>\n","protected":false},"featured_media":31656,"comment_status":"open","ping_status":"closed","template":"","meta":[],"product_brand":[169],"product_cat":[77],"product_tag":[],"class_list":{"0":"post-31654","1":"product","2":"type-product","3":"status-publish","4":"has-post-thumbnail","6":"product_brand-buc-phat-bieu","7":"product_cat-noi-that-van-phong-truong-hoc","9":"first","10":"instock","11":"shipping-taxable","12":"product-type-simple"},"_links":{"self":[{"href":"https:\/\/108giahoa.com\/index.php?rest_route=\/wp\/v2\/product\/31654","targetHints":{"allow":["GET"]}}],"collection":[{"href":"https:\/\/108giahoa.com\/index.php?rest_route=\/wp\/v2\/product"}],"about":[{"href":"https:\/\/108giahoa.com\/index.php?rest_route=\/wp\/v2\/types\/product"}],"replies":[{"embeddable":true,"href":"https:\/\/108giahoa.com\/index.php?rest_route=%2Fwp%2Fv2%2Fcomments&post=31654"}],"version-history":[{"count":1,"href":"https:\/\/108giahoa.com\/index.php?rest_route=\/wp\/v2\/product\/31654\/revisions"}],"predecessor-version":[{"id":31657,"href":"https:\/\/108giahoa.com\/index.php?rest_route=\/wp\/v2\/product\/31654\/revisions\/31657"}],"wp:featuredmedia":[{"embeddable":true,"href":"https:\/\/108giahoa.com\/index.php?rest_route=\/wp\/v2\/media\/31656"}],"wp:attachment":[{"href":"https:\/\/108giahoa.com\/index.php?rest_route=%2Fwp%2Fv2%2Fmedia&parent=31654"}],"wp:term":[{"taxonomy":"product_brand","embeddable":true,"href":"https:\/\/108giahoa.com\/index.php?rest_route=%2Fwp%2Fv2%2Fproduct_brand&post=31654"},{"taxonomy":"product_cat","embeddable":true,"href":"https:\/\/108giahoa.com\/index.php?rest_route=%2Fwp%2Fv2%2Fproduct_cat&post=31654"},{"taxonomy":"product_tag","embeddable":true,"href":"https:\/\/108giahoa.com\/index.php?rest_route=%2Fwp%2Fv2%2Fproduct_tag&post=31654"}],"curies":[{"name":"wp","href":"https:\/\/api.w.org\/{rel}","templated":true}]}}