{"id":31658,"date":"2026-03-24T08:25:29","date_gmt":"2026-03-24T08:25:29","guid":{"rendered":"https:\/\/108giahoa.com\/?post_type=product&#038;p=31658"},"modified":"2026-03-24T08:25:30","modified_gmt":"2026-03-24T08:25:30","slug":"buc-phat-bieu-6","status":"publish","type":"product","link":"https:\/\/108giahoa.com\/?product=buc-phat-bieu-6","title":{"rendered":"B\u1ee4C PH\u00c1T BI\u1ec2U"},"content":{"rendered":"<h2 id=\"e8cb6149b79c62c1a8fcc5f358b1fa46f\">Th\u00f4ng s\u1ed1 k\u1ef9 thu\u1eadt b\u1ee5c ph\u00e1t bi\u1ec3u LT05<\/h2>\n<ul>\n<li data-list-item-id=\"e57e6a334231f0c325e344154b2880c61\">Ch\u1ea5t li\u1ec7u: B\u1ee5c ph\u00e1t bi\u1ec3u g\u1ed7 c\u00f4ng nghi\u1ec7p ph\u1ee7 melamin cao c\u1ea5p (M66, M20). M\u1eb7t tr\u01b0\u1edbc trang tr\u00ed b\u00f4ng sen.<\/li>\n<li data-list-item-id=\"e1cdd0266b39a902c5323abd13de60cdc\">K\u00edch th\u01b0\u1edbc: W800 x D600 x H1200mm (Dung sai k\u00edch th\u01b0\u1edbc: \u00b1 10 mm)<\/li>\n<\/ul>\n<p>(<i>L\u01b0u \u00fd: M\u00e0u s\u1eafc hi\u1ec3n th\u1ecb tr\u00ean website c\u00f3 th\u1ec3 kh\u00f4ng ch\u00ednh x\u00e1c do ch\u1ee5p \u1ea3nh, ho\u1eb7c m\u00f4 ph\u1ecfng b\u1eb1ng \u1ea3nh 3D.)<\/i><\/p>\n<p><img loading=\"lazy\" decoding=\"async\" class=\"alignnone size-medium wp-image-31660\" src=\"http:\/\/108giahoa.com\/wp-content\/uploads\/2026\/03\/z7653039097472_256d1c49dbc1e47e43b2aa6f5cec637a-300x300.jpg\" alt=\"\" width=\"300\" height=\"300\" srcset=\"https:\/\/108giahoa.com\/wp-content\/uploads\/2026\/03\/z7653039097472_256d1c49dbc1e47e43b2aa6f5cec637a-300x300.jpg 300w, https:\/\/108giahoa.com\/wp-content\/uploads\/2026\/03\/z7653039097472_256d1c49dbc1e47e43b2aa6f5cec637a-150x150.jpg 150w, https:\/\/108giahoa.com\/wp-content\/uploads\/2026\/03\/z7653039097472_256d1c49dbc1e47e43b2aa6f5cec637a-768x768.jpg 768w, https:\/\/108giahoa.com\/wp-content\/uploads\/2026\/03\/z7653039097472_256d1c49dbc1e47e43b2aa6f5cec637a-430x430.jpg 430w, https:\/\/108giahoa.com\/wp-content\/uploads\/2026\/03\/z7653039097472_256d1c49dbc1e47e43b2aa6f5cec637a-700x700.jpg 700w, https:\/\/108giahoa.com\/wp-content\/uploads\/2026\/03\/z7653039097472_256d1c49dbc1e47e43b2aa6f5cec637a.jpg 800w\" sizes=\"auto, (max-width: 300px) 100vw, 300px\" \/><img loading=\"lazy\" decoding=\"async\" class=\"alignnone size-medium wp-image-31659\" src=\"http:\/\/108giahoa.com\/wp-content\/uploads\/2026\/03\/z7653039097479_eef854cb494eedb97b51904855c4f215-300x300.jpg\" alt=\"\" width=\"300\" height=\"300\" srcset=\"https:\/\/108giahoa.com\/wp-content\/uploads\/2026\/03\/z7653039097479_eef854cb494eedb97b51904855c4f215-300x300.jpg 300w, https:\/\/108giahoa.com\/wp-content\/uploads\/2026\/03\/z7653039097479_eef854cb494eedb97b51904855c4f215-150x150.jpg 150w, https:\/\/108giahoa.com\/wp-content\/uploads\/2026\/03\/z7653039097479_eef854cb494eedb97b51904855c4f215-768x768.jpg 768w, https:\/\/108giahoa.com\/wp-content\/uploads\/2026\/03\/z7653039097479_eef854cb494eedb97b51904855c4f215-430x430.jpg 430w, https:\/\/108giahoa.com\/wp-content\/uploads\/2026\/03\/z7653039097479_eef854cb494eedb97b51904855c4f215-700x700.jpg 700w, https:\/\/108giahoa.com\/wp-content\/uploads\/2026\/03\/z7653039097479_eef854cb494eedb97b51904855c4f215.jpg 800w\" sizes=\"auto, (max-width: 300px) 100vw, 300px\" \/><\/p>\n","protected":false},"excerpt":{"rendered":"<p>Th\u00f4ng s\u1ed1 k\u1ef9 thu\u1eadt b\u1ee5c ph\u00e1t bi\u1ec3u LT05 Ch\u1ea5t li\u1ec7u: B\u1ee5c ph\u00e1t bi\u1ec3u g\u1ed7 c\u00f4ng nghi\u1ec7p ph\u1ee7 melamin cao c\u1ea5p<\/p>\n","protected":false},"featured_media":31660,"comment_status":"open","ping_status":"closed","template":"","meta":[],"product_brand":[169],"product_cat":[77],"product_tag":[],"class_list":{"0":"post-31658","1":"product","2":"type-product","3":"status-publish","4":"has-post-thumbnail","6":"product_brand-buc-phat-bieu","7":"product_cat-noi-that-van-phong-truong-hoc","9":"first","10":"instock","11":"shipping-taxable","12":"product-type-simple"},"_links":{"self":[{"href":"https:\/\/108giahoa.com\/index.php?rest_route=\/wp\/v2\/product\/31658","targetHints":{"allow":["GET"]}}],"collection":[{"href":"https:\/\/108giahoa.com\/index.php?rest_route=\/wp\/v2\/product"}],"about":[{"href":"https:\/\/108giahoa.com\/index.php?rest_route=\/wp\/v2\/types\/product"}],"replies":[{"embeddable":true,"href":"https:\/\/108giahoa.com\/index.php?rest_route=%2Fwp%2Fv2%2Fcomments&post=31658"}],"version-history":[{"count":1,"href":"https:\/\/108giahoa.com\/index.php?rest_route=\/wp\/v2\/product\/31658\/revisions"}],"predecessor-version":[{"id":31661,"href":"https:\/\/108giahoa.com\/index.php?rest_route=\/wp\/v2\/product\/31658\/revisions\/31661"}],"wp:featuredmedia":[{"embeddable":true,"href":"https:\/\/108giahoa.com\/index.php?rest_route=\/wp\/v2\/media\/31660"}],"wp:attachment":[{"href":"https:\/\/108giahoa.com\/index.php?rest_route=%2Fwp%2Fv2%2Fmedia&parent=31658"}],"wp:term":[{"taxonomy":"product_brand","embeddable":true,"href":"https:\/\/108giahoa.com\/index.php?rest_route=%2Fwp%2Fv2%2Fproduct_brand&post=31658"},{"taxonomy":"product_cat","embeddable":true,"href":"https:\/\/108giahoa.com\/index.php?rest_route=%2Fwp%2Fv2%2Fproduct_cat&post=31658"},{"taxonomy":"product_tag","embeddable":true,"href":"https:\/\/108giahoa.com\/index.php?rest_route=%2Fwp%2Fv2%2Fproduct_tag&post=31658"}],"curies":[{"name":"wp","href":"https:\/\/api.w.org\/{rel}","templated":true}]}}