{"id":31662,"date":"2026-03-24T09:44:09","date_gmt":"2026-03-24T09:44:09","guid":{"rendered":"https:\/\/108giahoa.com\/?post_type=product&#038;p=31662"},"modified":"2026-03-24T09:44:35","modified_gmt":"2026-03-24T09:44:35","slug":"ban-hoc-sinh-cap-1-2-bhs48-ghs48","status":"publish","type":"product","link":"https:\/\/108giahoa.com\/?product=ban-hoc-sinh-cap-1-2-bhs48-ghs48","title":{"rendered":"B\u00e0n h\u1ecdc sinh c\u1ea5p 1-2"},"content":{"rendered":"<p><strong>*B\u00e0n h\u1ecdc sinh<\/strong> BHS48 khung th\u00e9p s\u01a1n t\u0129nh \u0111i\u1ec7n m\u00e0u tr\u1eafng, m\u1eb7t b\u00e0n g\u1ed7 s\u01a1n PU. M\u1eb7t b\u00e0n g\u1ed7 \u0111\u01b0\u1ee3c bo tr\u00f2n c\u00e1c g\u00f3c t\u0103ng \u0111\u1ed9 an to\u00e0n cho ng\u01b0\u1eddi s\u1eed d\u1ee5ng. Ch\u00e2n \u0111\u1ebf b\u00e0n c\u00f3 n\u00fat nh\u1ef1a tr\u00e1nh x\u01b0\u1edbc s\u00e0n. M\u1eb7t b\u00e0n h\u00ecnh thang c\u00f3 th\u1ec3 gh\u00e9p c\u00e1c b\u00e0n v\u1edbi nhau th\u00e0nh nhi\u00eau modul ph\u00f9 h\u1ee3p cho h\u1ecdc nh\u00f3m.<\/p>\n<p>K\u00edch th\u01b0\u1edbc: W900 x D450 x H750 (mm)<\/p>\n<p>M\u1eb7t b\u00e0n s\u01a1n PU s\u1ebd c\u00f3 c\u00e1c m\u00e0u ti\u00eau chu\u1ea9n: G40, G41, G42, G44, G45, G46, G47.<\/p>\n<p><strong>*Gh\u1ebf h\u1ecdc sinh<\/strong> GHS48 khung th\u00e9p s\u01a1n t\u0129nh \u0111i\u1ec7n k\u1ebft h\u1ee3p \u0111\u1ec7m nh\u1ef1a \u00e9p \u0111\u1ecbnh h\u00ecnh<\/p>\n<p>K\u00edch th\u01b0\u1edbc: W460 x D430 x H800 (mm)<\/p>\n<p>\u0110\u1ec7m nh\u1ef1a gh\u1ebf c\u00f3 2 m\u00e0u xanh m\u1ea1<\/p>\n<p>(NH02) v\u00e0 m\u00e0u ghi (NH11)<\/p>\n<p>Dung sai k\u00edch th\u01b0\u1edbc: \u00b1 5 mm<\/p>\n<p><img loading=\"lazy\" decoding=\"async\" class=\"alignnone size-medium wp-image-31664\" src=\"http:\/\/108giahoa.com\/wp-content\/uploads\/2026\/03\/z7653358444320_80e881c4fab3608e4abaec976310e174-300x300.jpg\" alt=\"\" width=\"300\" height=\"300\" srcset=\"https:\/\/108giahoa.com\/wp-content\/uploads\/2026\/03\/z7653358444320_80e881c4fab3608e4abaec976310e174-300x300.jpg 300w, https:\/\/108giahoa.com\/wp-content\/uploads\/2026\/03\/z7653358444320_80e881c4fab3608e4abaec976310e174-150x150.jpg 150w, https:\/\/108giahoa.com\/wp-content\/uploads\/2026\/03\/z7653358444320_80e881c4fab3608e4abaec976310e174-768x768.jpg 768w, https:\/\/108giahoa.com\/wp-content\/uploads\/2026\/03\/z7653358444320_80e881c4fab3608e4abaec976310e174-430x430.jpg 430w, https:\/\/108giahoa.com\/wp-content\/uploads\/2026\/03\/z7653358444320_80e881c4fab3608e4abaec976310e174-700x700.jpg 700w, https:\/\/108giahoa.com\/wp-content\/uploads\/2026\/03\/z7653358444320_80e881c4fab3608e4abaec976310e174.jpg 800w\" sizes=\"auto, (max-width: 300px) 100vw, 300px\" \/><img loading=\"lazy\" decoding=\"async\" class=\"alignnone size-medium wp-image-31663\" src=\"http:\/\/108giahoa.com\/wp-content\/uploads\/2026\/03\/z7653358444323_720340b206209077d088d2356fb1b132-300x300.jpg\" alt=\"\" width=\"300\" height=\"300\" srcset=\"https:\/\/108giahoa.com\/wp-content\/uploads\/2026\/03\/z7653358444323_720340b206209077d088d2356fb1b132-300x300.jpg 300w, https:\/\/108giahoa.com\/wp-content\/uploads\/2026\/03\/z7653358444323_720340b206209077d088d2356fb1b132-150x150.jpg 150w, https:\/\/108giahoa.com\/wp-content\/uploads\/2026\/03\/z7653358444323_720340b206209077d088d2356fb1b132-768x768.jpg 768w, https:\/\/108giahoa.com\/wp-content\/uploads\/2026\/03\/z7653358444323_720340b206209077d088d2356fb1b132-430x430.jpg 430w, https:\/\/108giahoa.com\/wp-content\/uploads\/2026\/03\/z7653358444323_720340b206209077d088d2356fb1b132-700x700.jpg 700w, https:\/\/108giahoa.com\/wp-content\/uploads\/2026\/03\/z7653358444323_720340b206209077d088d2356fb1b132.jpg 800w\" sizes=\"auto, (max-width: 300px) 100vw, 300px\" \/><\/p>\n","protected":false},"excerpt":{"rendered":"<p>*B\u00e0n h\u1ecdc sinh BHS48 khung th\u00e9p s\u01a1n t\u0129nh \u0111i\u1ec7n m\u00e0u tr\u1eafng, m\u1eb7t b\u00e0n g\u1ed7 s\u01a1n PU. M\u1eb7t b\u00e0n g\u1ed7 \u0111\u01b0\u1ee3c<\/p>\n","protected":false},"featured_media":31663,"comment_status":"open","ping_status":"closed","template":"","meta":[],"product_brand":[134],"product_cat":[77],"product_tag":[],"class_list":{"0":"post-31662","1":"product","2":"type-product","3":"status-publish","4":"has-post-thumbnail","6":"product_brand-ban-ghe-phong-hoc","7":"product_cat-noi-that-van-phong-truong-hoc","9":"first","10":"instock","11":"shipping-taxable","12":"product-type-simple"},"_links":{"self":[{"href":"https:\/\/108giahoa.com\/index.php?rest_route=\/wp\/v2\/product\/31662","targetHints":{"allow":["GET"]}}],"collection":[{"href":"https:\/\/108giahoa.com\/index.php?rest_route=\/wp\/v2\/product"}],"about":[{"href":"https:\/\/108giahoa.com\/index.php?rest_route=\/wp\/v2\/types\/product"}],"replies":[{"embeddable":true,"href":"https:\/\/108giahoa.com\/index.php?rest_route=%2Fwp%2Fv2%2Fcomments&post=31662"}],"version-history":[{"count":2,"href":"https:\/\/108giahoa.com\/index.php?rest_route=\/wp\/v2\/product\/31662\/revisions"}],"predecessor-version":[{"id":31666,"href":"https:\/\/108giahoa.com\/index.php?rest_route=\/wp\/v2\/product\/31662\/revisions\/31666"}],"wp:featuredmedia":[{"embeddable":true,"href":"https:\/\/108giahoa.com\/index.php?rest_route=\/wp\/v2\/media\/31663"}],"wp:attachment":[{"href":"https:\/\/108giahoa.com\/index.php?rest_route=%2Fwp%2Fv2%2Fmedia&parent=31662"}],"wp:term":[{"taxonomy":"product_brand","embeddable":true,"href":"https:\/\/108giahoa.com\/index.php?rest_route=%2Fwp%2Fv2%2Fproduct_brand&post=31662"},{"taxonomy":"product_cat","embeddable":true,"href":"https:\/\/108giahoa.com\/index.php?rest_route=%2Fwp%2Fv2%2Fproduct_cat&post=31662"},{"taxonomy":"product_tag","embeddable":true,"href":"https:\/\/108giahoa.com\/index.php?rest_route=%2Fwp%2Fv2%2Fproduct_tag&post=31662"}],"curies":[{"name":"wp","href":"https:\/\/api.w.org\/{rel}","templated":true}]}}