{"id":31667,"date":"2026-03-24T09:47:13","date_gmt":"2026-03-24T09:47:13","guid":{"rendered":"https:\/\/108giahoa.com\/?post_type=product&#038;p=31667"},"modified":"2026-03-24T09:47:14","modified_gmt":"2026-03-24T09:47:14","slug":"ghe-chuc-nang","status":"publish","type":"product","link":"https:\/\/108giahoa.com\/?product=ghe-chuc-nang","title":{"rendered":"Gh\u1ebf ch\u1ee9c n\u0103ng"},"content":{"rendered":"<h3>K\u00edch th\u01b0\u1edbc: \u2205 470 x H450-470 (mm)<\/h3>\n<p>K\u00edch th\u01b0\u1edbc c\u1ee7a gh\u1ebf r\u1ea5t quan tr\u1ecdng v\u00ec n\u00f3 \u1ea3nh h\u01b0\u1edfng tr\u1ef1c ti\u1ebfp \u0111\u1ebfn s\u1ef1 tho\u1ea3i m\u00e1i c\u1ee7a ng\u01b0\u1eddi s\u1eed d\u1ee5ng.<\/p>\n<p>Gh\u1ebf GCN103 \u0111\u01b0\u1ee3c l\u00e0m t\u1eeb inox k\u1ebft h\u1ee3p v\u1edbi th\u00e9p s\u01a1n t\u0129nh \u0111i\u1ec7n, kh\u00f4ng ch\u1ec9 gi\u00fap t\u0103ng c\u01b0\u1eddng \u0111\u1ed9 b\u1ec1n m\u00e0 c\u00f2n gi\u1ea3m thi\u1ec3u kh\u1ea3 n\u0103ng b\u1ecb hoen g\u1ec9 theo th\u1eddi gian. \u0110i\u1ec1u n\u00e0y \u0111\u1eb7c bi\u1ec7t quan tr\u1ecdng trong m\u00f4i tr\u01b0\u1eddng h\u1ecdc t\u1eadp, n\u01a1i m\u00e0 gh\u1ebf ph\u1ea3i ch\u1ecbu \u0111\u1ef1ng s\u1ef1 s\u1eed d\u1ee5ng li\u00ean t\u1ee5c v\u00e0 \u0111\u00f4i khi l\u00e0 s\u1ef1 va ch\u1ea1m m\u1ea1nh.<\/p>\n","protected":false},"excerpt":{"rendered":"<p>K\u00edch th\u01b0\u1edbc: \u2205 470 x H450-470 (mm) K\u00edch th\u01b0\u1edbc c\u1ee7a gh\u1ebf r\u1ea5t quan tr\u1ecdng v\u00ec n\u00f3 \u1ea3nh h\u01b0\u1edfng tr\u1ef1c ti\u1ebfp<\/p>\n","protected":false},"featured_media":31668,"comment_status":"open","ping_status":"closed","template":"","meta":[],"product_brand":[185],"product_cat":[77],"product_tag":[],"class_list":{"0":"post-31667","1":"product","2":"type-product","3":"status-publish","4":"has-post-thumbnail","6":"product_brand-ghe-van-phong","7":"product_cat-noi-that-van-phong-truong-hoc","9":"first","10":"instock","11":"shipping-taxable","12":"product-type-simple"},"_links":{"self":[{"href":"https:\/\/108giahoa.com\/index.php?rest_route=\/wp\/v2\/product\/31667","targetHints":{"allow":["GET"]}}],"collection":[{"href":"https:\/\/108giahoa.com\/index.php?rest_route=\/wp\/v2\/product"}],"about":[{"href":"https:\/\/108giahoa.com\/index.php?rest_route=\/wp\/v2\/types\/product"}],"replies":[{"embeddable":true,"href":"https:\/\/108giahoa.com\/index.php?rest_route=%2Fwp%2Fv2%2Fcomments&post=31667"}],"version-history":[{"count":1,"href":"https:\/\/108giahoa.com\/index.php?rest_route=\/wp\/v2\/product\/31667\/revisions"}],"predecessor-version":[{"id":31669,"href":"https:\/\/108giahoa.com\/index.php?rest_route=\/wp\/v2\/product\/31667\/revisions\/31669"}],"wp:featuredmedia":[{"embeddable":true,"href":"https:\/\/108giahoa.com\/index.php?rest_route=\/wp\/v2\/media\/31668"}],"wp:attachment":[{"href":"https:\/\/108giahoa.com\/index.php?rest_route=%2Fwp%2Fv2%2Fmedia&parent=31667"}],"wp:term":[{"taxonomy":"product_brand","embeddable":true,"href":"https:\/\/108giahoa.com\/index.php?rest_route=%2Fwp%2Fv2%2Fproduct_brand&post=31667"},{"taxonomy":"product_cat","embeddable":true,"href":"https:\/\/108giahoa.com\/index.php?rest_route=%2Fwp%2Fv2%2Fproduct_cat&post=31667"},{"taxonomy":"product_tag","embeddable":true,"href":"https:\/\/108giahoa.com\/index.php?rest_route=%2Fwp%2Fv2%2Fproduct_tag&post=31667"}],"curies":[{"name":"wp","href":"https:\/\/api.w.org\/{rel}","templated":true}]}}