{"id":31673,"date":"2026-03-24T09:52:23","date_gmt":"2026-03-24T09:52:23","guid":{"rendered":"https:\/\/108giahoa.com\/?post_type=product&#038;p=31673"},"modified":"2026-03-24T09:52:23","modified_gmt":"2026-03-24T09:52:23","slug":"ghe-chuc-nang-2","status":"publish","type":"product","link":"https:\/\/108giahoa.com\/?product=ghe-chuc-nang-2","title":{"rendered":"GH\u1ebe CH\u1ee8C N\u0102NG"},"content":{"rendered":"<p>Gh\u1ebf ch\u1ee9c n\u0103ng khung th\u00e9p, \u0111\u1ec7m t\u1ef1a PVC v\u00e0 \u0111i\u1ec1u ch\u1ec9nh \u0111\u01b0\u1ee3c \u0111\u1ed9 cao.<\/p>\n<p>K\u00edch th\u01b0\u1edbc:<\/p>\n<ul>\n<li>GCN102T: \u00d8 550 x H725\u00f7845 (mm)<\/li>\n<\/ul>\n<p>Dung sai k\u00edch th\u01b0\u1edbc: \u00b1 5 mm<\/p>\n","protected":false},"excerpt":{"rendered":"<p>Gh\u1ebf ch\u1ee9c n\u0103ng khung th\u00e9p, \u0111\u1ec7m t\u1ef1a PVC v\u00e0 \u0111i\u1ec1u ch\u1ec9nh \u0111\u01b0\u1ee3c \u0111\u1ed9 cao. K\u00edch th\u01b0\u1edbc: GCN102T: \u00d8 550 x<\/p>\n","protected":false},"featured_media":31674,"comment_status":"open","ping_status":"closed","template":"","meta":[],"product_brand":[185],"product_cat":[77],"product_tag":[],"class_list":{"0":"post-31673","1":"product","2":"type-product","3":"status-publish","4":"has-post-thumbnail","6":"product_brand-ghe-van-phong","7":"product_cat-noi-that-van-phong-truong-hoc","9":"first","10":"instock","11":"shipping-taxable","12":"product-type-simple"},"_links":{"self":[{"href":"https:\/\/108giahoa.com\/index.php?rest_route=\/wp\/v2\/product\/31673","targetHints":{"allow":["GET"]}}],"collection":[{"href":"https:\/\/108giahoa.com\/index.php?rest_route=\/wp\/v2\/product"}],"about":[{"href":"https:\/\/108giahoa.com\/index.php?rest_route=\/wp\/v2\/types\/product"}],"replies":[{"embeddable":true,"href":"https:\/\/108giahoa.com\/index.php?rest_route=%2Fwp%2Fv2%2Fcomments&post=31673"}],"version-history":[{"count":1,"href":"https:\/\/108giahoa.com\/index.php?rest_route=\/wp\/v2\/product\/31673\/revisions"}],"predecessor-version":[{"id":31675,"href":"https:\/\/108giahoa.com\/index.php?rest_route=\/wp\/v2\/product\/31673\/revisions\/31675"}],"wp:featuredmedia":[{"embeddable":true,"href":"https:\/\/108giahoa.com\/index.php?rest_route=\/wp\/v2\/media\/31674"}],"wp:attachment":[{"href":"https:\/\/108giahoa.com\/index.php?rest_route=%2Fwp%2Fv2%2Fmedia&parent=31673"}],"wp:term":[{"taxonomy":"product_brand","embeddable":true,"href":"https:\/\/108giahoa.com\/index.php?rest_route=%2Fwp%2Fv2%2Fproduct_brand&post=31673"},{"taxonomy":"product_cat","embeddable":true,"href":"https:\/\/108giahoa.com\/index.php?rest_route=%2Fwp%2Fv2%2Fproduct_cat&post=31673"},{"taxonomy":"product_tag","embeddable":true,"href":"https:\/\/108giahoa.com\/index.php?rest_route=%2Fwp%2Fv2%2Fproduct_tag&post=31673"}],"curies":[{"name":"wp","href":"https:\/\/api.w.org\/{rel}","templated":true}]}}