{"id":31679,"date":"2026-03-24T10:01:12","date_gmt":"2026-03-24T10:01:12","guid":{"rendered":"https:\/\/108giahoa.com\/?post_type=product&#038;p=31679"},"modified":"2026-03-24T10:01:13","modified_gmt":"2026-03-24T10:01:13","slug":"ban-ghe-giao-vien-2","status":"publish","type":"product","link":"https:\/\/108giahoa.com\/?product=ban-ghe-giao-vien-2","title":{"rendered":"B\u00c0N GH\u1ebe GI\u00c1O VI\u00caN"},"content":{"rendered":"<p>B\u00e0n gh\u1ebf gi\u00e1o vi\u00ean s\u1eed d\u1ee5ng g\u1ed7 melamine, khung th\u00e9p s\u01a1n t\u0129nh \u0111i\u1ec7n.<\/p>\n<p>K\u00edch th\u01b0\u1edbc:<\/p>\n<ul>\n<li>BGV103: W1200\u00a0x D600\u00a0x H750\u00a0(mm).<\/li>\n<li>GGV103: W450 x D450\u00a0x H450-900\u00a0(mm).<\/li>\n<\/ul>\n<p>Dung sai k\u00edch th\u01b0\u1edbc: \u00b1 5 mm<\/p>\n<p><img loading=\"lazy\" decoding=\"async\" class=\"alignnone size-medium wp-image-31682\" src=\"http:\/\/108giahoa.com\/wp-content\/uploads\/2026\/03\/z7653423391802_8df6867e939e75bee436de9fc90b1b1e-300x300.jpg\" alt=\"\" width=\"300\" height=\"300\" srcset=\"https:\/\/108giahoa.com\/wp-content\/uploads\/2026\/03\/z7653423391802_8df6867e939e75bee436de9fc90b1b1e-300x300.jpg 300w, https:\/\/108giahoa.com\/wp-content\/uploads\/2026\/03\/z7653423391802_8df6867e939e75bee436de9fc90b1b1e-150x150.jpg 150w, https:\/\/108giahoa.com\/wp-content\/uploads\/2026\/03\/z7653423391802_8df6867e939e75bee436de9fc90b1b1e-768x768.jpg 768w, https:\/\/108giahoa.com\/wp-content\/uploads\/2026\/03\/z7653423391802_8df6867e939e75bee436de9fc90b1b1e-430x430.jpg 430w, https:\/\/108giahoa.com\/wp-content\/uploads\/2026\/03\/z7653423391802_8df6867e939e75bee436de9fc90b1b1e-700x700.jpg 700w, https:\/\/108giahoa.com\/wp-content\/uploads\/2026\/03\/z7653423391802_8df6867e939e75bee436de9fc90b1b1e.jpg 800w\" sizes=\"auto, (max-width: 300px) 100vw, 300px\" \/> <img loading=\"lazy\" decoding=\"async\" class=\"alignnone size-medium wp-image-31683\" src=\"http:\/\/108giahoa.com\/wp-content\/uploads\/2026\/03\/z7653423415049_2f363340cb384c7f6996e776955800c9-300x300.jpg\" alt=\"\" width=\"300\" height=\"300\" srcset=\"https:\/\/108giahoa.com\/wp-content\/uploads\/2026\/03\/z7653423415049_2f363340cb384c7f6996e776955800c9-300x300.jpg 300w, https:\/\/108giahoa.com\/wp-content\/uploads\/2026\/03\/z7653423415049_2f363340cb384c7f6996e776955800c9-150x150.jpg 150w, https:\/\/108giahoa.com\/wp-content\/uploads\/2026\/03\/z7653423415049_2f363340cb384c7f6996e776955800c9-768x768.jpg 768w, https:\/\/108giahoa.com\/wp-content\/uploads\/2026\/03\/z7653423415049_2f363340cb384c7f6996e776955800c9-430x430.jpg 430w, https:\/\/108giahoa.com\/wp-content\/uploads\/2026\/03\/z7653423415049_2f363340cb384c7f6996e776955800c9-700x700.jpg 700w, https:\/\/108giahoa.com\/wp-content\/uploads\/2026\/03\/z7653423415049_2f363340cb384c7f6996e776955800c9.jpg 800w\" sizes=\"auto, (max-width: 300px) 100vw, 300px\" \/><\/p>\n","protected":false},"excerpt":{"rendered":"<p>B\u00e0n gh\u1ebf gi\u00e1o vi\u00ean s\u1eed d\u1ee5ng g\u1ed7 melamine, khung th\u00e9p s\u01a1n t\u0129nh \u0111i\u1ec7n. K\u00edch th\u01b0\u1edbc: BGV103: W1200\u00a0x D600\u00a0x H750\u00a0(mm). GGV103:<\/p>\n","protected":false},"featured_media":31681,"comment_status":"open","ping_status":"closed","template":"","meta":[],"product_brand":[134],"product_cat":[77],"product_tag":[],"class_list":{"0":"post-31679","1":"product","2":"type-product","3":"status-publish","4":"has-post-thumbnail","6":"product_brand-ban-ghe-phong-hoc","7":"product_cat-noi-that-van-phong-truong-hoc","9":"first","10":"instock","11":"shipping-taxable","12":"product-type-simple"},"_links":{"self":[{"href":"https:\/\/108giahoa.com\/index.php?rest_route=\/wp\/v2\/product\/31679","targetHints":{"allow":["GET"]}}],"collection":[{"href":"https:\/\/108giahoa.com\/index.php?rest_route=\/wp\/v2\/product"}],"about":[{"href":"https:\/\/108giahoa.com\/index.php?rest_route=\/wp\/v2\/types\/product"}],"replies":[{"embeddable":true,"href":"https:\/\/108giahoa.com\/index.php?rest_route=%2Fwp%2Fv2%2Fcomments&post=31679"}],"version-history":[{"count":1,"href":"https:\/\/108giahoa.com\/index.php?rest_route=\/wp\/v2\/product\/31679\/revisions"}],"predecessor-version":[{"id":31684,"href":"https:\/\/108giahoa.com\/index.php?rest_route=\/wp\/v2\/product\/31679\/revisions\/31684"}],"wp:featuredmedia":[{"embeddable":true,"href":"https:\/\/108giahoa.com\/index.php?rest_route=\/wp\/v2\/media\/31681"}],"wp:attachment":[{"href":"https:\/\/108giahoa.com\/index.php?rest_route=%2Fwp%2Fv2%2Fmedia&parent=31679"}],"wp:term":[{"taxonomy":"product_brand","embeddable":true,"href":"https:\/\/108giahoa.com\/index.php?rest_route=%2Fwp%2Fv2%2Fproduct_brand&post=31679"},{"taxonomy":"product_cat","embeddable":true,"href":"https:\/\/108giahoa.com\/index.php?rest_route=%2Fwp%2Fv2%2Fproduct_cat&post=31679"},{"taxonomy":"product_tag","embeddable":true,"href":"https:\/\/108giahoa.com\/index.php?rest_route=%2Fwp%2Fv2%2Fproduct_tag&post=31679"}],"curies":[{"name":"wp","href":"https:\/\/api.w.org\/{rel}","templated":true}]}}