{"id":31701,"date":"2026-03-25T03:20:31","date_gmt":"2026-03-25T03:20:31","guid":{"rendered":"https:\/\/108giahoa.com\/?post_type=product&#038;p=31701"},"modified":"2026-03-25T03:20:31","modified_gmt":"2026-03-25T03:20:31","slug":"cau-truot-cay-nam-nhua-composite-duc-nguyen-khoi","status":"publish","type":"product","link":"https:\/\/108giahoa.com\/?product=cau-truot-cay-nam-nhua-composite-duc-nguyen-khoi","title":{"rendered":"C\u1ea7u Tr\u01b0\u1ee3t C\u00e2y N\u1ea5m Nh\u1ef1a Composite \u0110\u00fac Nguy\u00ean Kh\u1ed1i"},"content":{"rendered":"","protected":false},"excerpt":{"rendered":"","protected":false},"featured_media":31702,"comment_status":"open","ping_status":"closed","template":"","meta":[],"product_brand":[187],"product_cat":[76],"product_tag":[],"class_list":{"0":"post-31701","1":"product","2":"type-product","3":"status-publish","4":"has-post-thumbnail","6":"product_brand-cau-truot","7":"product_cat-do-choi-ngoai-troi","9":"first","10":"instock","11":"shipping-taxable","12":"product-type-simple"},"_links":{"self":[{"href":"https:\/\/108giahoa.com\/index.php?rest_route=\/wp\/v2\/product\/31701","targetHints":{"allow":["GET"]}}],"collection":[{"href":"https:\/\/108giahoa.com\/index.php?rest_route=\/wp\/v2\/product"}],"about":[{"href":"https:\/\/108giahoa.com\/index.php?rest_route=\/wp\/v2\/types\/product"}],"replies":[{"embeddable":true,"href":"https:\/\/108giahoa.com\/index.php?rest_route=%2Fwp%2Fv2%2Fcomments&post=31701"}],"version-history":[{"count":1,"href":"https:\/\/108giahoa.com\/index.php?rest_route=\/wp\/v2\/product\/31701\/revisions"}],"predecessor-version":[{"id":31703,"href":"https:\/\/108giahoa.com\/index.php?rest_route=\/wp\/v2\/product\/31701\/revisions\/31703"}],"wp:featuredmedia":[{"embeddable":true,"href":"https:\/\/108giahoa.com\/index.php?rest_route=\/wp\/v2\/media\/31702"}],"wp:attachment":[{"href":"https:\/\/108giahoa.com\/index.php?rest_route=%2Fwp%2Fv2%2Fmedia&parent=31701"}],"wp:term":[{"taxonomy":"product_brand","embeddable":true,"href":"https:\/\/108giahoa.com\/index.php?rest_route=%2Fwp%2Fv2%2Fproduct_brand&post=31701"},{"taxonomy":"product_cat","embeddable":true,"href":"https:\/\/108giahoa.com\/index.php?rest_route=%2Fwp%2Fv2%2Fproduct_cat&post=31701"},{"taxonomy":"product_tag","embeddable":true,"href":"https:\/\/108giahoa.com\/index.php?rest_route=%2Fwp%2Fv2%2Fproduct_tag&post=31701"}],"curies":[{"name":"wp","href":"https:\/\/api.w.org\/{rel}","templated":true}]}}