{"id":31704,"date":"2026-03-25T03:22:22","date_gmt":"2026-03-25T03:22:22","guid":{"rendered":"https:\/\/108giahoa.com\/?post_type=product&#038;p=31704"},"modified":"2026-03-25T03:22:22","modified_gmt":"2026-03-25T03:22:22","slug":"cau-truot-xich-du-cho-be-con-gau","status":"publish","type":"product","link":"https:\/\/108giahoa.com\/?product=cau-truot-xich-du-cho-be-con-gau","title":{"rendered":"C\u1ea7u Tr\u01b0\u1ee3t X\u00edch \u0110u Cho B\u00e9 Con G\u1ea5u"},"content":{"rendered":"","protected":false},"excerpt":{"rendered":"","protected":false},"featured_media":31705,"comment_status":"open","ping_status":"closed","template":"","meta":[],"product_brand":[187],"product_cat":[76],"product_tag":[],"class_list":{"0":"post-31704","1":"product","2":"type-product","3":"status-publish","4":"has-post-thumbnail","6":"product_brand-cau-truot","7":"product_cat-do-choi-ngoai-troi","9":"first","10":"instock","11":"shipping-taxable","12":"product-type-simple"},"_links":{"self":[{"href":"https:\/\/108giahoa.com\/index.php?rest_route=\/wp\/v2\/product\/31704","targetHints":{"allow":["GET"]}}],"collection":[{"href":"https:\/\/108giahoa.com\/index.php?rest_route=\/wp\/v2\/product"}],"about":[{"href":"https:\/\/108giahoa.com\/index.php?rest_route=\/wp\/v2\/types\/product"}],"replies":[{"embeddable":true,"href":"https:\/\/108giahoa.com\/index.php?rest_route=%2Fwp%2Fv2%2Fcomments&post=31704"}],"version-history":[{"count":1,"href":"https:\/\/108giahoa.com\/index.php?rest_route=\/wp\/v2\/product\/31704\/revisions"}],"predecessor-version":[{"id":31706,"href":"https:\/\/108giahoa.com\/index.php?rest_route=\/wp\/v2\/product\/31704\/revisions\/31706"}],"wp:featuredmedia":[{"embeddable":true,"href":"https:\/\/108giahoa.com\/index.php?rest_route=\/wp\/v2\/media\/31705"}],"wp:attachment":[{"href":"https:\/\/108giahoa.com\/index.php?rest_route=%2Fwp%2Fv2%2Fmedia&parent=31704"}],"wp:term":[{"taxonomy":"product_brand","embeddable":true,"href":"https:\/\/108giahoa.com\/index.php?rest_route=%2Fwp%2Fv2%2Fproduct_brand&post=31704"},{"taxonomy":"product_cat","embeddable":true,"href":"https:\/\/108giahoa.com\/index.php?rest_route=%2Fwp%2Fv2%2Fproduct_cat&post=31704"},{"taxonomy":"product_tag","embeddable":true,"href":"https:\/\/108giahoa.com\/index.php?rest_route=%2Fwp%2Fv2%2Fproduct_tag&post=31704"}],"curies":[{"name":"wp","href":"https:\/\/api.w.org\/{rel}","templated":true}]}}