{"id":31710,"date":"2026-03-25T03:28:18","date_gmt":"2026-03-25T03:28:18","guid":{"rendered":"https:\/\/108giahoa.com\/?post_type=product&#038;p=31710"},"modified":"2026-03-25T03:28:18","modified_gmt":"2026-03-25T03:28:18","slug":"nha-choi-cau-truot-mang-doi-nhua-composite-cao-cap","status":"publish","type":"product","link":"https:\/\/108giahoa.com\/?product=nha-choi-cau-truot-mang-doi-nhua-composite-cao-cap","title":{"rendered":"Nh\u00e0 Ch\u00f2i C\u1ea7u Tr\u01b0\u1ee3t M\u00e1ng \u0110\u00f4i Nh\u1ef1a Composite Cao C\u1ea5p"},"content":{"rendered":"","protected":false},"excerpt":{"rendered":"","protected":false},"featured_media":31711,"comment_status":"open","ping_status":"closed","template":"","meta":[],"product_brand":[187],"product_cat":[76],"product_tag":[],"class_list":{"0":"post-31710","1":"product","2":"type-product","3":"status-publish","4":"has-post-thumbnail","6":"product_brand-cau-truot","7":"product_cat-do-choi-ngoai-troi","9":"first","10":"instock","11":"shipping-taxable","12":"product-type-simple"},"_links":{"self":[{"href":"https:\/\/108giahoa.com\/index.php?rest_route=\/wp\/v2\/product\/31710","targetHints":{"allow":["GET"]}}],"collection":[{"href":"https:\/\/108giahoa.com\/index.php?rest_route=\/wp\/v2\/product"}],"about":[{"href":"https:\/\/108giahoa.com\/index.php?rest_route=\/wp\/v2\/types\/product"}],"replies":[{"embeddable":true,"href":"https:\/\/108giahoa.com\/index.php?rest_route=%2Fwp%2Fv2%2Fcomments&post=31710"}],"version-history":[{"count":1,"href":"https:\/\/108giahoa.com\/index.php?rest_route=\/wp\/v2\/product\/31710\/revisions"}],"predecessor-version":[{"id":31712,"href":"https:\/\/108giahoa.com\/index.php?rest_route=\/wp\/v2\/product\/31710\/revisions\/31712"}],"wp:featuredmedia":[{"embeddable":true,"href":"https:\/\/108giahoa.com\/index.php?rest_route=\/wp\/v2\/media\/31711"}],"wp:attachment":[{"href":"https:\/\/108giahoa.com\/index.php?rest_route=%2Fwp%2Fv2%2Fmedia&parent=31710"}],"wp:term":[{"taxonomy":"product_brand","embeddable":true,"href":"https:\/\/108giahoa.com\/index.php?rest_route=%2Fwp%2Fv2%2Fproduct_brand&post=31710"},{"taxonomy":"product_cat","embeddable":true,"href":"https:\/\/108giahoa.com\/index.php?rest_route=%2Fwp%2Fv2%2Fproduct_cat&post=31710"},{"taxonomy":"product_tag","embeddable":true,"href":"https:\/\/108giahoa.com\/index.php?rest_route=%2Fwp%2Fv2%2Fproduct_tag&post=31710"}],"curies":[{"name":"wp","href":"https:\/\/api.w.org\/{rel}","templated":true}]}}