{"id":31760,"date":"2026-03-25T06:54:22","date_gmt":"2026-03-25T06:54:22","guid":{"rendered":"https:\/\/108giahoa.com\/?post_type=product&#038;p=31760"},"modified":"2026-03-25T06:54:22","modified_gmt":"2026-03-25T06:54:22","slug":"thu-nhun-cho-be-hinh-con-tho-bang-nhua-composite","status":"publish","type":"product","link":"https:\/\/108giahoa.com\/?product=thu-nhun-cho-be-hinh-con-tho-bang-nhua-composite","title":{"rendered":"Th\u00fa Nh\u00fan Cho B\u00e9 H\u00ecnh Con Th\u1ecf B\u1eb1ng Nh\u1ef1a Composite"},"content":{"rendered":"","protected":false},"excerpt":{"rendered":"","protected":false},"featured_media":31761,"comment_status":"open","ping_status":"closed","template":"","meta":[],"product_brand":[190],"product_cat":[76],"product_tag":[],"class_list":{"0":"post-31760","1":"product","2":"type-product","3":"status-publish","4":"has-post-thumbnail","6":"product_brand-thu-nhun","7":"product_cat-do-choi-ngoai-troi","9":"first","10":"instock","11":"shipping-taxable","12":"product-type-simple"},"_links":{"self":[{"href":"https:\/\/108giahoa.com\/index.php?rest_route=\/wp\/v2\/product\/31760","targetHints":{"allow":["GET"]}}],"collection":[{"href":"https:\/\/108giahoa.com\/index.php?rest_route=\/wp\/v2\/product"}],"about":[{"href":"https:\/\/108giahoa.com\/index.php?rest_route=\/wp\/v2\/types\/product"}],"replies":[{"embeddable":true,"href":"https:\/\/108giahoa.com\/index.php?rest_route=%2Fwp%2Fv2%2Fcomments&post=31760"}],"version-history":[{"count":1,"href":"https:\/\/108giahoa.com\/index.php?rest_route=\/wp\/v2\/product\/31760\/revisions"}],"predecessor-version":[{"id":31762,"href":"https:\/\/108giahoa.com\/index.php?rest_route=\/wp\/v2\/product\/31760\/revisions\/31762"}],"wp:featuredmedia":[{"embeddable":true,"href":"https:\/\/108giahoa.com\/index.php?rest_route=\/wp\/v2\/media\/31761"}],"wp:attachment":[{"href":"https:\/\/108giahoa.com\/index.php?rest_route=%2Fwp%2Fv2%2Fmedia&parent=31760"}],"wp:term":[{"taxonomy":"product_brand","embeddable":true,"href":"https:\/\/108giahoa.com\/index.php?rest_route=%2Fwp%2Fv2%2Fproduct_brand&post=31760"},{"taxonomy":"product_cat","embeddable":true,"href":"https:\/\/108giahoa.com\/index.php?rest_route=%2Fwp%2Fv2%2Fproduct_cat&post=31760"},{"taxonomy":"product_tag","embeddable":true,"href":"https:\/\/108giahoa.com\/index.php?rest_route=%2Fwp%2Fv2%2Fproduct_tag&post=31760"}],"curies":[{"name":"wp","href":"https:\/\/api.w.org\/{rel}","templated":true}]}}