{"id":31772,"date":"2026-03-25T07:03:30","date_gmt":"2026-03-25T07:03:30","guid":{"rendered":"https:\/\/108giahoa.com\/?post_type=product&#038;p=31772"},"modified":"2026-03-25T07:03:30","modified_gmt":"2026-03-25T07:03:30","slug":"thu-nhun-lo-xo-hinh-con-ga","status":"publish","type":"product","link":"https:\/\/108giahoa.com\/?product=thu-nhun-lo-xo-hinh-con-ga","title":{"rendered":"Th\u00fa Nh\u00fan L\u00f2 Xo H\u00ecnh Con G\u00e0"},"content":{"rendered":"<p><img loading=\"lazy\" decoding=\"async\" class=\"alignnone size-medium wp-image-31775\" src=\"http:\/\/108giahoa.com\/wp-content\/uploads\/2026\/03\/z7656275264263_c722dcdf6b34123ace7bf6635e14b8d2-300x300.jpg\" alt=\"\" width=\"300\" height=\"300\" srcset=\"https:\/\/108giahoa.com\/wp-content\/uploads\/2026\/03\/z7656275264263_c722dcdf6b34123ace7bf6635e14b8d2-300x300.jpg 300w, https:\/\/108giahoa.com\/wp-content\/uploads\/2026\/03\/z7656275264263_c722dcdf6b34123ace7bf6635e14b8d2-150x150.jpg 150w, https:\/\/108giahoa.com\/wp-content\/uploads\/2026\/03\/z7656275264263_c722dcdf6b34123ace7bf6635e14b8d2-430x430.jpg 430w, https:\/\/108giahoa.com\/wp-content\/uploads\/2026\/03\/z7656275264263_c722dcdf6b34123ace7bf6635e14b8d2.jpg 600w\" sizes=\"auto, (max-width: 300px) 100vw, 300px\" \/> <img loading=\"lazy\" decoding=\"async\" class=\"alignnone size-medium wp-image-31774\" src=\"http:\/\/108giahoa.com\/wp-content\/uploads\/2026\/03\/z7656274480893_35d66b8bed0d26a39b753e275f1792d3-300x300.jpg\" alt=\"\" width=\"300\" height=\"300\" srcset=\"https:\/\/108giahoa.com\/wp-content\/uploads\/2026\/03\/z7656274480893_35d66b8bed0d26a39b753e275f1792d3-300x300.jpg 300w, https:\/\/108giahoa.com\/wp-content\/uploads\/2026\/03\/z7656274480893_35d66b8bed0d26a39b753e275f1792d3-150x150.jpg 150w, https:\/\/108giahoa.com\/wp-content\/uploads\/2026\/03\/z7656274480893_35d66b8bed0d26a39b753e275f1792d3-430x430.jpg 430w, https:\/\/108giahoa.com\/wp-content\/uploads\/2026\/03\/z7656274480893_35d66b8bed0d26a39b753e275f1792d3.jpg 600w\" sizes=\"auto, (max-width: 300px) 100vw, 300px\" \/> <img loading=\"lazy\" decoding=\"async\" class=\"alignnone size-medium wp-image-31773\" src=\"http:\/\/108giahoa.com\/wp-content\/uploads\/2026\/03\/z7656273354315_3348dfd462bff9c8d5fd9463a5b413e1-300x300.jpg\" alt=\"\" width=\"300\" height=\"300\" srcset=\"https:\/\/108giahoa.com\/wp-content\/uploads\/2026\/03\/z7656273354315_3348dfd462bff9c8d5fd9463a5b413e1-300x300.jpg 300w, https:\/\/108giahoa.com\/wp-content\/uploads\/2026\/03\/z7656273354315_3348dfd462bff9c8d5fd9463a5b413e1-150x150.jpg 150w, https:\/\/108giahoa.com\/wp-content\/uploads\/2026\/03\/z7656273354315_3348dfd462bff9c8d5fd9463a5b413e1-430x430.jpg 430w, https:\/\/108giahoa.com\/wp-content\/uploads\/2026\/03\/z7656273354315_3348dfd462bff9c8d5fd9463a5b413e1.jpg 600w\" sizes=\"auto, (max-width: 300px) 100vw, 300px\" \/> <img loading=\"lazy\" decoding=\"async\" class=\"alignnone size-medium wp-image-31776\" src=\"http:\/\/108giahoa.com\/wp-content\/uploads\/2026\/03\/z7656275972031_045a0d394b7a2b6120d22d1bcc4f5dd0-300x300.jpg\" alt=\"\" width=\"300\" height=\"300\" srcset=\"https:\/\/108giahoa.com\/wp-content\/uploads\/2026\/03\/z7656275972031_045a0d394b7a2b6120d22d1bcc4f5dd0-300x300.jpg 300w, https:\/\/108giahoa.com\/wp-content\/uploads\/2026\/03\/z7656275972031_045a0d394b7a2b6120d22d1bcc4f5dd0-150x150.jpg 150w, https:\/\/108giahoa.com\/wp-content\/uploads\/2026\/03\/z7656275972031_045a0d394b7a2b6120d22d1bcc4f5dd0-430x430.jpg 430w, https:\/\/108giahoa.com\/wp-content\/uploads\/2026\/03\/z7656275972031_045a0d394b7a2b6120d22d1bcc4f5dd0.jpg 600w\" sizes=\"auto, (max-width: 300px) 100vw, 300px\" \/><\/p>\n","protected":false},"excerpt":{"rendered":"","protected":false},"featured_media":31773,"comment_status":"open","ping_status":"closed","template":"","meta":[],"product_brand":[190],"product_cat":[76],"product_tag":[],"class_list":{"0":"post-31772","1":"product","2":"type-product","3":"status-publish","4":"has-post-thumbnail","6":"product_brand-thu-nhun","7":"product_cat-do-choi-ngoai-troi","9":"first","10":"instock","11":"shipping-taxable","12":"product-type-simple"},"_links":{"self":[{"href":"https:\/\/108giahoa.com\/index.php?rest_route=\/wp\/v2\/product\/31772","targetHints":{"allow":["GET"]}}],"collection":[{"href":"https:\/\/108giahoa.com\/index.php?rest_route=\/wp\/v2\/product"}],"about":[{"href":"https:\/\/108giahoa.com\/index.php?rest_route=\/wp\/v2\/types\/product"}],"replies":[{"embeddable":true,"href":"https:\/\/108giahoa.com\/index.php?rest_route=%2Fwp%2Fv2%2Fcomments&post=31772"}],"version-history":[{"count":1,"href":"https:\/\/108giahoa.com\/index.php?rest_route=\/wp\/v2\/product\/31772\/revisions"}],"predecessor-version":[{"id":31777,"href":"https:\/\/108giahoa.com\/index.php?rest_route=\/wp\/v2\/product\/31772\/revisions\/31777"}],"wp:featuredmedia":[{"embeddable":true,"href":"https:\/\/108giahoa.com\/index.php?rest_route=\/wp\/v2\/media\/31773"}],"wp:attachment":[{"href":"https:\/\/108giahoa.com\/index.php?rest_route=%2Fwp%2Fv2%2Fmedia&parent=31772"}],"wp:term":[{"taxonomy":"product_brand","embeddable":true,"href":"https:\/\/108giahoa.com\/index.php?rest_route=%2Fwp%2Fv2%2Fproduct_brand&post=31772"},{"taxonomy":"product_cat","embeddable":true,"href":"https:\/\/108giahoa.com\/index.php?rest_route=%2Fwp%2Fv2%2Fproduct_cat&post=31772"},{"taxonomy":"product_tag","embeddable":true,"href":"https:\/\/108giahoa.com\/index.php?rest_route=%2Fwp%2Fv2%2Fproduct_tag&post=31772"}],"curies":[{"name":"wp","href":"https:\/\/api.w.org\/{rel}","templated":true}]}}