{"id":31857,"date":"2026-03-26T00:34:27","date_gmt":"2026-03-26T00:34:27","guid":{"rendered":"https:\/\/108giahoa.com\/?post_type=product&#038;p=31857"},"modified":"2026-03-26T00:34:28","modified_gmt":"2026-03-26T00:34:28","slug":"camera-ip-ngoai-troi-4mp-kbvision-kx-c41l","status":"publish","type":"product","link":"https:\/\/108giahoa.com\/?product=camera-ip-ngoai-troi-4mp-kbvision-kx-c41l","title":{"rendered":"Camera IP ngo\u00e0i tr\u1eddi 4MP KBVision KX-C41L"},"content":{"rendered":"<table class=\"technical-content\">\n<tbody>\n<tr class=\"technical-content-item\">\n<td>D\u00f2ng camera<\/td>\n<td>Camera ngo\u00e0i tr\u1eddi<\/td>\n<\/tr>\n<tr class=\"technical-content-item\">\n<td>\u0110\u1ed9 ph\u00e2n gi\u1ea3i<\/td>\n<td>4MP (2560 \u00d7 1440 px)<\/td>\n<\/tr>\n<tr class=\"technical-content-item\">\n<td>T\u1ea7m nh\u00ecn<\/td>\n<td>T\u1ea7m xa h\u1ed3ng ngo\u1ea1i v\u00e0 \u0111\u00e8n LED 30m<\/td>\n<\/tr>\n<tr class=\"technical-content-item\">\n<td>K\u1ebft n\u1ed1i<\/td>\n<td>WiFi<\/td>\n<\/tr>\n<tr class=\"technical-content-item\">\n<td>T\u00ednh n\u0103ng<\/td>\n<td>\u0110\u00e0m tho\u1ea1i 2 chi\u1ec1u<br \/>\nH\u1ed7 tr\u1ee3 ph\u00e1t hi\u1ec7n chuy\u1ec3n \u0111\u1ed9ng<br \/>\nPh\u00e1t hi\u1ec7n con ng\u01b0\u1eddi<br \/>\nB\u00e1o \u0111\u1ed9ng ch\u1ee7 \u0111\u1ed9ng b\u1eb1ng c\u00f2i v\u00e0 \u0111\u00e8n<br \/>\nCh\u1ed1ng ng\u01b0\u1ee3c s\u00e1ng DWDR<br \/>\nT\u1ef1 \u0111\u1ed9ng c\u00e2n b\u1eb1ng tr\u1eafng (AWB)<br \/>\nT\u1ef1 \u0111\u1ed9ng b\u00f9 t\u00edn hi\u1ec7u \u1ea3nh (AGC)<br \/>\nCh\u1ed1ng ng\u01b0\u1ee3c s\u00e1ng(BLC)<br \/>\nCh\u1ed1ng nhi\u1ec5u (3D-DNR)<br \/>\nQuan s\u00e1t ban \u0111\u00eam c\u00f3 m\u00e0u<\/td>\n<\/tr>\n<tr class=\"technical-content-item\">\n<td>Kh\u00e1ng n\u01b0\u1edbc<\/td>\n<td>IP67<\/td>\n<\/tr>\n<tr class=\"technical-content-item\">\n<td>H\u00e3ng s\u1ea3n xu\u1ea5t<\/td>\n<td>KBVISION<\/td>\n<\/tr>\n<\/tbody>\n<\/table>\n","protected":false},"excerpt":{"rendered":"<p>D\u00f2ng camera Camera ngo\u00e0i tr\u1eddi \u0110\u1ed9 ph\u00e2n gi\u1ea3i 4MP (2560 \u00d7 1440 px) T\u1ea7m nh\u00ecn T\u1ea7m xa h\u1ed3ng ngo\u1ea1i v\u00e0<\/p>\n","protected":false},"featured_media":31858,"comment_status":"open","ping_status":"closed","template":"","meta":[],"product_brand":[176],"product_cat":[92],"product_tag":[],"class_list":{"0":"post-31857","1":"product","2":"type-product","3":"status-publish","4":"has-post-thumbnail","6":"product_brand-kbvision","7":"product_cat-camera-quan-sat","9":"first","10":"instock","11":"shipping-taxable","12":"product-type-simple"},"_links":{"self":[{"href":"https:\/\/108giahoa.com\/index.php?rest_route=\/wp\/v2\/product\/31857","targetHints":{"allow":["GET"]}}],"collection":[{"href":"https:\/\/108giahoa.com\/index.php?rest_route=\/wp\/v2\/product"}],"about":[{"href":"https:\/\/108giahoa.com\/index.php?rest_route=\/wp\/v2\/types\/product"}],"replies":[{"embeddable":true,"href":"https:\/\/108giahoa.com\/index.php?rest_route=%2Fwp%2Fv2%2Fcomments&post=31857"}],"version-history":[{"count":1,"href":"https:\/\/108giahoa.com\/index.php?rest_route=\/wp\/v2\/product\/31857\/revisions"}],"predecessor-version":[{"id":31859,"href":"https:\/\/108giahoa.com\/index.php?rest_route=\/wp\/v2\/product\/31857\/revisions\/31859"}],"wp:featuredmedia":[{"embeddable":true,"href":"https:\/\/108giahoa.com\/index.php?rest_route=\/wp\/v2\/media\/31858"}],"wp:attachment":[{"href":"https:\/\/108giahoa.com\/index.php?rest_route=%2Fwp%2Fv2%2Fmedia&parent=31857"}],"wp:term":[{"taxonomy":"product_brand","embeddable":true,"href":"https:\/\/108giahoa.com\/index.php?rest_route=%2Fwp%2Fv2%2Fproduct_brand&post=31857"},{"taxonomy":"product_cat","embeddable":true,"href":"https:\/\/108giahoa.com\/index.php?rest_route=%2Fwp%2Fv2%2Fproduct_cat&post=31857"},{"taxonomy":"product_tag","embeddable":true,"href":"https:\/\/108giahoa.com\/index.php?rest_route=%2Fwp%2Fv2%2Fproduct_tag&post=31857"}],"curies":[{"name":"wp","href":"https:\/\/api.w.org\/{rel}","templated":true}]}}