{"id":31863,"date":"2026-03-26T00:44:24","date_gmt":"2026-03-26T00:44:24","guid":{"rendered":"https:\/\/108giahoa.com\/?post_type=product&#038;p=31863"},"modified":"2026-03-26T00:44:24","modified_gmt":"2026-03-26T00:44:24","slug":"camera-ip-ngoai-troi-360-do-5mp-kbvision-kx-s5l","status":"publish","type":"product","link":"https:\/\/108giahoa.com\/?product=camera-ip-ngoai-troi-360-do-5mp-kbvision-kx-s5l","title":{"rendered":"Camera IP ngo\u00e0i tr\u1eddi 360 \u0111\u1ed9 5MP KBVision KX-S5L"},"content":{"rendered":"<table class=\"technical-content\">\n<tbody>\n<tr class=\"technical-content-item\">\n<td>D\u00f2ng camera<\/td>\n<td>Camera ngo\u00e0i tr\u1eddi<\/td>\n<\/tr>\n<tr class=\"technical-content-item\">\n<td>\u0110\u1ed9 ph\u00e2n gi\u1ea3i<\/td>\n<td>5MP (2880 \u00d7 1620 px)<\/td>\n<\/tr>\n<tr class=\"technical-content-item\">\n<td>G\u00f3c xoay<\/td>\n<td>Xoay ngang: 360 \u0111\u1ed9<br \/>\nXoay d\u1ecdc: 90 \u0111\u1ed9<\/td>\n<\/tr>\n<tr class=\"technical-content-item\">\n<td>T\u1ea7m nh\u00ecn<\/td>\n<td>T\u1ea7m xa h\u1ed3ng ngo\u1ea1i v\u00e0 \u0111\u00e8n LED 30m<\/td>\n<\/tr>\n<tr class=\"technical-content-item\">\n<td>K\u1ebft n\u1ed1i<\/td>\n<td>WiFi<br \/>\nC\u1ed5ng LAN<br \/>\nBluetooth<\/td>\n<\/tr>\n<tr class=\"technical-content-item\">\n<td>T\u00ednh n\u0103ng<\/td>\n<td>\u0110\u00e0m tho\u1ea1i 2 chi\u1ec1u<br \/>\nAuto Tracking t\u1ef1 \u0111\u1ed9ng theo d\u00f5i \u0111\u1ed1i t\u01b0\u1ee3ng x\u00e2m nh\u1eadp<br \/>\nH\u1ed7 tr\u1ee3 c\u00f2i h\u00fa v\u00e0 \u0111\u00e8n ch\u1edbp b\u00e1o \u0111\u1ed9ng xanh \u0111\u1ecf<br \/>\nH\u00e0ng r\u00e0o \u1ea3o<br \/>\nKhu v\u1ef1c c\u1ea5m (IVS)<br \/>\nPh\u00e1t hi\u1ec7n con ng\u01b0\u1eddi<br \/>\nPh\u00e1t hi\u1ec7n ph\u01b0\u01a1ng ti\u1ec7n (\u00f4 t\u00f4)<br \/>\nQuan s\u00e1t ban \u0111\u00eam c\u00f3 m\u00e0u<br \/>\nThi\u1ebft l\u1eadp \u0111i\u1ec3m y\u00eau th\u00edch (Preset) v\u00e0 g\u1ecdi \u0111i\u1ec3m nhanh<br \/>\nH\u1ed7 tr\u1ee3 ch\u1ee9c n\u0103ng quay qu\u00e9t t\u1ef1 \u0111\u1ed9ng (Preset Patrol)<\/td>\n<\/tr>\n<tr class=\"technical-content-item\">\n<td>Kh\u00e1ng n\u01b0\u1edbc<\/td>\n<td>IP66<\/td>\n<\/tr>\n<tr class=\"technical-content-item\">\n<td>H\u00e3ng s\u1ea3n xu\u1ea5t<\/td>\n<td>KBVISION<\/td>\n<\/tr>\n<\/tbody>\n<\/table>\n","protected":false},"excerpt":{"rendered":"<p>D\u00f2ng camera Camera ngo\u00e0i tr\u1eddi \u0110\u1ed9 ph\u00e2n gi\u1ea3i 5MP (2880 \u00d7 1620 px) G\u00f3c xoay Xoay ngang: 360 \u0111\u1ed9 Xoay<\/p>\n","protected":false},"featured_media":31864,"comment_status":"open","ping_status":"closed","template":"","meta":[],"product_brand":[176],"product_cat":[92],"product_tag":[],"class_list":{"0":"post-31863","1":"product","2":"type-product","3":"status-publish","4":"has-post-thumbnail","6":"product_brand-kbvision","7":"product_cat-camera-quan-sat","9":"first","10":"instock","11":"shipping-taxable","12":"product-type-simple"},"_links":{"self":[{"href":"https:\/\/108giahoa.com\/index.php?rest_route=\/wp\/v2\/product\/31863","targetHints":{"allow":["GET"]}}],"collection":[{"href":"https:\/\/108giahoa.com\/index.php?rest_route=\/wp\/v2\/product"}],"about":[{"href":"https:\/\/108giahoa.com\/index.php?rest_route=\/wp\/v2\/types\/product"}],"replies":[{"embeddable":true,"href":"https:\/\/108giahoa.com\/index.php?rest_route=%2Fwp%2Fv2%2Fcomments&post=31863"}],"version-history":[{"count":1,"href":"https:\/\/108giahoa.com\/index.php?rest_route=\/wp\/v2\/product\/31863\/revisions"}],"predecessor-version":[{"id":31865,"href":"https:\/\/108giahoa.com\/index.php?rest_route=\/wp\/v2\/product\/31863\/revisions\/31865"}],"wp:featuredmedia":[{"embeddable":true,"href":"https:\/\/108giahoa.com\/index.php?rest_route=\/wp\/v2\/media\/31864"}],"wp:attachment":[{"href":"https:\/\/108giahoa.com\/index.php?rest_route=%2Fwp%2Fv2%2Fmedia&parent=31863"}],"wp:term":[{"taxonomy":"product_brand","embeddable":true,"href":"https:\/\/108giahoa.com\/index.php?rest_route=%2Fwp%2Fv2%2Fproduct_brand&post=31863"},{"taxonomy":"product_cat","embeddable":true,"href":"https:\/\/108giahoa.com\/index.php?rest_route=%2Fwp%2Fv2%2Fproduct_cat&post=31863"},{"taxonomy":"product_tag","embeddable":true,"href":"https:\/\/108giahoa.com\/index.php?rest_route=%2Fwp%2Fv2%2Fproduct_tag&post=31863"}],"curies":[{"name":"wp","href":"https:\/\/api.w.org\/{rel}","templated":true}]}}