{"id":31866,"date":"2026-03-26T00:46:31","date_gmt":"2026-03-26T00:46:31","guid":{"rendered":"https:\/\/108giahoa.com\/?post_type=product&#038;p=31866"},"modified":"2026-03-26T00:46:32","modified_gmt":"2026-03-26T00:46:32","slug":"camera-ip-wifi-kbvision-kbone-kn-h41p-2k-4-0mp","status":"publish","type":"product","link":"https:\/\/108giahoa.com\/?product=camera-ip-wifi-kbvision-kbone-kn-h41p-2k-4-0mp","title":{"rendered":"Camera IP Wifi KBVISION Kbone KN-H41P 2K 4.0MP"},"content":{"rendered":"<table class=\"technical-content\">\n<tbody>\n<tr class=\"technical-content-item\">\n<td>D\u00f2ng \u0111i\u1ec7n v\u00e0o<\/td>\n<td>5V \/ 1A<\/td>\n<\/tr>\n<tr class=\"technical-content-item\">\n<td>\u0110\u1ed9 ph\u00e2n gi\u1ea3i<\/td>\n<td>2K 2560x1440p<\/td>\n<\/tr>\n<tr class=\"technical-content-item\">\n<td>G\u00f3c xoay<\/td>\n<td>Ngang 355 \u0111\u1ed9<br \/>\nD\u1ecdc 5 &#8211; 80 \u0111\u1ed9<\/td>\n<\/tr>\n<tr class=\"technical-content-item\">\n<td>T\u1ea7m nh\u00ecn xa h\u1ed3ng ngo\u1ea1i<\/td>\n<td>10m<\/td>\n<\/tr>\n<tr class=\"technical-content-item\">\n<td>K\u1ebft n\u1ed1i<\/td>\n<td>Wifi, LAN, Cloud, ONVIF<\/td>\n<\/tr>\n<tr class=\"technical-content-item\">\n<td>L\u01b0u tr\u1eef<\/td>\n<td>Th\u1ebb MicroSD l\u00ean t\u1edbi 256GB<\/td>\n<\/tr>\n<tr class=\"technical-content-item\">\n<td>Ti\u1ec7n \u00edch<\/td>\n<td>C\u1ea3nh b\u00e1o chuy\u1ec3n \u0111\u1ed9ng b\u1ea5t th\u01b0\u1eddng<br \/>\nT\u00edch h\u1ee3p c\u00f2i b\u00e1o \u0111\u1ed9ng<\/td>\n<\/tr>\n<tr class=\"technical-content-item\">\n<td>H\u00e3ng s\u1ea3n xu\u1ea5t<\/td>\n<td>KBVISION<\/td>\n<\/tr>\n<tr class=\"technical-content-item\">\n<td>C\u1ea3m bi\u1ebfn<\/td>\n<td>Sony NIR 1\/2.7\u2033 4.0MP<\/td>\n<\/tr>\n<\/tbody>\n<\/table>\n","protected":false},"excerpt":{"rendered":"<p>D\u00f2ng \u0111i\u1ec7n v\u00e0o 5V \/ 1A \u0110\u1ed9 ph\u00e2n gi\u1ea3i 2K 2560x1440p G\u00f3c xoay Ngang 355 \u0111\u1ed9 D\u1ecdc 5 &#8211; 80<\/p>\n","protected":false},"featured_media":31867,"comment_status":"open","ping_status":"closed","template":"","meta":[],"product_brand":[176],"product_cat":[92],"product_tag":[],"class_list":{"0":"post-31866","1":"product","2":"type-product","3":"status-publish","4":"has-post-thumbnail","6":"product_brand-kbvision","7":"product_cat-camera-quan-sat","9":"first","10":"instock","11":"shipping-taxable","12":"product-type-simple"},"_links":{"self":[{"href":"https:\/\/108giahoa.com\/index.php?rest_route=\/wp\/v2\/product\/31866","targetHints":{"allow":["GET"]}}],"collection":[{"href":"https:\/\/108giahoa.com\/index.php?rest_route=\/wp\/v2\/product"}],"about":[{"href":"https:\/\/108giahoa.com\/index.php?rest_route=\/wp\/v2\/types\/product"}],"replies":[{"embeddable":true,"href":"https:\/\/108giahoa.com\/index.php?rest_route=%2Fwp%2Fv2%2Fcomments&post=31866"}],"version-history":[{"count":1,"href":"https:\/\/108giahoa.com\/index.php?rest_route=\/wp\/v2\/product\/31866\/revisions"}],"predecessor-version":[{"id":31868,"href":"https:\/\/108giahoa.com\/index.php?rest_route=\/wp\/v2\/product\/31866\/revisions\/31868"}],"wp:featuredmedia":[{"embeddable":true,"href":"https:\/\/108giahoa.com\/index.php?rest_route=\/wp\/v2\/media\/31867"}],"wp:attachment":[{"href":"https:\/\/108giahoa.com\/index.php?rest_route=%2Fwp%2Fv2%2Fmedia&parent=31866"}],"wp:term":[{"taxonomy":"product_brand","embeddable":true,"href":"https:\/\/108giahoa.com\/index.php?rest_route=%2Fwp%2Fv2%2Fproduct_brand&post=31866"},{"taxonomy":"product_cat","embeddable":true,"href":"https:\/\/108giahoa.com\/index.php?rest_route=%2Fwp%2Fv2%2Fproduct_cat&post=31866"},{"taxonomy":"product_tag","embeddable":true,"href":"https:\/\/108giahoa.com\/index.php?rest_route=%2Fwp%2Fv2%2Fproduct_tag&post=31866"}],"curies":[{"name":"wp","href":"https:\/\/api.w.org\/{rel}","templated":true}]}}