{"id":31869,"date":"2026-03-26T00:48:28","date_gmt":"2026-03-26T00:48:28","guid":{"rendered":"https:\/\/108giahoa.com\/?post_type=product&#038;p=31869"},"modified":"2026-03-26T00:48:28","modified_gmt":"2026-03-26T00:48:28","slug":"camera-ip-wifi-kbvision-kbone-kn-b21-1080p-2mp","status":"publish","type":"product","link":"https:\/\/108giahoa.com\/?product=camera-ip-wifi-kbvision-kbone-kn-b21-1080p-2mp","title":{"rendered":"Camera IP Wifi KBVision KBone KN-B21 1080p 2MP"},"content":{"rendered":"<table class=\"technical-content\">\n<tbody>\n<tr class=\"technical-content-item\">\n<td>D\u00f2ng \u0111i\u1ec7n v\u00e0o<\/td>\n<td>DC 12V &#8211; 1A<\/td>\n<\/tr>\n<tr class=\"technical-content-item\">\n<td>\u0110\u1ed9 ph\u00e2n gi\u1ea3i<\/td>\n<td>1080p<\/td>\n<\/tr>\n<tr class=\"technical-content-item\">\n<td>T\u1ea7m nh\u00ecn xa h\u1ed3ng ngo\u1ea1i<\/td>\n<td>30m<\/td>\n<\/tr>\n<tr class=\"technical-content-item\">\n<td>K\u1ebft n\u1ed1i<\/td>\n<td>Wifi, LAN, Cloud, ONVIF<\/td>\n<\/tr>\n<tr class=\"technical-content-item\">\n<td>L\u01b0u tr\u1eef<\/td>\n<td>Th\u1ebb MicroSD l\u00ean \u0111\u1ebfn 256GB<\/td>\n<\/tr>\n<tr class=\"technical-content-item\">\n<td>Ti\u1ec7n \u00edch<\/td>\n<td>H\u1ed7 tr\u1ee3 t\u00ednh n\u0103ng th\u00f4ng minh: ph\u00e1t hi\u1ec7n con ng\u01b0\u1eddi, ph\u00e1t hi\u1ec7n chuy\u1ec3n \u0111\u1ed9ng, ph\u00e1t hi\u1ec7n \u00e2m thanh b\u1ea5t th\u01b0\u1eddng<\/td>\n<\/tr>\n<tr class=\"technical-content-item\">\n<td>H\u00e3ng s\u1ea3n xu\u1ea5t<\/td>\n<td>KBVISION<\/td>\n<\/tr>\n<\/tbody>\n<\/table>\n","protected":false},"excerpt":{"rendered":"<p>D\u00f2ng \u0111i\u1ec7n v\u00e0o DC 12V &#8211; 1A \u0110\u1ed9 ph\u00e2n gi\u1ea3i 1080p T\u1ea7m nh\u00ecn xa h\u1ed3ng ngo\u1ea1i 30m K\u1ebft n\u1ed1i Wifi,<\/p>\n","protected":false},"featured_media":31870,"comment_status":"open","ping_status":"closed","template":"","meta":[],"product_brand":[176],"product_cat":[92],"product_tag":[],"class_list":{"0":"post-31869","1":"product","2":"type-product","3":"status-publish","4":"has-post-thumbnail","6":"product_brand-kbvision","7":"product_cat-camera-quan-sat","9":"first","10":"instock","11":"shipping-taxable","12":"product-type-simple"},"_links":{"self":[{"href":"https:\/\/108giahoa.com\/index.php?rest_route=\/wp\/v2\/product\/31869","targetHints":{"allow":["GET"]}}],"collection":[{"href":"https:\/\/108giahoa.com\/index.php?rest_route=\/wp\/v2\/product"}],"about":[{"href":"https:\/\/108giahoa.com\/index.php?rest_route=\/wp\/v2\/types\/product"}],"replies":[{"embeddable":true,"href":"https:\/\/108giahoa.com\/index.php?rest_route=%2Fwp%2Fv2%2Fcomments&post=31869"}],"version-history":[{"count":1,"href":"https:\/\/108giahoa.com\/index.php?rest_route=\/wp\/v2\/product\/31869\/revisions"}],"predecessor-version":[{"id":31871,"href":"https:\/\/108giahoa.com\/index.php?rest_route=\/wp\/v2\/product\/31869\/revisions\/31871"}],"wp:featuredmedia":[{"embeddable":true,"href":"https:\/\/108giahoa.com\/index.php?rest_route=\/wp\/v2\/media\/31870"}],"wp:attachment":[{"href":"https:\/\/108giahoa.com\/index.php?rest_route=%2Fwp%2Fv2%2Fmedia&parent=31869"}],"wp:term":[{"taxonomy":"product_brand","embeddable":true,"href":"https:\/\/108giahoa.com\/index.php?rest_route=%2Fwp%2Fv2%2Fproduct_brand&post=31869"},{"taxonomy":"product_cat","embeddable":true,"href":"https:\/\/108giahoa.com\/index.php?rest_route=%2Fwp%2Fv2%2Fproduct_cat&post=31869"},{"taxonomy":"product_tag","embeddable":true,"href":"https:\/\/108giahoa.com\/index.php?rest_route=%2Fwp%2Fv2%2Fproduct_tag&post=31869"}],"curies":[{"name":"wp","href":"https:\/\/api.w.org\/{rel}","templated":true}]}}