{"id":31872,"date":"2026-03-26T09:40:19","date_gmt":"2026-03-26T09:40:19","guid":{"rendered":"https:\/\/108giahoa.com\/?post_type=product&#038;p=31872"},"modified":"2026-03-26T09:40:19","modified_gmt":"2026-03-26T09:40:19","slug":"camera-poe-quay-quet-4mp-kbvision-kx-c4007cpn-pro","status":"publish","type":"product","link":"https:\/\/108giahoa.com\/?product=camera-poe-quay-quet-4mp-kbvision-kx-c4007cpn-pro","title":{"rendered":"Camera PoE quay qu\u00e9t 4MP KBVISION KX-C4007CPN-PRO"},"content":{"rendered":"<h2><strong>Th\u00f4ng s\u1ed1 k\u1ef9 thu\u1eadt Camera PoE quay qu\u00e9t 4.0MP KBVISION KX-C4007CPN-PRO<\/strong><\/h2>\n<p>\u2013 \u0110\u1ed9 ph\u00e2n gi\u1ea3i 4 Megapixel c\u1ea3m bi\u1ebfn STARVIS\u2122 CMOS k\u00edch th\u01b0\u1edbc 1\/1.8\u2033<br \/>\n\u2013 Chu\u1ea9n n\u00e9n H265+, 25\/30fps@2560 \u00d7 1440<br \/>\n\u2013 H\u1ed7 tr\u1ee3 Starlight v\u1edbi \u0111\u1ed9 nh\u1ea1y s\u00e1ng si\u00eau th\u1ea5p 0.0005 lux@F1.0<br \/>\n\u2013 C\u00f4ng ngh\u1ec7 AI-ISP k\u1ebft h\u1ee3p c\u1ea3m bi\u1ebfn l\u1edbn cho h\u00ecnh \u1ea3nh v\u01b0\u1ee3t tr\u1ed9i ban \u0111\u00eam c\u0169ng nh\u01b0 ban ng\u00e0y<br \/>\n\u2013 Ch\u1ebf \u0111\u1ed9 ng\u00e0y \u0111\u00eam (ICR), Ch\u1ed1ng ng\u01b0\u1ee3c s\u00e1ng DWDR, ch\u1ed1ng ng\u01b0\u1ee3c s\u00e1ng(BLC), ch\u1ed1ng nhi\u1ec5u (3D-DNR).<br \/>\n\u2013 \u1ed0ng k\u00ednh c\u1ed1 \u0111\u1ecbnh 4mm , g\u00f3c nh\u00ecn 97\u00b0<br \/>\n\u2013 T\u1ea7m xa LED \u00e1nh s\u00e1ng \u1ea5m thu h\u00ecnh c\u00f3 m\u00e0u 30m<br \/>\n\u2013 H\u1ed7 tr\u1ee3 c\u00e0i \u0111\u1eb7t tr\u01b0\u1edbc 300 \u0111i\u1ec3m (Preset), 8 h\u00e0nh tr\u00ecnh t\u1ef1 \u0111\u1ed9ng (Tour) l\u00ean \u0111\u1ebfn 32 \u0111i\u1ec3m trong m\u1ed7i h\u00e0nh tr\u00ecnh, h\u1ed7 tr\u1ee3 ch\u1ea1y l\u1ea1i c\u00e1c c\u00e0i \u0111\u1eb7t tr\u01b0\u1edbc khi c\u00f3 thao t\u00e1c \u0111i\u1ec1u khi\u1ec3n (Idle Motion).<br \/>\n\u2013 T\u00ednh n\u0103ng th\u00f4ng minh AI: SMD 3.0 (Ph\u00e2n bi\u1ec7t ng\u01b0\u1eddi v\u00e0 xe), H\u00e0ng r\u00e0o \u1ea3o v\u00e0 ph\u00e1t hi\u1ec7n x\u00e2m nh\u1eadp (IVS)<br \/>\n\u2013 Ch\u1ee9c n\u0103ng Smart Tracking (Lite), Preset Patrol<br \/>\n\u2013 T\u00edch h\u1ee3p micro, \u0111\u00e0m tho\u1ea1i hai chi\u1ec1u, b\u00e1o \u0111\u1ed9ng s\u1ef1 ki\u1ec7n b\u1eb1ng \u0111\u00e8n ch\u1edbp v\u00e0 c\u00f2i h\u00fa (\u00e2m b\u00e1o t\u00f9y ch\u1ec9nh)<br \/>\n\u2013 H\u1ed7 tr\u1ee3 khe c\u1eafm th\u1ebb nh\u1edb 256GB<br \/>\n\u2013 H\u1ed7 tr\u1ee3 t\u00ean mi\u1ec1n mi\u1ec5n ph\u00ed KBVISION.TV v\u00e0 P2P, AutoRegister 2.0<br \/>\n\u2013 Ph\u1ea7n m\u1ec1m s\u1eed d\u1ee5ng: KBVIEW Plus, KBiVMS, KBVMS Lite<br \/>\n\u2013 K\u1ebft n\u1ed1i m\u1ea1ng d\u00e2y RJ45, h\u1ed7 tr\u1ee3 ONVIF<br \/>\n\u2013 Ti\u00eau chu\u1ea9n IP66<br \/>\n\u2013 Ngu\u1ed3n c\u1ea5p: 12 VDC, 1A \u00b1 10% \/ PoE (802.3af)<br \/>\n\u2013 Nhi\u1ec7t \u0111\u1ed9 ho\u1ea1t \u0111\u1ed9ng: \u201330 \u00b0C to +55 \u00b0C<\/p>\n","protected":false},"excerpt":{"rendered":"<p>Th\u00f4ng s\u1ed1 k\u1ef9 thu\u1eadt Camera PoE quay qu\u00e9t 4.0MP KBVISION KX-C4007CPN-PRO \u2013 \u0110\u1ed9 ph\u00e2n gi\u1ea3i 4 Megapixel c\u1ea3m bi\u1ebfn STARVIS\u2122<\/p>\n","protected":false},"featured_media":31873,"comment_status":"open","ping_status":"closed","template":"","meta":[],"product_brand":[176],"product_cat":[92],"product_tag":[],"class_list":{"0":"post-31872","1":"product","2":"type-product","3":"status-publish","4":"has-post-thumbnail","6":"product_brand-kbvision","7":"product_cat-camera-quan-sat","9":"first","10":"instock","11":"shipping-taxable","12":"product-type-simple"},"_links":{"self":[{"href":"https:\/\/108giahoa.com\/index.php?rest_route=\/wp\/v2\/product\/31872","targetHints":{"allow":["GET"]}}],"collection":[{"href":"https:\/\/108giahoa.com\/index.php?rest_route=\/wp\/v2\/product"}],"about":[{"href":"https:\/\/108giahoa.com\/index.php?rest_route=\/wp\/v2\/types\/product"}],"replies":[{"embeddable":true,"href":"https:\/\/108giahoa.com\/index.php?rest_route=%2Fwp%2Fv2%2Fcomments&post=31872"}],"version-history":[{"count":1,"href":"https:\/\/108giahoa.com\/index.php?rest_route=\/wp\/v2\/product\/31872\/revisions"}],"predecessor-version":[{"id":31874,"href":"https:\/\/108giahoa.com\/index.php?rest_route=\/wp\/v2\/product\/31872\/revisions\/31874"}],"wp:featuredmedia":[{"embeddable":true,"href":"https:\/\/108giahoa.com\/index.php?rest_route=\/wp\/v2\/media\/31873"}],"wp:attachment":[{"href":"https:\/\/108giahoa.com\/index.php?rest_route=%2Fwp%2Fv2%2Fmedia&parent=31872"}],"wp:term":[{"taxonomy":"product_brand","embeddable":true,"href":"https:\/\/108giahoa.com\/index.php?rest_route=%2Fwp%2Fv2%2Fproduct_brand&post=31872"},{"taxonomy":"product_cat","embeddable":true,"href":"https:\/\/108giahoa.com\/index.php?rest_route=%2Fwp%2Fv2%2Fproduct_cat&post=31872"},{"taxonomy":"product_tag","embeddable":true,"href":"https:\/\/108giahoa.com\/index.php?rest_route=%2Fwp%2Fv2%2Fproduct_tag&post=31872"}],"curies":[{"name":"wp","href":"https:\/\/api.w.org\/{rel}","templated":true}]}}