{"id":31889,"date":"2026-03-27T03:41:41","date_gmt":"2026-03-27T03:41:41","guid":{"rendered":"https:\/\/108giahoa.com\/?post_type=product&#038;p=31889"},"modified":"2026-03-27T03:41:43","modified_gmt":"2026-03-27T03:41:43","slug":"may-vi-tinh-de-ban-dell-5","status":"publish","type":"product","link":"https:\/\/108giahoa.com\/?product=may-vi-tinh-de-ban-dell-5","title":{"rendered":"M\u00c1Y VI T\u00cdNH \u0110\u1ec2 B\u00c0N DELL"},"content":{"rendered":"<p>&#8211; B\u1ed9 vi x\u1eed l\u00fd: Intel\u00ae Core Ultra <strong>5-225<\/strong> (10 Cores, 20MB Total Cache, 3.3GHz)<br \/>\n&#8211; B\u1ed9 nh\u1edb RAM: <strong>16GB<\/strong><br \/>\n&#8211; \u1ed4 c\u1ee9ng SSD: <strong>512GB<\/strong><br \/>\n&#8211; Card Vga: Intel UHD Graphics<br \/>\n&#8211; K\u1ebft n\u1ed1i: Wifi+ Bluetooth<br \/>\n&#8211; USB KeyBoard (CoPilot AI Hotkey)&amp; Mouse<br \/>\n&#8211; H\u1ec7 \u0111i\u1ec1u h\u00e0nh: Windows 11 Home (b\u1ea3n quy\u1ec1n)<br \/>\n&#8211; M\u00e0n h\u00ecnh m\u00e1y t\u00ednh: DELL 21,5 inch (22&#8243;)<\/p>\n","protected":false},"excerpt":{"rendered":"<p>&#8211; B\u1ed9 vi x\u1eed l\u00fd: Intel\u00ae Core Ultra 5-225 (10 Cores, 20MB Total Cache, 3.3GHz) &#8211; B\u1ed9 nh\u1edb RAM: 16GB<\/p>\n","protected":false},"featured_media":31890,"comment_status":"open","ping_status":"closed","template":"","meta":[],"product_brand":[83],"product_cat":[78],"product_tag":[],"class_list":{"0":"post-31889","1":"product","2":"type-product","3":"status-publish","4":"has-post-thumbnail","6":"product_brand-dell","7":"product_cat-may-vi-tinh-de-ban","9":"first","10":"instock","11":"shipping-taxable","12":"product-type-simple"},"_links":{"self":[{"href":"https:\/\/108giahoa.com\/index.php?rest_route=\/wp\/v2\/product\/31889","targetHints":{"allow":["GET"]}}],"collection":[{"href":"https:\/\/108giahoa.com\/index.php?rest_route=\/wp\/v2\/product"}],"about":[{"href":"https:\/\/108giahoa.com\/index.php?rest_route=\/wp\/v2\/types\/product"}],"replies":[{"embeddable":true,"href":"https:\/\/108giahoa.com\/index.php?rest_route=%2Fwp%2Fv2%2Fcomments&post=31889"}],"version-history":[{"count":1,"href":"https:\/\/108giahoa.com\/index.php?rest_route=\/wp\/v2\/product\/31889\/revisions"}],"predecessor-version":[{"id":31891,"href":"https:\/\/108giahoa.com\/index.php?rest_route=\/wp\/v2\/product\/31889\/revisions\/31891"}],"wp:featuredmedia":[{"embeddable":true,"href":"https:\/\/108giahoa.com\/index.php?rest_route=\/wp\/v2\/media\/31890"}],"wp:attachment":[{"href":"https:\/\/108giahoa.com\/index.php?rest_route=%2Fwp%2Fv2%2Fmedia&parent=31889"}],"wp:term":[{"taxonomy":"product_brand","embeddable":true,"href":"https:\/\/108giahoa.com\/index.php?rest_route=%2Fwp%2Fv2%2Fproduct_brand&post=31889"},{"taxonomy":"product_cat","embeddable":true,"href":"https:\/\/108giahoa.com\/index.php?rest_route=%2Fwp%2Fv2%2Fproduct_cat&post=31889"},{"taxonomy":"product_tag","embeddable":true,"href":"https:\/\/108giahoa.com\/index.php?rest_route=%2Fwp%2Fv2%2Fproduct_tag&post=31889"}],"curies":[{"name":"wp","href":"https:\/\/api.w.org\/{rel}","templated":true}]}}